{"id":743494,"date":"2025-03-03T18:31:28","date_gmt":"2025-03-03T17:31:28","guid":{"rendered":"https:\/\/stoic-curie.212-227-153-4.plesk.page\/producto\/t-top-bijeli-w141-l172-h205\/"},"modified":"2026-02-25T00:01:09","modified_gmt":"2026-02-25T00:01:09","slug":"t-top-bijeli-w141-l172-h205","status":"publish","type":"product","link":"https:\/\/stoic-curie.212-227-153-4.plesk.page\/hr\/product\/t-top-bijeli-w141-l172-h205\/","title":{"rendered":"T-Top bijeli W141 L172 H205"},"content":{"rendered":"<p>T-Top bijeli W141 L172 H205 &#8211; <\/p>\n<p>\u010cvrsta oja\u010dana aluminijska konstrukcija s T-Topom. 100% poliesterska tkanina oblo\u017eena PVC-om.<\/p>\n","protected":false},"excerpt":{"rendered":"<p>T-Top bijeli W141 L172 H205 &#8211; \u010cvrsta oja\u010dana aluminijska konstrukcija s T-Topom. 100% poliesterska tkanina oblo\u017eena PVC-om.<\/p>\n","protected":false},"featured_media":5945261,"comment_status":"open","ping_status":"closed","template":"","meta":[],"product_brand":[3186],"product_cat":[1689,1837],"product_tag":[],"class_list":{"0":"post-743494","1":"product","2":"type-product","3":"status-publish","4":"has-post-thumbnail","6":"product_brand-nettuno-hr","7":"product_cat-bimini-tende","8":"product_cat-roll-bar-pomocni-camci-i-pribor","10":"first","11":"instock","12":"shipping-taxable","13":"purchasable","14":"product-type-simple"},"_links":{"self":[{"href":"https:\/\/stoic-curie.212-227-153-4.plesk.page\/hr\/wp-json\/wp\/v2\/product\/743494","targetHints":{"allow":["GET"]}}],"collection":[{"href":"https:\/\/stoic-curie.212-227-153-4.plesk.page\/hr\/wp-json\/wp\/v2\/product"}],"about":[{"href":"https:\/\/stoic-curie.212-227-153-4.plesk.page\/hr\/wp-json\/wp\/v2\/types\/product"}],"replies":[{"embeddable":true,"href":"https:\/\/stoic-curie.212-227-153-4.plesk.page\/hr\/wp-json\/wp\/v2\/comments?post=743494"}],"version-history":[{"count":0,"href":"https:\/\/stoic-curie.212-227-153-4.plesk.page\/hr\/wp-json\/wp\/v2\/product\/743494\/revisions"}],"wp:featuredmedia":[{"embeddable":true,"href":"https:\/\/stoic-curie.212-227-153-4.plesk.page\/hr\/wp-json\/wp\/v2\/media\/5945261"}],"wp:attachment":[{"href":"https:\/\/stoic-curie.212-227-153-4.plesk.page\/hr\/wp-json\/wp\/v2\/media?parent=743494"}],"wp:term":[{"taxonomy":"product_brand","embeddable":true,"href":"https:\/\/stoic-curie.212-227-153-4.plesk.page\/hr\/wp-json\/wp\/v2\/product_brand?post=743494"},{"taxonomy":"product_cat","embeddable":true,"href":"https:\/\/stoic-curie.212-227-153-4.plesk.page\/hr\/wp-json\/wp\/v2\/product_cat?post=743494"},{"taxonomy":"product_tag","embeddable":true,"href":"https:\/\/stoic-curie.212-227-153-4.plesk.page\/hr\/wp-json\/wp\/v2\/product_tag?post=743494"}],"curies":[{"name":"wp","href":"https:\/\/api.w.org\/{rel}","templated":true}]}}