{"id":743496,"date":"2025-03-03T18:31:29","date_gmt":"2025-03-03T17:31:29","guid":{"rendered":"https:\/\/stoic-curie.212-227-153-4.plesk.page\/producto\/jobe-rastavljivo-sup-veslo-170-210-cm-ugljicna-vlakna\/"},"modified":"2026-02-25T00:01:09","modified_gmt":"2026-02-25T00:01:09","slug":"jobe-rastavljivo-sup-veslo-170-210-cm-ugljicna-vlakna","status":"publish","type":"product","link":"https:\/\/stoic-curie.212-227-153-4.plesk.page\/hr\/product\/jobe-rastavljivo-sup-veslo-170-210-cm-ugljicna-vlakna\/","title":{"rendered":"Jobe rastavljivo Sup veslo 170\/210 cm uglji\u010dna vlakna"},"content":{"rendered":"<p>Jobe rastavljivo Sup veslo 170\/210 cm uglji\u010dna vlakna &#8211; <\/p>\n<p>Raskosna Jobe vesla je idealna za Sup i vodene sportove. Lagano i otporno s oja\u010danim plasti\u010dnim lopaticama i dr\u0161kom u obliku slova T od anodiziranog aluminija ili mje\u0161avine karbona i staklenih vlakana.<\/p>\n","protected":false},"excerpt":{"rendered":"<p>Jobe rastavljivo Sup veslo 170\/210 cm uglji\u010dna vlakna &#8211; Raskosna Jobe vesla je idealna za Sup i vodene sportove. Lagano<\/p>\n","protected":false},"featured_media":5945270,"comment_status":"open","ping_status":"closed","template":"","meta":[],"product_brand":[3041],"product_cat":[1845,1836],"product_tag":[],"class_list":{"0":"post-743496","1":"product","2":"type-product","3":"status-publish","4":"has-post-thumbnail","6":"product_brand-jobe-sports-hr","7":"product_cat-sup-daske","8":"product_cat-vesla","10":"first","11":"instock","12":"shipping-taxable","13":"purchasable","14":"product-type-simple"},"_links":{"self":[{"href":"https:\/\/stoic-curie.212-227-153-4.plesk.page\/hr\/wp-json\/wp\/v2\/product\/743496","targetHints":{"allow":["GET"]}}],"collection":[{"href":"https:\/\/stoic-curie.212-227-153-4.plesk.page\/hr\/wp-json\/wp\/v2\/product"}],"about":[{"href":"https:\/\/stoic-curie.212-227-153-4.plesk.page\/hr\/wp-json\/wp\/v2\/types\/product"}],"replies":[{"embeddable":true,"href":"https:\/\/stoic-curie.212-227-153-4.plesk.page\/hr\/wp-json\/wp\/v2\/comments?post=743496"}],"version-history":[{"count":0,"href":"https:\/\/stoic-curie.212-227-153-4.plesk.page\/hr\/wp-json\/wp\/v2\/product\/743496\/revisions"}],"wp:featuredmedia":[{"embeddable":true,"href":"https:\/\/stoic-curie.212-227-153-4.plesk.page\/hr\/wp-json\/wp\/v2\/media\/5945270"}],"wp:attachment":[{"href":"https:\/\/stoic-curie.212-227-153-4.plesk.page\/hr\/wp-json\/wp\/v2\/media?parent=743496"}],"wp:term":[{"taxonomy":"product_brand","embeddable":true,"href":"https:\/\/stoic-curie.212-227-153-4.plesk.page\/hr\/wp-json\/wp\/v2\/product_brand?post=743496"},{"taxonomy":"product_cat","embeddable":true,"href":"https:\/\/stoic-curie.212-227-153-4.plesk.page\/hr\/wp-json\/wp\/v2\/product_cat?post=743496"},{"taxonomy":"product_tag","embeddable":true,"href":"https:\/\/stoic-curie.212-227-153-4.plesk.page\/hr\/wp-json\/wp\/v2\/product_tag?post=743496"}],"curies":[{"name":"wp","href":"https:\/\/api.w.org\/{rel}","templated":true}]}}