{"id":743497,"date":"2025-03-03T18:31:29","date_gmt":"2025-03-03T17:31:29","guid":{"rendered":"https:\/\/stoic-curie.212-227-153-4.plesk.page\/producto\/drzac-ribickog-stapa-od-nehrdajuceg-celika-s-stezaljkom-za-cijev-38-50-mm-h265-mm-d42-mm\/"},"modified":"2026-02-25T00:01:09","modified_gmt":"2026-02-25T00:01:09","slug":"drzac-ribickog-stapa-od-nehrdajuceg-celika-s-stezaljkom-za-cijev-38-50-mm-h265-mm-d42-mm","status":"publish","type":"product","link":"https:\/\/stoic-curie.212-227-153-4.plesk.page\/hr\/product\/drzac-ribickog-stapa-od-nehrdajuceg-celika-s-stezaljkom-za-cijev-38-50-mm-h265-mm-d42-mm\/","title":{"rendered":"Dr\u017ea\u010d ribi\u010dkog \u0161tapa od nehr\u0111aju\u0107eg \u010delika s stezaljkom za cijev 38-50 mm H265 mm D42 mm"},"content":{"rendered":"<p>Dr\u017ea\u010d ribi\u010dkog \u0161tapa od nehr\u0111aju\u0107eg \u010delika s stezaljkom za cijev 38-50 mm H265 mm D42 mm &#8211; <\/p>\n<p>Podesivi dr\u017ea\u010d \u0161take od nehr\u0111aju\u0107eg \u010delika s unutarnjom PVC za\u0161titnom cijevi.<\/p>\n","protected":false},"excerpt":{"rendered":"<p>Dr\u017ea\u010d ribi\u010dkog \u0161tapa od nehr\u0111aju\u0107eg \u010delika s stezaljkom za cijev 38-50 mm H265 mm D42 mm &#8211; Podesivi dr\u017ea\u010d \u0161take<\/p>\n","protected":false},"featured_media":5945278,"comment_status":"open","ping_status":"closed","template":"","meta":[],"product_brand":[3236],"product_cat":[1680,1843],"product_tag":[],"class_list":{"0":"post-743497","1":"product","2":"type-product","3":"status-publish","4":"has-post-thumbnail","6":"product_brand-osculati-hr","7":"product_cat-drzaci-stapova-za-ribolov","8":"product_cat-oprema-za-ribolov-na-brodu","10":"first","11":"instock","12":"shipping-taxable","13":"purchasable","14":"product-type-simple"},"_links":{"self":[{"href":"https:\/\/stoic-curie.212-227-153-4.plesk.page\/hr\/wp-json\/wp\/v2\/product\/743497","targetHints":{"allow":["GET"]}}],"collection":[{"href":"https:\/\/stoic-curie.212-227-153-4.plesk.page\/hr\/wp-json\/wp\/v2\/product"}],"about":[{"href":"https:\/\/stoic-curie.212-227-153-4.plesk.page\/hr\/wp-json\/wp\/v2\/types\/product"}],"replies":[{"embeddable":true,"href":"https:\/\/stoic-curie.212-227-153-4.plesk.page\/hr\/wp-json\/wp\/v2\/comments?post=743497"}],"version-history":[{"count":0,"href":"https:\/\/stoic-curie.212-227-153-4.plesk.page\/hr\/wp-json\/wp\/v2\/product\/743497\/revisions"}],"wp:featuredmedia":[{"embeddable":true,"href":"https:\/\/stoic-curie.212-227-153-4.plesk.page\/hr\/wp-json\/wp\/v2\/media\/5945278"}],"wp:attachment":[{"href":"https:\/\/stoic-curie.212-227-153-4.plesk.page\/hr\/wp-json\/wp\/v2\/media?parent=743497"}],"wp:term":[{"taxonomy":"product_brand","embeddable":true,"href":"https:\/\/stoic-curie.212-227-153-4.plesk.page\/hr\/wp-json\/wp\/v2\/product_brand?post=743497"},{"taxonomy":"product_cat","embeddable":true,"href":"https:\/\/stoic-curie.212-227-153-4.plesk.page\/hr\/wp-json\/wp\/v2\/product_cat?post=743497"},{"taxonomy":"product_tag","embeddable":true,"href":"https:\/\/stoic-curie.212-227-153-4.plesk.page\/hr\/wp-json\/wp\/v2\/product_tag?post=743497"}],"curies":[{"name":"wp","href":"https:\/\/api.w.org\/{rel}","templated":true}]}}