{"id":743503,"date":"2025-03-03T18:31:31","date_gmt":"2025-03-03T17:31:31","guid":{"rendered":"https:\/\/stoic-curie.212-227-153-4.plesk.page\/producto\/sivo-sjedalo-fishermanr-419-x-457-x-h495-mm\/"},"modified":"2026-02-25T00:01:09","modified_gmt":"2026-02-25T00:01:09","slug":"sivo-sjedalo-fishermanr-419-x-457-x-h495-mm","status":"publish","type":"product","link":"https:\/\/stoic-curie.212-227-153-4.plesk.page\/hr\/product\/sivo-sjedalo-fishermanr-419-x-457-x-h495-mm\/","title":{"rendered":"Sivo sjedalo &#8220;Fishermanr&#8221; 419 x 457 x h495 mm"},"content":{"rendered":"<p>Sivo sjedalo &#8220;Fishermanr&#8221; 419 x 457 x h495 mm &#8211; <\/p>\n<p>Sjedalo koje se preklapa s uklonjivim jastu\u010di\u0107ima od Skay materijala visoke kvalitete za more. Kupa od plasti\u010dne \u0161koljke visoke kvalitete izra\u0111ena tehnologijom injekcijskog oblikovanja. Ergonomi\u010dan i udoban dizajn, idealan za duge ribolovne izlete.<\/p>\n","protected":false},"excerpt":{"rendered":"<p>Sivo sjedalo &#8220;Fishermanr&#8221; 419 x 457 x h495 mm &#8211; Sjedalo koje se preklapa s uklonjivim jastu\u010di\u0107ima od Skay materijala<\/p>\n","protected":false},"featured_media":5945290,"comment_status":"open","ping_status":"closed","template":"","meta":[],"product_brand":[2966],"product_cat":[1678],"product_tag":[],"class_list":{"0":"post-743503","1":"product","2":"type-product","3":"status-publish","4":"has-post-thumbnail","6":"product_brand-garelick-hr","7":"product_cat-brodska-sjedala","9":"first","10":"instock","11":"shipping-taxable","12":"purchasable","13":"product-type-simple"},"_links":{"self":[{"href":"https:\/\/stoic-curie.212-227-153-4.plesk.page\/hr\/wp-json\/wp\/v2\/product\/743503","targetHints":{"allow":["GET"]}}],"collection":[{"href":"https:\/\/stoic-curie.212-227-153-4.plesk.page\/hr\/wp-json\/wp\/v2\/product"}],"about":[{"href":"https:\/\/stoic-curie.212-227-153-4.plesk.page\/hr\/wp-json\/wp\/v2\/types\/product"}],"replies":[{"embeddable":true,"href":"https:\/\/stoic-curie.212-227-153-4.plesk.page\/hr\/wp-json\/wp\/v2\/comments?post=743503"}],"version-history":[{"count":0,"href":"https:\/\/stoic-curie.212-227-153-4.plesk.page\/hr\/wp-json\/wp\/v2\/product\/743503\/revisions"}],"wp:featuredmedia":[{"embeddable":true,"href":"https:\/\/stoic-curie.212-227-153-4.plesk.page\/hr\/wp-json\/wp\/v2\/media\/5945290"}],"wp:attachment":[{"href":"https:\/\/stoic-curie.212-227-153-4.plesk.page\/hr\/wp-json\/wp\/v2\/media?parent=743503"}],"wp:term":[{"taxonomy":"product_brand","embeddable":true,"href":"https:\/\/stoic-curie.212-227-153-4.plesk.page\/hr\/wp-json\/wp\/v2\/product_brand?post=743503"},{"taxonomy":"product_cat","embeddable":true,"href":"https:\/\/stoic-curie.212-227-153-4.plesk.page\/hr\/wp-json\/wp\/v2\/product_cat?post=743503"},{"taxonomy":"product_tag","embeddable":true,"href":"https:\/\/stoic-curie.212-227-153-4.plesk.page\/hr\/wp-json\/wp\/v2\/product_tag?post=743503"}],"curies":[{"name":"wp","href":"https:\/\/api.w.org\/{rel}","templated":true}]}}