{"id":743506,"date":"2025-03-03T18:31:32","date_gmt":"2025-03-03T17:31:32","guid":{"rendered":"https:\/\/stoic-curie.212-227-153-4.plesk.page\/producto\/premium-brodsko-sjedalo-crveno-457x482x603-mm\/"},"modified":"2026-02-25T00:01:09","modified_gmt":"2026-02-25T00:01:09","slug":"premium-brodsko-sjedalo-crveno-457x482x603-mm","status":"publish","type":"product","link":"https:\/\/stoic-curie.212-227-153-4.plesk.page\/hr\/product\/premium-brodsko-sjedalo-crveno-457x482x603-mm\/","title":{"rendered":"Premium brodsko sjedalo crveno 457x482x603 mm"},"content":{"rendered":"<p>Premium brodsko sjedalo crveno 457x482x603 mm &#8211; <\/p>\n<p>Sklopivo tapecirano sjedalo. Otporno morsko kvalitetno Skay pokrivanje. Oja\u010dano plasti\u010dno tijelo i aluminijske \u0161arke otporne na koroziju. Udoban dizajn s mekanim, podstavljenim sjedalom.<\/p>\n","protected":false},"excerpt":{"rendered":"<p>Premium brodsko sjedalo crveno 457x482x603 mm &#8211; Sklopivo tapecirano sjedalo. Otporno morsko kvalitetno Skay pokrivanje. Oja\u010dano plasti\u010dno tijelo i aluminijske<\/p>\n","protected":false},"featured_media":5945298,"comment_status":"open","ping_status":"closed","template":"","meta":[],"product_brand":[2966],"product_cat":[1678],"product_tag":[],"class_list":{"0":"post-743506","1":"product","2":"type-product","3":"status-publish","4":"has-post-thumbnail","6":"product_brand-garelick-hr","7":"product_cat-brodska-sjedala","9":"first","10":"instock","11":"shipping-taxable","12":"purchasable","13":"product-type-simple"},"_links":{"self":[{"href":"https:\/\/stoic-curie.212-227-153-4.plesk.page\/hr\/wp-json\/wp\/v2\/product\/743506","targetHints":{"allow":["GET"]}}],"collection":[{"href":"https:\/\/stoic-curie.212-227-153-4.plesk.page\/hr\/wp-json\/wp\/v2\/product"}],"about":[{"href":"https:\/\/stoic-curie.212-227-153-4.plesk.page\/hr\/wp-json\/wp\/v2\/types\/product"}],"replies":[{"embeddable":true,"href":"https:\/\/stoic-curie.212-227-153-4.plesk.page\/hr\/wp-json\/wp\/v2\/comments?post=743506"}],"version-history":[{"count":0,"href":"https:\/\/stoic-curie.212-227-153-4.plesk.page\/hr\/wp-json\/wp\/v2\/product\/743506\/revisions"}],"wp:featuredmedia":[{"embeddable":true,"href":"https:\/\/stoic-curie.212-227-153-4.plesk.page\/hr\/wp-json\/wp\/v2\/media\/5945298"}],"wp:attachment":[{"href":"https:\/\/stoic-curie.212-227-153-4.plesk.page\/hr\/wp-json\/wp\/v2\/media?parent=743506"}],"wp:term":[{"taxonomy":"product_brand","embeddable":true,"href":"https:\/\/stoic-curie.212-227-153-4.plesk.page\/hr\/wp-json\/wp\/v2\/product_brand?post=743506"},{"taxonomy":"product_cat","embeddable":true,"href":"https:\/\/stoic-curie.212-227-153-4.plesk.page\/hr\/wp-json\/wp\/v2\/product_cat?post=743506"},{"taxonomy":"product_tag","embeddable":true,"href":"https:\/\/stoic-curie.212-227-153-4.plesk.page\/hr\/wp-json\/wp\/v2\/product_tag?post=743506"}],"curies":[{"name":"wp","href":"https:\/\/api.w.org\/{rel}","templated":true}]}}