{"id":743512,"date":"2025-03-03T18:31:34","date_gmt":"2025-03-03T17:31:34","guid":{"rendered":"https:\/\/stoic-curie.212-227-153-4.plesk.page\/producto\/brodski-jastuk-bijeli-1200x300x50-mm\/"},"modified":"2026-02-25T00:01:09","modified_gmt":"2026-02-25T00:01:09","slug":"brodski-jastuk-bijeli-1200x300x50-mm","status":"publish","type":"product","link":"https:\/\/stoic-curie.212-227-153-4.plesk.page\/hr\/product\/brodski-jastuk-bijeli-1200x300x50-mm\/","title":{"rendered":"Brodski jastuk bijeli 1200x300x50 mm"},"content":{"rendered":"<p>Brodski jastuk bijeli 1200x300x50 mm &#8211; <\/p>\n<p>Otporna morska Skay jastu\u010di\u0107 s visoko gusto\u0107om pjene. Dolazi s patentnim zatvara\u010dem i gumbima za zaklju\u010davanje preklopa.<\/p>\n","protected":false},"excerpt":{"rendered":"<p>Brodski jastuk bijeli 1200x300x50 mm &#8211; Otporna morska Skay jastu\u010di\u0107 s visoko gusto\u0107om pjene. Dolazi s patentnim zatvara\u010dem i gumbima<\/p>\n","protected":false},"featured_media":5945307,"comment_status":"open","ping_status":"closed","template":"","meta":[],"product_brand":[2966],"product_cat":[1678,1642],"product_tag":[],"class_list":{"0":"post-743512","1":"product","2":"type-product","3":"status-publish","4":"has-post-thumbnail","6":"product_brand-garelick-hr","7":"product_cat-brodska-sjedala","8":"product_cat-brodske-stolice-i-stolovi","10":"first","11":"instock","12":"shipping-taxable","13":"purchasable","14":"product-type-simple"},"_links":{"self":[{"href":"https:\/\/stoic-curie.212-227-153-4.plesk.page\/hr\/wp-json\/wp\/v2\/product\/743512","targetHints":{"allow":["GET"]}}],"collection":[{"href":"https:\/\/stoic-curie.212-227-153-4.plesk.page\/hr\/wp-json\/wp\/v2\/product"}],"about":[{"href":"https:\/\/stoic-curie.212-227-153-4.plesk.page\/hr\/wp-json\/wp\/v2\/types\/product"}],"replies":[{"embeddable":true,"href":"https:\/\/stoic-curie.212-227-153-4.plesk.page\/hr\/wp-json\/wp\/v2\/comments?post=743512"}],"version-history":[{"count":0,"href":"https:\/\/stoic-curie.212-227-153-4.plesk.page\/hr\/wp-json\/wp\/v2\/product\/743512\/revisions"}],"wp:featuredmedia":[{"embeddable":true,"href":"https:\/\/stoic-curie.212-227-153-4.plesk.page\/hr\/wp-json\/wp\/v2\/media\/5945307"}],"wp:attachment":[{"href":"https:\/\/stoic-curie.212-227-153-4.plesk.page\/hr\/wp-json\/wp\/v2\/media?parent=743512"}],"wp:term":[{"taxonomy":"product_brand","embeddable":true,"href":"https:\/\/stoic-curie.212-227-153-4.plesk.page\/hr\/wp-json\/wp\/v2\/product_brand?post=743512"},{"taxonomy":"product_cat","embeddable":true,"href":"https:\/\/stoic-curie.212-227-153-4.plesk.page\/hr\/wp-json\/wp\/v2\/product_cat?post=743512"},{"taxonomy":"product_tag","embeddable":true,"href":"https:\/\/stoic-curie.212-227-153-4.plesk.page\/hr\/wp-json\/wp\/v2\/product_tag?post=743512"}],"curies":[{"name":"wp","href":"https:\/\/api.w.org\/{rel}","templated":true}]}}