{"id":743516,"date":"2025-03-03T18:31:35","date_gmt":"2025-03-03T17:31:35","guid":{"rendered":"https:\/\/stoic-curie.212-227-153-4.plesk.page\/producto\/sklopivi-stolovi-forma-marathon-m400h-88x44-cm-h70-cm\/"},"modified":"2026-02-25T00:01:09","modified_gmt":"2026-02-25T00:01:09","slug":"sklopivi-stolovi-forma-marathon-m400h-88x44-cm-h70-cm","status":"publish","type":"product","link":"https:\/\/stoic-curie.212-227-153-4.plesk.page\/hr\/product\/sklopivi-stolovi-forma-marathon-m400h-88x44-cm-h70-cm\/","title":{"rendered":"Sklopivi stolovi Forma Marathon M400h 88&#215;44 cm H70 cm"},"content":{"rendered":"<p>Sklopivi stolovi Forma Marathon M400h 88&#215;44 cm H70 cm &#8211; <\/p>\n<p>Elegantni sklopivi stolovi Marathon M200 &#8211; M400 &#8211; M400H &#8211; M600. Savr\u0161eno zavr\u0161ena \u010dvrsta konstrukcija od anodiziranog aluminija. Visokokvalitetna melaminska plo\u010da otporna na vlagu i UV zrake. Oja\u010dani rubovi od anodiziranog aluminija. Hardver od nehr\u0111aju\u0107eg \u010delika. M600 stol mo\u017ee se postaviti na dvije visine: 56 i 73 cm.<\/p>\n","protected":false},"excerpt":{"rendered":"<p>Sklopivi stolovi Forma Marathon M400h 88&#215;44 cm H70 cm &#8211; Elegantni sklopivi stolovi Marathon M200 &#8211; M400 &#8211; M400H &#8211;<\/p>\n","protected":false},"featured_media":5945320,"comment_status":"open","ping_status":"closed","template":"","meta":[],"product_brand":[2951],"product_cat":[1642],"product_tag":[],"class_list":{"0":"post-743516","1":"product","2":"type-product","3":"status-publish","4":"has-post-thumbnail","6":"product_brand-forma-hr","7":"product_cat-brodske-stolice-i-stolovi","9":"first","10":"instock","11":"shipping-taxable","12":"purchasable","13":"product-type-simple"},"_links":{"self":[{"href":"https:\/\/stoic-curie.212-227-153-4.plesk.page\/hr\/wp-json\/wp\/v2\/product\/743516","targetHints":{"allow":["GET"]}}],"collection":[{"href":"https:\/\/stoic-curie.212-227-153-4.plesk.page\/hr\/wp-json\/wp\/v2\/product"}],"about":[{"href":"https:\/\/stoic-curie.212-227-153-4.plesk.page\/hr\/wp-json\/wp\/v2\/types\/product"}],"replies":[{"embeddable":true,"href":"https:\/\/stoic-curie.212-227-153-4.plesk.page\/hr\/wp-json\/wp\/v2\/comments?post=743516"}],"version-history":[{"count":0,"href":"https:\/\/stoic-curie.212-227-153-4.plesk.page\/hr\/wp-json\/wp\/v2\/product\/743516\/revisions"}],"wp:featuredmedia":[{"embeddable":true,"href":"https:\/\/stoic-curie.212-227-153-4.plesk.page\/hr\/wp-json\/wp\/v2\/media\/5945320"}],"wp:attachment":[{"href":"https:\/\/stoic-curie.212-227-153-4.plesk.page\/hr\/wp-json\/wp\/v2\/media?parent=743516"}],"wp:term":[{"taxonomy":"product_brand","embeddable":true,"href":"https:\/\/stoic-curie.212-227-153-4.plesk.page\/hr\/wp-json\/wp\/v2\/product_brand?post=743516"},{"taxonomy":"product_cat","embeddable":true,"href":"https:\/\/stoic-curie.212-227-153-4.plesk.page\/hr\/wp-json\/wp\/v2\/product_cat?post=743516"},{"taxonomy":"product_tag","embeddable":true,"href":"https:\/\/stoic-curie.212-227-153-4.plesk.page\/hr\/wp-json\/wp\/v2\/product_tag?post=743516"}],"curies":[{"name":"wp","href":"https:\/\/api.w.org\/{rel}","templated":true}]}}