{"id":743522,"date":"2025-03-03T18:31:37","date_gmt":"2025-03-03T17:31:37","guid":{"rendered":"https:\/\/stoic-curie.212-227-153-4.plesk.page\/producto\/ovalnio-okno-od-nehrdajuceg-celika-127x400mm\/"},"modified":"2026-02-25T00:01:09","modified_gmt":"2026-02-25T00:01:09","slug":"ovalnio-okno-od-nehrdajuceg-celika-127x400mm","status":"publish","type":"product","link":"https:\/\/stoic-curie.212-227-153-4.plesk.page\/hr\/product\/ovalnio-okno-od-nehrdajuceg-celika-127x400mm\/","title":{"rendered":"Ovalnio okno od nehr\u0111aju\u0107eg \u010delika 127x400mm"},"content":{"rendered":"<p>Ovalnio okno od nehr\u0111aju\u0107eg \u010delika 127x400mm &#8211; <\/p>\n<p>Fiksni ovalni prozor od akrilnog stakla i okvira od nehr\u0111aju\u0107eg \u010delika koji se ne mo\u017ee otvoriti.<\/p>\n","protected":false},"excerpt":{"rendered":"<p>Ovalnio okno od nehr\u0111aju\u0107eg \u010delika 127x400mm &#8211; Fiksni ovalni prozor od akrilnog stakla i okvira od nehr\u0111aju\u0107eg \u010delika koji se<\/p>\n","protected":false},"featured_media":5945322,"comment_status":"open","ping_status":"closed","template":"","meta":[],"product_brand":[3166],"product_cat":[1697,1702],"product_tag":[],"class_list":{"0":"post-743522","1":"product","2":"type-product","3":"status-publish","4":"has-post-thumbnail","6":"product_brand-nautica-f4-hr","7":"product_cat-brodska-okna","8":"product_cat-brodske-grotlasca-i-otvori","10":"first","11":"instock","12":"shipping-taxable","13":"purchasable","14":"product-type-simple"},"_links":{"self":[{"href":"https:\/\/stoic-curie.212-227-153-4.plesk.page\/hr\/wp-json\/wp\/v2\/product\/743522","targetHints":{"allow":["GET"]}}],"collection":[{"href":"https:\/\/stoic-curie.212-227-153-4.plesk.page\/hr\/wp-json\/wp\/v2\/product"}],"about":[{"href":"https:\/\/stoic-curie.212-227-153-4.plesk.page\/hr\/wp-json\/wp\/v2\/types\/product"}],"replies":[{"embeddable":true,"href":"https:\/\/stoic-curie.212-227-153-4.plesk.page\/hr\/wp-json\/wp\/v2\/comments?post=743522"}],"version-history":[{"count":0,"href":"https:\/\/stoic-curie.212-227-153-4.plesk.page\/hr\/wp-json\/wp\/v2\/product\/743522\/revisions"}],"wp:featuredmedia":[{"embeddable":true,"href":"https:\/\/stoic-curie.212-227-153-4.plesk.page\/hr\/wp-json\/wp\/v2\/media\/5945322"}],"wp:attachment":[{"href":"https:\/\/stoic-curie.212-227-153-4.plesk.page\/hr\/wp-json\/wp\/v2\/media?parent=743522"}],"wp:term":[{"taxonomy":"product_brand","embeddable":true,"href":"https:\/\/stoic-curie.212-227-153-4.plesk.page\/hr\/wp-json\/wp\/v2\/product_brand?post=743522"},{"taxonomy":"product_cat","embeddable":true,"href":"https:\/\/stoic-curie.212-227-153-4.plesk.page\/hr\/wp-json\/wp\/v2\/product_cat?post=743522"},{"taxonomy":"product_tag","embeddable":true,"href":"https:\/\/stoic-curie.212-227-153-4.plesk.page\/hr\/wp-json\/wp\/v2\/product_tag?post=743522"}],"curies":[{"name":"wp","href":"https:\/\/api.w.org\/{rel}","templated":true}]}}