{"id":743539,"date":"2025-03-03T18:34:55","date_gmt":"2025-03-03T17:34:55","guid":{"rendered":"https:\/\/stoic-curie.212-227-153-4.plesk.page\/producto\/palubni-prozor-saralon-jba-520-x-385-mm\/"},"modified":"2026-02-25T00:01:09","modified_gmt":"2026-02-25T00:01:09","slug":"palubni-prozor-saralon-jba-520-x-385-mm","status":"publish","type":"product","link":"https:\/\/stoic-curie.212-227-153-4.plesk.page\/hr\/product\/palubni-prozor-saralon-jba-520-x-385-mm\/","title":{"rendered":"Palubni prozor Saralon JBA 520 x 385 mm"},"content":{"rendered":"<p>Palubni prozor Saralon JBA 520 x 385 mm &#8211; <\/p>\n<p>Vrhunska ventilacijska rupa od Saralon poliesteri\u0161ke smole otporna na vremenske uvjete, udarce, otapala i UV zra\u010denje, gotovo neuni\u0161tiva. Stakleni le\u0107a otpornog na udarce i ogrebotine koja omogu\u0107ava savr\u0161enu jasno\u0107u. Obru\u010d za obrub uklju\u010den. Visina na palubi 28 mm. CE odobreni podru\u010dja: II.<\/p>\n","protected":false},"excerpt":{"rendered":"<p>Palubni prozor Saralon JBA 520 x 385 mm &#8211; Vrhunska ventilacijska rupa od Saralon poliesteri\u0161ke smole otporna na vremenske uvjete,<\/p>\n","protected":false},"featured_media":5937016,"comment_status":"open","ping_status":"closed","template":"","meta":[],"product_brand":[3036],"product_cat":[1702],"product_tag":[],"class_list":{"0":"post-743539","1":"product","2":"type-product","3":"status-publish","4":"has-post-thumbnail","6":"product_brand-jba-marine-hr","7":"product_cat-brodske-grotlasca-i-otvori","9":"first","10":"instock","11":"shipping-taxable","12":"purchasable","13":"product-type-simple"},"_links":{"self":[{"href":"https:\/\/stoic-curie.212-227-153-4.plesk.page\/hr\/wp-json\/wp\/v2\/product\/743539","targetHints":{"allow":["GET"]}}],"collection":[{"href":"https:\/\/stoic-curie.212-227-153-4.plesk.page\/hr\/wp-json\/wp\/v2\/product"}],"about":[{"href":"https:\/\/stoic-curie.212-227-153-4.plesk.page\/hr\/wp-json\/wp\/v2\/types\/product"}],"replies":[{"embeddable":true,"href":"https:\/\/stoic-curie.212-227-153-4.plesk.page\/hr\/wp-json\/wp\/v2\/comments?post=743539"}],"version-history":[{"count":0,"href":"https:\/\/stoic-curie.212-227-153-4.plesk.page\/hr\/wp-json\/wp\/v2\/product\/743539\/revisions"}],"wp:featuredmedia":[{"embeddable":true,"href":"https:\/\/stoic-curie.212-227-153-4.plesk.page\/hr\/wp-json\/wp\/v2\/media\/5937016"}],"wp:attachment":[{"href":"https:\/\/stoic-curie.212-227-153-4.plesk.page\/hr\/wp-json\/wp\/v2\/media?parent=743539"}],"wp:term":[{"taxonomy":"product_brand","embeddable":true,"href":"https:\/\/stoic-curie.212-227-153-4.plesk.page\/hr\/wp-json\/wp\/v2\/product_brand?post=743539"},{"taxonomy":"product_cat","embeddable":true,"href":"https:\/\/stoic-curie.212-227-153-4.plesk.page\/hr\/wp-json\/wp\/v2\/product_cat?post=743539"},{"taxonomy":"product_tag","embeddable":true,"href":"https:\/\/stoic-curie.212-227-153-4.plesk.page\/hr\/wp-json\/wp\/v2\/product_tag?post=743539"}],"curies":[{"name":"wp","href":"https:\/\/api.w.org\/{rel}","templated":true}]}}