{"id":743541,"date":"2025-03-03T18:34:56","date_gmt":"2025-03-03T17:34:56","guid":{"rendered":"https:\/\/stoic-curie.212-227-153-4.plesk.page\/producto\/armflex-neoprenski-brtveni-profil-9-mm-na-vrhu-15-mt\/"},"modified":"2026-02-25T00:01:09","modified_gmt":"2026-02-25T00:01:09","slug":"armflex-neoprenski-brtveni-profil-9-mm-na-vrhu-15-mt","status":"publish","type":"product","link":"https:\/\/stoic-curie.212-227-153-4.plesk.page\/hr\/product\/armflex-neoprenski-brtveni-profil-9-mm-na-vrhu-15-mt\/","title":{"rendered":"Armflex neoprenski brtveni profil (9 mm na vrhu) 15 mt"},"content":{"rendered":"<p>Armflex neoprenski brtveni profil (9 mm na vrhu) 15 mt &#8211; <\/p>\n<p>Vodonepropusna Trim-Lok brtva za vrata, poklopce i brave. Sastoji se od ekspanzivnog EPDM gumenog prstena ekstrudiranog na PVC profil. Lako se montira zahvaljuju\u0107i strukturi sa segmentiranim aluminijskim jezgrom koje se prilago\u0111ava obliku ruba koji treba pokriti. Zatvornu lisnicu osigurava savr\u0161eno brtvljenje \u010dak i bez ljepila. Pakiranje od 15 metara.<\/p>\n","protected":false},"excerpt":{"rendered":"<p>Armflex neoprenski brtveni profil (9 mm na vrhu) 15 mt &#8211; Vodonepropusna Trim-Lok brtva za vrata, poklopce i brave. Sastoji<\/p>\n","protected":false},"featured_media":5940176,"comment_status":"open","ping_status":"closed","template":"","meta":[],"product_brand":[3481],"product_cat":[1702],"product_tag":[],"class_list":{"0":"post-743541","1":"product","2":"type-product","3":"status-publish","4":"has-post-thumbnail","6":"product_brand-tessilmare-hr","7":"product_cat-brodske-grotlasca-i-otvori","9":"first","10":"instock","11":"shipping-taxable","12":"purchasable","13":"product-type-simple"},"_links":{"self":[{"href":"https:\/\/stoic-curie.212-227-153-4.plesk.page\/hr\/wp-json\/wp\/v2\/product\/743541","targetHints":{"allow":["GET"]}}],"collection":[{"href":"https:\/\/stoic-curie.212-227-153-4.plesk.page\/hr\/wp-json\/wp\/v2\/product"}],"about":[{"href":"https:\/\/stoic-curie.212-227-153-4.plesk.page\/hr\/wp-json\/wp\/v2\/types\/product"}],"replies":[{"embeddable":true,"href":"https:\/\/stoic-curie.212-227-153-4.plesk.page\/hr\/wp-json\/wp\/v2\/comments?post=743541"}],"version-history":[{"count":0,"href":"https:\/\/stoic-curie.212-227-153-4.plesk.page\/hr\/wp-json\/wp\/v2\/product\/743541\/revisions"}],"wp:featuredmedia":[{"embeddable":true,"href":"https:\/\/stoic-curie.212-227-153-4.plesk.page\/hr\/wp-json\/wp\/v2\/media\/5940176"}],"wp:attachment":[{"href":"https:\/\/stoic-curie.212-227-153-4.plesk.page\/hr\/wp-json\/wp\/v2\/media?parent=743541"}],"wp:term":[{"taxonomy":"product_brand","embeddable":true,"href":"https:\/\/stoic-curie.212-227-153-4.plesk.page\/hr\/wp-json\/wp\/v2\/product_brand?post=743541"},{"taxonomy":"product_cat","embeddable":true,"href":"https:\/\/stoic-curie.212-227-153-4.plesk.page\/hr\/wp-json\/wp\/v2\/product_cat?post=743541"},{"taxonomy":"product_tag","embeddable":true,"href":"https:\/\/stoic-curie.212-227-153-4.plesk.page\/hr\/wp-json\/wp\/v2\/product_tag?post=743541"}],"curies":[{"name":"wp","href":"https:\/\/api.w.org\/{rel}","templated":true}]}}