{"id":743543,"date":"2025-03-03T18:34:57","date_gmt":"2025-03-03T17:34:57","guid":{"rendered":"https:\/\/stoic-curie.212-227-153-4.plesk.page\/producto\/brtva-za-brtvljenje-profila-4-6-5x4-65-mm-15-mts\/"},"modified":"2026-02-25T00:01:09","modified_gmt":"2026-02-25T00:01:09","slug":"brtva-za-brtvljenje-profila-4-6-5x4-65-mm-15-mts","status":"publish","type":"product","link":"https:\/\/stoic-curie.212-227-153-4.plesk.page\/hr\/product\/brtva-za-brtvljenje-profila-4-6-5x4-65-mm-15-mts\/","title":{"rendered":"Brtva za brtvljenje profila 4\/6, 5X4 \/ 6,5 mm-15 mts"},"content":{"rendered":"<p>Brtva za brtvljenje profila 4\/6, 5X4 \/ 6,5 mm-15 mts &#8211; <\/p>\n<p>Vodootporni Trim-Lok brtveni profil za monta\u017eu i fiksiranje staklenih ili pleksiglasse plo\u010da na otvorima pregrade. Lako se montira zahvaljuju\u0107i pro\u0161irenoj strukturi EPDM gume koja se savr\u0161eno prilago\u0111ava obliku ruba. Nakon umetanja, profil zaklju\u010davanja stvara potrebni pritisak za u\u010dvr\u0161\u0107ivanje stakla na mjestu. Pakiranje: 15 metara.<\/p>\n","protected":false},"excerpt":{"rendered":"<p>Brtva za brtvljenje profila 4\/6, 5X4 \/ 6,5 mm-15 mts &#8211; Vodootporni Trim-Lok brtveni profil za monta\u017eu i fiksiranje staklenih<\/p>\n","protected":false},"featured_media":5944421,"comment_status":"open","ping_status":"closed","template":"","meta":[],"product_brand":[3481],"product_cat":[1702],"product_tag":[],"class_list":{"0":"post-743543","1":"product","2":"type-product","3":"status-publish","4":"has-post-thumbnail","6":"product_brand-tessilmare-hr","7":"product_cat-brodske-grotlasca-i-otvori","9":"first","10":"instock","11":"shipping-taxable","12":"purchasable","13":"product-type-simple"},"_links":{"self":[{"href":"https:\/\/stoic-curie.212-227-153-4.plesk.page\/hr\/wp-json\/wp\/v2\/product\/743543","targetHints":{"allow":["GET"]}}],"collection":[{"href":"https:\/\/stoic-curie.212-227-153-4.plesk.page\/hr\/wp-json\/wp\/v2\/product"}],"about":[{"href":"https:\/\/stoic-curie.212-227-153-4.plesk.page\/hr\/wp-json\/wp\/v2\/types\/product"}],"replies":[{"embeddable":true,"href":"https:\/\/stoic-curie.212-227-153-4.plesk.page\/hr\/wp-json\/wp\/v2\/comments?post=743543"}],"version-history":[{"count":0,"href":"https:\/\/stoic-curie.212-227-153-4.plesk.page\/hr\/wp-json\/wp\/v2\/product\/743543\/revisions"}],"wp:featuredmedia":[{"embeddable":true,"href":"https:\/\/stoic-curie.212-227-153-4.plesk.page\/hr\/wp-json\/wp\/v2\/media\/5944421"}],"wp:attachment":[{"href":"https:\/\/stoic-curie.212-227-153-4.plesk.page\/hr\/wp-json\/wp\/v2\/media?parent=743543"}],"wp:term":[{"taxonomy":"product_brand","embeddable":true,"href":"https:\/\/stoic-curie.212-227-153-4.plesk.page\/hr\/wp-json\/wp\/v2\/product_brand?post=743543"},{"taxonomy":"product_cat","embeddable":true,"href":"https:\/\/stoic-curie.212-227-153-4.plesk.page\/hr\/wp-json\/wp\/v2\/product_cat?post=743543"},{"taxonomy":"product_tag","embeddable":true,"href":"https:\/\/stoic-curie.212-227-153-4.plesk.page\/hr\/wp-json\/wp\/v2\/product_tag?post=743543"}],"curies":[{"name":"wp","href":"https:\/\/api.w.org\/{rel}","templated":true}]}}