{"id":743544,"date":"2025-03-03T18:34:57","date_gmt":"2025-03-03T17:34:57","guid":{"rendered":"https:\/\/stoic-curie.212-227-153-4.plesk.page\/producto\/saralon-poklopci-407-x-458mm\/"},"modified":"2026-02-25T00:01:09","modified_gmt":"2026-02-25T00:01:09","slug":"saralon-poklopci-407-x-458mm","status":"publish","type":"product","link":"https:\/\/stoic-curie.212-227-153-4.plesk.page\/hr\/product\/saralon-poklopci-407-x-458mm\/","title":{"rendered":"Saralon poklopci 407 x 458mm"},"content":{"rendered":"<p>Saralon poklopci 407 x 458mm &#8211; <\/p>\n<p>Skoro neuni\u0161tiv Saralon polipropilenski poklopac. Predvidivo, otporno na udarce i nije podlo\u017eno UV zracima, otapalima i gorivima. Otvor na 180 \u00b0 s nehr\u0111aju\u0107im \u010deli\u010dnim \u0161arkama. Ugra\u0111ena brtva osigurava savr\u0161eno vodonepropusno brtvljenje. Monta\u017ea na palubu ili pregradu. CE certifikat.<\/p>\n","protected":false},"excerpt":{"rendered":"<p>Saralon poklopci 407 x 458mm &#8211; Skoro neuni\u0161tiv Saralon polipropilenski poklopac. Predvidivo, otporno na udarce i nije podlo\u017eno UV zracima,<\/p>\n","protected":false},"featured_media":5940198,"comment_status":"open","ping_status":"closed","template":"","meta":[],"product_brand":[3036],"product_cat":[1695],"product_tag":[],"class_list":{"0":"post-743544","1":"product","2":"type-product","3":"status-publish","4":"has-post-thumbnail","6":"product_brand-jba-marine-hr","7":"product_cat-brodski-plasticni-otvori","9":"first","10":"instock","11":"shipping-taxable","12":"purchasable","13":"product-type-simple"},"_links":{"self":[{"href":"https:\/\/stoic-curie.212-227-153-4.plesk.page\/hr\/wp-json\/wp\/v2\/product\/743544","targetHints":{"allow":["GET"]}}],"collection":[{"href":"https:\/\/stoic-curie.212-227-153-4.plesk.page\/hr\/wp-json\/wp\/v2\/product"}],"about":[{"href":"https:\/\/stoic-curie.212-227-153-4.plesk.page\/hr\/wp-json\/wp\/v2\/types\/product"}],"replies":[{"embeddable":true,"href":"https:\/\/stoic-curie.212-227-153-4.plesk.page\/hr\/wp-json\/wp\/v2\/comments?post=743544"}],"version-history":[{"count":0,"href":"https:\/\/stoic-curie.212-227-153-4.plesk.page\/hr\/wp-json\/wp\/v2\/product\/743544\/revisions"}],"wp:featuredmedia":[{"embeddable":true,"href":"https:\/\/stoic-curie.212-227-153-4.plesk.page\/hr\/wp-json\/wp\/v2\/media\/5940198"}],"wp:attachment":[{"href":"https:\/\/stoic-curie.212-227-153-4.plesk.page\/hr\/wp-json\/wp\/v2\/media?parent=743544"}],"wp:term":[{"taxonomy":"product_brand","embeddable":true,"href":"https:\/\/stoic-curie.212-227-153-4.plesk.page\/hr\/wp-json\/wp\/v2\/product_brand?post=743544"},{"taxonomy":"product_cat","embeddable":true,"href":"https:\/\/stoic-curie.212-227-153-4.plesk.page\/hr\/wp-json\/wp\/v2\/product_cat?post=743544"},{"taxonomy":"product_tag","embeddable":true,"href":"https:\/\/stoic-curie.212-227-153-4.plesk.page\/hr\/wp-json\/wp\/v2\/product_tag?post=743544"}],"curies":[{"name":"wp","href":"https:\/\/api.w.org\/{rel}","templated":true}]}}