{"id":743545,"date":"2025-03-03T18:34:57","date_gmt":"2025-03-03T17:34:57","guid":{"rendered":"https:\/\/stoic-curie.212-227-153-4.plesk.page\/producto\/saralon-poklopci-331-x-585-mm\/"},"modified":"2026-02-25T00:01:09","modified_gmt":"2026-02-25T00:01:09","slug":"saralon-poklopci-331-x-585-mm","status":"publish","type":"product","link":"https:\/\/stoic-curie.212-227-153-4.plesk.page\/hr\/product\/saralon-poklopci-331-x-585-mm\/","title":{"rendered":"Saralon poklopci 331 x 585 mm"},"content":{"rendered":"<p>Saralon poklopci 331 x 585 mm &#8211; <\/p>\n<p>Gotovo neuni\u0161tiva vrata od Saralon polipropilena. Hodljiv, otporan na udarce, neosjetljiv na UV zrake, otapala i goriva. Otvaranje od 180\u00b0 s nehr\u0111aju\u0107im \u010delicima. Ugra\u0111ena brtva osigurava savr\u0161eno vodonepropusno brtvljenje. Monta\u017ea na palubi ili pregradi. CE certifikat.<\/p>\n","protected":false},"excerpt":{"rendered":"<p>Saralon poklopci 331 x 585 mm &#8211; Gotovo neuni\u0161tiva vrata od Saralon polipropilena. Hodljiv, otporan na udarce, neosjetljiv na UV<\/p>\n","protected":false},"featured_media":5945338,"comment_status":"open","ping_status":"closed","template":"","meta":[],"product_brand":[3036],"product_cat":[1695],"product_tag":[],"class_list":{"0":"post-743545","1":"product","2":"type-product","3":"status-publish","4":"has-post-thumbnail","6":"product_brand-jba-marine-hr","7":"product_cat-brodski-plasticni-otvori","9":"first","10":"instock","11":"shipping-taxable","12":"purchasable","13":"product-type-simple"},"_links":{"self":[{"href":"https:\/\/stoic-curie.212-227-153-4.plesk.page\/hr\/wp-json\/wp\/v2\/product\/743545","targetHints":{"allow":["GET"]}}],"collection":[{"href":"https:\/\/stoic-curie.212-227-153-4.plesk.page\/hr\/wp-json\/wp\/v2\/product"}],"about":[{"href":"https:\/\/stoic-curie.212-227-153-4.plesk.page\/hr\/wp-json\/wp\/v2\/types\/product"}],"replies":[{"embeddable":true,"href":"https:\/\/stoic-curie.212-227-153-4.plesk.page\/hr\/wp-json\/wp\/v2\/comments?post=743545"}],"version-history":[{"count":0,"href":"https:\/\/stoic-curie.212-227-153-4.plesk.page\/hr\/wp-json\/wp\/v2\/product\/743545\/revisions"}],"wp:featuredmedia":[{"embeddable":true,"href":"https:\/\/stoic-curie.212-227-153-4.plesk.page\/hr\/wp-json\/wp\/v2\/media\/5945338"}],"wp:attachment":[{"href":"https:\/\/stoic-curie.212-227-153-4.plesk.page\/hr\/wp-json\/wp\/v2\/media?parent=743545"}],"wp:term":[{"taxonomy":"product_brand","embeddable":true,"href":"https:\/\/stoic-curie.212-227-153-4.plesk.page\/hr\/wp-json\/wp\/v2\/product_brand?post=743545"},{"taxonomy":"product_cat","embeddable":true,"href":"https:\/\/stoic-curie.212-227-153-4.plesk.page\/hr\/wp-json\/wp\/v2\/product_cat?post=743545"},{"taxonomy":"product_tag","embeddable":true,"href":"https:\/\/stoic-curie.212-227-153-4.plesk.page\/hr\/wp-json\/wp\/v2\/product_tag?post=743545"}],"curies":[{"name":"wp","href":"https:\/\/api.w.org\/{rel}","templated":true}]}}