{"id":743554,"date":"2025-03-03T18:35:00","date_gmt":"2025-03-03T17:35:00","guid":{"rendered":"https:\/\/stoic-curie.212-227-153-4.plesk.page\/producto\/kombinirana-kuhinjska-ploca-od-nehrdajuceg-celika-s-sudoperom-lijeva-ruka-530-x-340-x-150-mm-1-plamenik\/"},"modified":"2026-02-25T00:01:09","modified_gmt":"2026-02-25T00:01:09","slug":"kombinirana-kuhinjska-ploca-od-nehrdajuceg-celika-s-sudoperom-lijeva-ruka-530-x-340-x-150-mm-1-plamenik","status":"publish","type":"product","link":"https:\/\/stoic-curie.212-227-153-4.plesk.page\/hr\/product\/kombinirana-kuhinjska-ploca-od-nehrdajuceg-celika-s-sudoperom-lijeva-ruka-530-x-340-x-150-mm-1-plamenik\/","title":{"rendered":"Kombinirana kuhinjska plo\u010da od nehr\u0111aju\u0107eg \u010delika s sudoperom (lijeva ruka) 530 x 340 x 150 mm (1 plamenik)"},"content":{"rendered":"<p>Kombinirana kuhinjska plo\u010da od nehr\u0111aju\u0107eg \u010delika s sudoperom (lijeva ruka) 530 x 340 x 150 mm (1 plamenik) &#8211; <\/p>\n<p>1 plamenik s plo\u010dom od tamnog kaljenog stakla i inox koritom. Potpuno opremljen sa termoelementima i piezoelektri\u010dnim paljenjem. Za dovr\u0161iti s velikim odvodom i slavinom.<\/p>\n","protected":false},"excerpt":{"rendered":"<p>Kombinirana kuhinjska plo\u010da od nehr\u0111aju\u0107eg \u010delika s sudoperom (lijeva ruka) 530 x 340 x 150 mm (1 plamenik) &#8211; 1<\/p>\n","protected":false},"featured_media":5945345,"comment_status":"open","ping_status":"closed","template":"","meta":[],"product_brand":[2856],"product_cat":[1641,1663],"product_tag":[],"class_list":{"0":"post-743554","1":"product","2":"type-product","3":"status-publish","4":"has-post-thumbnail","6":"product_brand-can-marine-hr","7":"product_cat-brodski-stednjaci","8":"product_cat-sudoperi-u-kuhinji","10":"first","11":"outofstock","12":"shipping-taxable","13":"purchasable","14":"product-type-simple"},"_links":{"self":[{"href":"https:\/\/stoic-curie.212-227-153-4.plesk.page\/hr\/wp-json\/wp\/v2\/product\/743554","targetHints":{"allow":["GET"]}}],"collection":[{"href":"https:\/\/stoic-curie.212-227-153-4.plesk.page\/hr\/wp-json\/wp\/v2\/product"}],"about":[{"href":"https:\/\/stoic-curie.212-227-153-4.plesk.page\/hr\/wp-json\/wp\/v2\/types\/product"}],"replies":[{"embeddable":true,"href":"https:\/\/stoic-curie.212-227-153-4.plesk.page\/hr\/wp-json\/wp\/v2\/comments?post=743554"}],"version-history":[{"count":0,"href":"https:\/\/stoic-curie.212-227-153-4.plesk.page\/hr\/wp-json\/wp\/v2\/product\/743554\/revisions"}],"wp:featuredmedia":[{"embeddable":true,"href":"https:\/\/stoic-curie.212-227-153-4.plesk.page\/hr\/wp-json\/wp\/v2\/media\/5945345"}],"wp:attachment":[{"href":"https:\/\/stoic-curie.212-227-153-4.plesk.page\/hr\/wp-json\/wp\/v2\/media?parent=743554"}],"wp:term":[{"taxonomy":"product_brand","embeddable":true,"href":"https:\/\/stoic-curie.212-227-153-4.plesk.page\/hr\/wp-json\/wp\/v2\/product_brand?post=743554"},{"taxonomy":"product_cat","embeddable":true,"href":"https:\/\/stoic-curie.212-227-153-4.plesk.page\/hr\/wp-json\/wp\/v2\/product_cat?post=743554"},{"taxonomy":"product_tag","embeddable":true,"href":"https:\/\/stoic-curie.212-227-153-4.plesk.page\/hr\/wp-json\/wp\/v2\/product_tag?post=743554"}],"curies":[{"name":"wp","href":"https:\/\/api.w.org\/{rel}","templated":true}]}}