{"id":743555,"date":"2025-03-03T18:35:00","date_gmt":"2025-03-03T17:35:00","guid":{"rendered":"https:\/\/stoic-curie.212-227-153-4.plesk.page\/producto\/plinski-stednjak-od-nehrdajuceg-celika-s-pecnicom-can-3-plamenika\/"},"modified":"2026-02-25T00:01:09","modified_gmt":"2026-02-25T00:01:09","slug":"plinski-stednjak-od-nehrdajuceg-celika-s-pecnicom-can-3-plamenika","status":"publish","type":"product","link":"https:\/\/stoic-curie.212-227-153-4.plesk.page\/hr\/product\/plinski-stednjak-od-nehrdajuceg-celika-s-pecnicom-can-3-plamenika\/","title":{"rendered":"Plinski \u0161tednjak od nehr\u0111aju\u0107eg \u010delika s pe\u010dnicom Can 3-plamenika"},"content":{"rendered":"<p>Plinski \u0161tednjak od nehr\u0111aju\u0107eg \u010delika s pe\u010dnicom Can 3-plamenika &#8211; <\/p>\n<p style=\"color: rgb(34, 34, 34); font-family: Arial, Helvetica, sans-serif; font-size: small;\">Predstavljamo na\u0161 visokokvalitetni plinski \u0161tednjak od nehr\u0111aju\u0107eg \u010delika, s kuhalom od kaljenog stakla i prostranom pe\u0107nicom od 30 litara. Ovaj model uklju\u010duje piezo paljenje i sigurnosne ventile na svim plamenicima za dodatnu sigurnost. Nivoirani dizajn re\u0161etke omogu\u0107uje lako klizanje posu\u0111a, dok je pe\u0107nica opremljena ergonomskom dr\u0161kom, ventiliranim vratima i dvostrukim staklom s integriranim termometrom. Tako\u0111er dolazi s re\u0161etkom za pe\u0107nicu, hladnjakom i aluminijskim poklopcima za plamenike. Jedan plamenik isporu\u010duje 1900 W snage, a pe\u0107nica radi na 2000 W, osiguravaju\u0107i izvrsan dizajn, kvalitetu i performanse.<\/p>\n<p style=\"color: rgb(34, 34, 34); font-family: Arial, Helvetica, sans-serif; font-size: small;\">Ova izdr\u017eljiva plinska pe\u0107nica ima tri plamenika i izra\u0111ena je od robusnog nehr\u0111aju\u0107eg \u010delika. Njegova elegantna crna toplinska staklena povr\u0161ina dodaje atraktivan izgled svakoj kuhinji. Prikladna je za fiksne i poluokretne instalacije i dolazi s kompletnim monta\u017enim kompletom.<\/p>\n<p style=\"color: rgb(34, 34, 34); font-family: Arial, Helvetica, sans-serif; font-size: small;\"><strong>Tehni\u010dki podaci<\/strong><\/p>\n<ul style=\"color: rgb(34, 34, 34); font-family: Arial, Helvetica, sans-serif; font-size: small;\">\n<li><strong>Broj plamenika:<\/strong>\u00a03<\/li>\n<li><strong>Kapacitet pe\u0107nice:<\/strong>\u00a030 litara<\/li>\n<li><strong>Osiguranje:<\/strong>\u00a0Termi\u010dka<\/li>\n<li><strong>Priklju\u010dni tlak plina:<\/strong>\u00a030 mBar<\/li>\n<li><strong>Snaga pe\u0107nice:<\/strong>\u00a01900 W<\/li>\n<li><strong>Izlaz plamenika:<\/strong>\u00a01x mali plamenik: 1000 W; 2x veliki plamenici: 1750 W svaki<\/li>\n<li><strong>Materijal:<\/strong>\u00a0Nehr\u0111aju\u0107i \u010delik<\/li>\n<li><strong>Nettote\u017eina:<\/strong>\u00a023 kg<\/li>\n<li><strong>Dimenzije (\u0160xDxV):<\/strong>\u00a0500 x 410 x 458 mm<\/li>\n<\/ul>\n","protected":false},"excerpt":{"rendered":"<p>Plinski \u0161tednjak od nehr\u0111aju\u0107eg \u010delika s pe\u010dnicom Can 3-plamenika &#8211; Predstavljamo na\u0161 visokokvalitetni plinski \u0161tednjak od nehr\u0111aju\u0107eg \u010delika, s kuhalom<\/p>\n","protected":false},"featured_media":5945347,"comment_status":"open","ping_status":"closed","template":"","meta":[],"product_brand":[2856],"product_cat":[1641],"product_tag":[],"class_list":{"0":"post-743555","1":"product","2":"type-product","3":"status-publish","4":"has-post-thumbnail","6":"product_brand-can-marine-hr","7":"product_cat-brodski-stednjaci","9":"first","10":"instock","11":"shipping-taxable","12":"purchasable","13":"product-type-simple"},"_links":{"self":[{"href":"https:\/\/stoic-curie.212-227-153-4.plesk.page\/hr\/wp-json\/wp\/v2\/product\/743555","targetHints":{"allow":["GET"]}}],"collection":[{"href":"https:\/\/stoic-curie.212-227-153-4.plesk.page\/hr\/wp-json\/wp\/v2\/product"}],"about":[{"href":"https:\/\/stoic-curie.212-227-153-4.plesk.page\/hr\/wp-json\/wp\/v2\/types\/product"}],"replies":[{"embeddable":true,"href":"https:\/\/stoic-curie.212-227-153-4.plesk.page\/hr\/wp-json\/wp\/v2\/comments?post=743555"}],"version-history":[{"count":0,"href":"https:\/\/stoic-curie.212-227-153-4.plesk.page\/hr\/wp-json\/wp\/v2\/product\/743555\/revisions"}],"wp:featuredmedia":[{"embeddable":true,"href":"https:\/\/stoic-curie.212-227-153-4.plesk.page\/hr\/wp-json\/wp\/v2\/media\/5945347"}],"wp:attachment":[{"href":"https:\/\/stoic-curie.212-227-153-4.plesk.page\/hr\/wp-json\/wp\/v2\/media?parent=743555"}],"wp:term":[{"taxonomy":"product_brand","embeddable":true,"href":"https:\/\/stoic-curie.212-227-153-4.plesk.page\/hr\/wp-json\/wp\/v2\/product_brand?post=743555"},{"taxonomy":"product_cat","embeddable":true,"href":"https:\/\/stoic-curie.212-227-153-4.plesk.page\/hr\/wp-json\/wp\/v2\/product_cat?post=743555"},{"taxonomy":"product_tag","embeddable":true,"href":"https:\/\/stoic-curie.212-227-153-4.plesk.page\/hr\/wp-json\/wp\/v2\/product_tag?post=743555"}],"curies":[{"name":"wp","href":"https:\/\/api.w.org\/{rel}","templated":true}]}}