{"id":743558,"date":"2025-03-03T18:35:01","date_gmt":"2025-03-03T17:35:01","guid":{"rendered":"https:\/\/stoic-curie.212-227-153-4.plesk.page\/producto\/proizvodac-leda-od-nehrdajuceg-celika-vitrifrigo-hydro-24v\/"},"modified":"2026-02-25T00:01:09","modified_gmt":"2026-02-25T00:01:09","slug":"proizvodac-leda-od-nehrdajuceg-celika-vitrifrigo-hydro-24v","status":"publish","type":"product","link":"https:\/\/stoic-curie.212-227-153-4.plesk.page\/hr\/product\/proizvodac-leda-od-nehrdajuceg-celika-vitrifrigo-hydro-24v\/","title":{"rendered":"Proizvoda\u010d leda od nehr\u0111aju\u0107eg \u010delika Vitrifrigo Hydro 24v"},"content":{"rendered":"<p>Proizvoda\u010d leda od nehr\u0111aju\u0107eg \u010delika Vitrifrigo Hydro 24v &#8211; <\/p>\n<p style=\"color: rgb(34, 34, 34); font-family: Arial, Helvetica, sans-serif; font-size: small;\">Predstavljamo IM CL OCX2 Hydro stroj za led tvrtke Vitrifrigo, mehani\u010dki stroj za led dizajniran s robusnom vanjskom zavr\u0161nom obradom od nehr\u0111aju\u0107eg \u010delika i integriranom jedinicom za hla\u0111enje. Ovaj model ima vodootporni LED kontrolni panel, koji omogu\u0107uje korisnicima jednostavno pode\u0161avanje postavki zamrziva\u010da i pra\u0107enje razine vode u verzijama koje se mogu puniti. Uklju\u010deni profil za pri\u010dvr\u0161\u0107ivanje omogu\u0107ava ugradnju vrata potpuno ili djelomi\u010dno usa\u0111ene, pru\u017eaju\u0107i fleksibilnost pri instalaciji.<\/p>\n<p style=\"color: rgb(34, 34, 34); font-family: Arial, Helvetica, sans-serif; font-size: small;\">Inovativna Steelock Vent Position ru\u010dka olak\u0161ava ventilaciju tijekom razdoblja neaktivnosti, sprje\u010davaju\u0107i nakupljanje plijesni i neugodnih mirisa. Sa napajanjem od 220V i potro\u0161njom od 180W, ovaj stroj za led mo\u017ee proizvesti impresivnih 8 kg leda svaka 24 sata.<\/p>\n<p style=\"color: rgb(34, 34, 34); font-family: Arial, Helvetica, sans-serif; font-size: small;\">IM CL OCX2 Hydro posebno je dizajniran za marine i mo\u017ee se izravno spojiti na sustav pitke vode na brodu, \u010dime se eliminira potreba za zasebnom posudom za led. Za pobolj\u0161anu higijenu dostupan je opcionalni UV sustav za pro\u010di\u0161\u0107avanje vode.<\/p>\n<p style=\"color: rgb(34, 34, 34); font-family: Arial, Helvetica, sans-serif; font-size: small;\">Klju\u010dne specifikacije:<\/p>\n<ul style=\"color: rgb(34, 34, 34); font-family: Arial, Helvetica, sans-serif; font-size: small;\">\n<li>Zavr\u0161na obrada vrata: Nehr\u0111aju\u0107i \u010delik<\/li>\n<li>Kapacitet: 24 litara<\/li>\n<li>Visina: 702 mm<\/li>\n<li>Duljina: 416 mm<\/li>\n<li>Dubina: 433 mm<\/li>\n<li>Te\u017eina: 23 kg<\/li>\n<li>Serija: ICEMAKER<\/li>\n<li>Obrnuta vrata: Da<\/li>\n<li>Termostat: LED<\/li>\n<li>Tehnologija hla\u0111enja: Kompresor<\/li>\n<li>Jedinica za hla\u0111enje: Unutarnja<\/li>\n<li>Otvor vrata: Jedna prednja vrata<\/li>\n<li>Napon: 115 VAC<\/li>\n<\/ul>\n<p style=\"color: rgb(34, 34, 34); font-family: Arial, Helvetica, sans-serif; font-size: small;\">IM CL OCX2 Hydro je visokokvalitetno rje\u0161enje za vlasnike plovila koji tra\u017ee pouzdanu i u\u010dinkovitu proizvodnju leda uz odr\u017eavanje najvi\u0161ih standarda higijene i udobnosti.<\/p>\n","protected":false},"excerpt":{"rendered":"<p>Proizvoda\u010d leda od nehr\u0111aju\u0107eg \u010delika Vitrifrigo Hydro 24v &#8211; Predstavljamo IM CL OCX2 Hydro stroj za led tvrtke Vitrifrigo, mehani\u010dki<\/p>\n","protected":false},"featured_media":5945353,"comment_status":"open","ping_status":"closed","template":"","meta":[],"product_brand":[3526],"product_cat":[1751],"product_tag":[],"class_list":{"0":"post-743558","1":"product","2":"type-product","3":"status-publish","4":"has-post-thumbnail","6":"product_brand-vitrifrigo-hr","7":"product_cat-hladnjaci-i-zamrzivaci","9":"first","10":"instock","11":"shipping-taxable","12":"purchasable","13":"product-type-simple"},"_links":{"self":[{"href":"https:\/\/stoic-curie.212-227-153-4.plesk.page\/hr\/wp-json\/wp\/v2\/product\/743558","targetHints":{"allow":["GET"]}}],"collection":[{"href":"https:\/\/stoic-curie.212-227-153-4.plesk.page\/hr\/wp-json\/wp\/v2\/product"}],"about":[{"href":"https:\/\/stoic-curie.212-227-153-4.plesk.page\/hr\/wp-json\/wp\/v2\/types\/product"}],"replies":[{"embeddable":true,"href":"https:\/\/stoic-curie.212-227-153-4.plesk.page\/hr\/wp-json\/wp\/v2\/comments?post=743558"}],"version-history":[{"count":0,"href":"https:\/\/stoic-curie.212-227-153-4.plesk.page\/hr\/wp-json\/wp\/v2\/product\/743558\/revisions"}],"wp:featuredmedia":[{"embeddable":true,"href":"https:\/\/stoic-curie.212-227-153-4.plesk.page\/hr\/wp-json\/wp\/v2\/media\/5945353"}],"wp:attachment":[{"href":"https:\/\/stoic-curie.212-227-153-4.plesk.page\/hr\/wp-json\/wp\/v2\/media?parent=743558"}],"wp:term":[{"taxonomy":"product_brand","embeddable":true,"href":"https:\/\/stoic-curie.212-227-153-4.plesk.page\/hr\/wp-json\/wp\/v2\/product_brand?post=743558"},{"taxonomy":"product_cat","embeddable":true,"href":"https:\/\/stoic-curie.212-227-153-4.plesk.page\/hr\/wp-json\/wp\/v2\/product_cat?post=743558"},{"taxonomy":"product_tag","embeddable":true,"href":"https:\/\/stoic-curie.212-227-153-4.plesk.page\/hr\/wp-json\/wp\/v2\/product_tag?post=743558"}],"curies":[{"name":"wp","href":"https:\/\/api.w.org\/{rel}","templated":true}]}}