{"id":743559,"date":"2025-03-03T18:35:02","date_gmt":"2025-03-03T17:35:02","guid":{"rendered":"https:\/\/stoic-curie.212-227-153-4.plesk.page\/producto\/proizvodac-leda-od-nehrdajuceg-celika-vitrifrigo-hydro-compact-24v\/"},"modified":"2026-02-25T00:01:09","modified_gmt":"2026-02-25T00:01:09","slug":"proizvodac-leda-od-nehrdajuceg-celika-vitrifrigo-hydro-compact-24v","status":"publish","type":"product","link":"https:\/\/stoic-curie.212-227-153-4.plesk.page\/hr\/product\/proizvodac-leda-od-nehrdajuceg-celika-vitrifrigo-hydro-compact-24v\/","title":{"rendered":"Proizvoda\u010d leda od nehr\u0111aju\u0107eg \u010delika Vitrifrigo Hydro Compact 24v"},"content":{"rendered":"<p>Proizvoda\u010d leda od nehr\u0111aju\u0107eg \u010delika Vitrifrigo Hydro Compact 24v &#8211; <\/p>\n<p style=\"color: rgb(34, 34, 34); font-family: Arial, Helvetica, sans-serif; font-size: small;\"><strong>Proizvo\u0111a\u010d leda: IM XT OCX2 Hydro by Vitrifrigo<\/strong><\/p>\n<p style=\"color: rgb(34, 34, 34); font-family: Arial, Helvetica, sans-serif; font-size: small;\">IM XT OCX2 Hydro je proizvo\u0111a\u010d leda od nehr\u0111aju\u0107eg \u010delika, pa\u017eljivo dizajniran za pomorski sektor, sposoban proizvesti do 8 kg leda u razdoblju od 24 sata.<\/p>\n<p style=\"color: rgb(34, 34, 34); font-family: Arial, Helvetica, sans-serif; font-size: small;\">Ovaj suvremeni ure\u0111aj sadr\u017ei inovativni mehanizam zaklju\u010davanja Steelock, koji jam\u010di sigurnost tijekom plovidbe sprje\u010davanjem nenamjernog otvaranja. Osim toga, funkcija Vent Position klju\u010dna je za suzbijanje rasta plijesni i neugodnih mirisa tijekom razdoblja neaktivnosti.<\/p>\n<p style=\"color: rgb(34, 34, 34); font-family: Arial, Helvetica, sans-serif; font-size: small;\">IM XT OCX2 Hydro dizajniran je za izravno povezivanje s opskrbom vodom plovila, \u010dime se eliminira potreba za odvojenom posudom za led, pojednostavljuju\u0107i va\u0161 proces proizvodnje leda.<\/p>\n<p style=\"color: rgb(34, 34, 34); font-family: Arial, Helvetica, sans-serif; font-size: small;\">Kako bi se dodatno pobolj\u0161ala higijena, nudi mogu\u0107nost ugradnje UV sustava za pro\u010di\u0161\u0107avanje vode, osiguravaju\u0107i najvi\u0161e standarde \u010disto\u0107e.<\/p>\n<p style=\"color: rgb(34, 34, 34); font-family: Arial, Helvetica, sans-serif; font-size: small;\"><strong>Specifikacije:<\/strong><\/p>\n<ul style=\"color: rgb(34, 34, 34); font-family: Arial, Helvetica, sans-serif; font-size: small;\">\n<li><strong>Zavr\u0161na obrada vrata:<\/strong>\u00a0Nehr\u0111aju\u0107i \u010delik<\/li>\n<li><strong>Kapacitet:<\/strong>\u00a024,00 litara<\/li>\n<li><strong>Visina:<\/strong>\u00a0546 mm<\/li>\n<li><strong>Duljina:<\/strong>\u00a0416 mm<\/li>\n<li><strong>Dubina:<\/strong>\u00a0553 mm<\/li>\n<li><strong>Serija:<\/strong>\u00a0PROIZVO\u0110A\u010c LEDA<\/li>\n<li><strong>Obrnuta vrata:<\/strong>\u00a0Da<\/li>\n<li><strong>Termostat:<\/strong>\u00a0LED<\/li>\n<li><strong>Tehnologija hla\u0111enja:<\/strong>\u00a0Kompresor<\/li>\n<li><strong>Hladionik:<\/strong>\u00a0Unutarnji<\/li>\n<li><strong>Otvor vrata:<\/strong>\u00a0Jedna prednja vrata<\/li>\n<li><strong>Napon:<\/strong>\u00a0115 VAC<\/li>\n<\/ul>\n<p style=\"color: rgb(34, 34, 34); font-family: Arial, Helvetica, sans-serif; font-size: small;\">Ovaj proizvo\u0111a\u010d leda besprijekorno spaja funkcionalnost sa sigurno\u0161\u0107u i higijenom, \u010dine\u0107i ga izvrsnim izborom za vlasnike plovila koji tra\u017ee pouzdanu opremu.<\/p>\n","protected":false},"excerpt":{"rendered":"<p>Proizvoda\u010d leda od nehr\u0111aju\u0107eg \u010delika Vitrifrigo Hydro Compact 24v &#8211; Proizvo\u0111a\u010d leda: IM XT OCX2 Hydro by Vitrifrigo IM XT<\/p>\n","protected":false},"featured_media":5945358,"comment_status":"open","ping_status":"closed","template":"","meta":[],"product_brand":[3526],"product_cat":[1751],"product_tag":[],"class_list":{"0":"post-743559","1":"product","2":"type-product","3":"status-publish","4":"has-post-thumbnail","6":"product_brand-vitrifrigo-hr","7":"product_cat-hladnjaci-i-zamrzivaci","9":"first","10":"instock","11":"shipping-taxable","12":"purchasable","13":"product-type-simple"},"_links":{"self":[{"href":"https:\/\/stoic-curie.212-227-153-4.plesk.page\/hr\/wp-json\/wp\/v2\/product\/743559","targetHints":{"allow":["GET"]}}],"collection":[{"href":"https:\/\/stoic-curie.212-227-153-4.plesk.page\/hr\/wp-json\/wp\/v2\/product"}],"about":[{"href":"https:\/\/stoic-curie.212-227-153-4.plesk.page\/hr\/wp-json\/wp\/v2\/types\/product"}],"replies":[{"embeddable":true,"href":"https:\/\/stoic-curie.212-227-153-4.plesk.page\/hr\/wp-json\/wp\/v2\/comments?post=743559"}],"version-history":[{"count":0,"href":"https:\/\/stoic-curie.212-227-153-4.plesk.page\/hr\/wp-json\/wp\/v2\/product\/743559\/revisions"}],"wp:featuredmedia":[{"embeddable":true,"href":"https:\/\/stoic-curie.212-227-153-4.plesk.page\/hr\/wp-json\/wp\/v2\/media\/5945358"}],"wp:attachment":[{"href":"https:\/\/stoic-curie.212-227-153-4.plesk.page\/hr\/wp-json\/wp\/v2\/media?parent=743559"}],"wp:term":[{"taxonomy":"product_brand","embeddable":true,"href":"https:\/\/stoic-curie.212-227-153-4.plesk.page\/hr\/wp-json\/wp\/v2\/product_brand?post=743559"},{"taxonomy":"product_cat","embeddable":true,"href":"https:\/\/stoic-curie.212-227-153-4.plesk.page\/hr\/wp-json\/wp\/v2\/product_cat?post=743559"},{"taxonomy":"product_tag","embeddable":true,"href":"https:\/\/stoic-curie.212-227-153-4.plesk.page\/hr\/wp-json\/wp\/v2\/product_tag?post=743559"}],"curies":[{"name":"wp","href":"https:\/\/api.w.org\/{rel}","templated":true}]}}