{"id":743560,"date":"2025-03-03T18:35:03","date_gmt":"2025-03-03T17:35:03","guid":{"rendered":"https:\/\/stoic-curie.212-227-153-4.plesk.page\/producto\/proizvodac-leda-od-nehrdajuceg-celika-vitrifrigo-refill-24v\/"},"modified":"2026-02-25T00:01:09","modified_gmt":"2026-02-25T00:01:09","slug":"proizvodac-leda-od-nehrdajuceg-celika-vitrifrigo-refill-24v","status":"publish","type":"product","link":"https:\/\/stoic-curie.212-227-153-4.plesk.page\/hr\/product\/proizvodac-leda-od-nehrdajuceg-celika-vitrifrigo-refill-24v\/","title":{"rendered":"Proizvoda\u010d leda od nehr\u0111aju\u0107eg \u010delika Vitrifrigo Refill 24v"},"content":{"rendered":"<p>Proizvoda\u010d leda od nehr\u0111aju\u0107eg \u010delika Vitrifrigo Refill 24v &#8211; <\/p>\n<p style=\"color: rgb(34, 34, 34); font-family: Arial, Helvetica, sans-serif; font-size: small;\">Predstavljamo IM XT OCX2 Refill aparat za led od Vitrifriga, mehani\u010dki aparat za led dizajniran posebno za pomorske aplikacije. Ova jedinica ima robusnu vanj\u0161tinu od nehr\u0111aju\u0107eg \u010delika i integrirani sustav hla\u0111enja koji osigurava izdr\u017eljivost i u\u010dinkovitost. Vodootporna LED upravlja\u010dka plo\u010da omogu\u0107ava korisnicima lako pode\u0161avanje postavki zamrziva\u010da i pra\u0107enje razine vode, posebno kod ina\u010dica za dopunu.<\/p>\n<p style=\"color: rgb(34, 34, 34); font-family: Arial, Helvetica, sans-serif; font-size: small;\">Aparat za led mo\u017ee se instalirati s vratima koja su potpuno ili djelomi\u010dno udubljena, zahvaljuju\u0107i uklju\u010denom profilu za u\u010dvr\u0161\u0107ivanje. Tako\u0111er se mo\u017ee pohvaliti novim Steelock Vent Position ru\u010dkom, koja olak\u0161ava ventilaciju tijekom razdoblja neaktivnosti, spre\u010davaju\u0107i nakupljanje vlage i mirisa.<\/p>\n<p style=\"color: rgb(34, 34, 34); font-family: Arial, Helvetica, sans-serif; font-size: small;\">S napajanjem od 220V i potro\u0161njom od 180W, ovaj aparat za led proizvodi impresivnih 8 kg leda svaka 24 sata, jam\u010de\u0107i pouzdanu opskrbu za va\u0161e potrebe. Dostupan je u dva konfiguracije: Hydro verzija, koja se izravno povezuje na va\u0161 sustav pitke vode na brodu, i Refill verzija koja sadr\u017ei unutarnji rezervoar za vodu od 7 litara, \u0161to vam omogu\u0107uje kori\u0161tenje mineralne vode za proizvodnju leda.<\/p>\n<p style=\"color: rgb(34, 34, 34); font-family: Arial, Helvetica, sans-serif; font-size: small;\">IM XT OCX2 Refill aparat za led opremljen je naprednim &#8220;Steelock&#8221; mehanizmom zaklju\u010davanja koji sprje\u010dava slu\u010dajna otvaranja, \u010dak i kada je brod u pokretu. &#8220;Vent Position&#8221; zna\u010dajka poma\u017ee u suzbijanju rasta plijesni i neugodnih mirisa tijekom razdoblja neupotrebe. Osim toga, dolazi s prakti\u010dnom posudom za mineralnu vodu, osiguravaju\u0107i svje\u017e izvor za va\u0161e kockice leda.<\/p>\n<p style=\"color: rgb(34, 34, 34); font-family: Arial, Helvetica, sans-serif; font-size: small;\">Za dodatnu sigurnost, dostupni su opcionalni UV sustavi pro\u010di\u0161\u0107avanja vode koji u\u010dinkovito uklanjaju bakterije i mikroorganizme.<\/p>\n<p style=\"color: rgb(34, 34, 34); font-family: Arial, Helvetica, sans-serif; font-size: small;\"><strong>Specifikacije:<\/strong><\/p>\n<ul style=\"color: rgb(34, 34, 34); font-family: Arial, Helvetica, sans-serif; font-size: small;\">\n<li><strong>Obrada vrata:<\/strong> Nehr\u0111aju\u0107i \u010delik<\/li>\n<li><strong>Kapacitet:<\/strong> 24 litre<\/li>\n<li><strong>Visina:<\/strong> 546 mm<\/li>\n<li><strong>Duljina:<\/strong> 416 mm<\/li>\n<li><strong>Dubina:<\/strong> 553 mm<\/li>\n<li><strong>Pera:<\/strong> 25 kg<\/li>\n<li><strong>Serija:<\/strong> ICEMAKER<\/li>\n<li><strong>Povratna vrata:<\/strong> Da<\/li>\n<li><strong>Termostat:<\/strong> LED<\/li>\n<li><strong>Tehnologija hla\u0111enja:<\/strong> Kompresor<\/li>\n<li><strong>Hla\u0111enje:<\/strong> Unutarnje<\/li>\n<li><strong>Otvor vrata:<\/strong> Jedna prednja vrata<\/li>\n<li><strong>Napon:<\/strong> 115 VAC<\/li>\n<\/ul>\n<p style=\"color: rgb(34, 34, 34); font-family: Arial, Helvetica, sans-serif; font-size: small;\">Ovaj aparat za led kombinira funkcionalnost s kvalitetom, \u0161to ga \u010dini izvrsnim izborom za vlasnike brodova koji tra\u017ee pouzdanu i u\u010dinkovitu proizvodnju leda.<\/p>\n","protected":false},"excerpt":{"rendered":"<p>Proizvoda\u010d leda od nehr\u0111aju\u0107eg \u010delika Vitrifrigo Refill 24v &#8211; Predstavljamo IM XT OCX2 Refill aparat za led od Vitrifriga, mehani\u010dki<\/p>\n","protected":false},"featured_media":5945359,"comment_status":"open","ping_status":"closed","template":"","meta":[],"product_brand":[3526],"product_cat":[1751],"product_tag":[],"class_list":{"0":"post-743560","1":"product","2":"type-product","3":"status-publish","4":"has-post-thumbnail","6":"product_brand-vitrifrigo-hr","7":"product_cat-hladnjaci-i-zamrzivaci","9":"first","10":"instock","11":"shipping-taxable","12":"purchasable","13":"product-type-simple"},"_links":{"self":[{"href":"https:\/\/stoic-curie.212-227-153-4.plesk.page\/hr\/wp-json\/wp\/v2\/product\/743560","targetHints":{"allow":["GET"]}}],"collection":[{"href":"https:\/\/stoic-curie.212-227-153-4.plesk.page\/hr\/wp-json\/wp\/v2\/product"}],"about":[{"href":"https:\/\/stoic-curie.212-227-153-4.plesk.page\/hr\/wp-json\/wp\/v2\/types\/product"}],"replies":[{"embeddable":true,"href":"https:\/\/stoic-curie.212-227-153-4.plesk.page\/hr\/wp-json\/wp\/v2\/comments?post=743560"}],"version-history":[{"count":0,"href":"https:\/\/stoic-curie.212-227-153-4.plesk.page\/hr\/wp-json\/wp\/v2\/product\/743560\/revisions"}],"wp:featuredmedia":[{"embeddable":true,"href":"https:\/\/stoic-curie.212-227-153-4.plesk.page\/hr\/wp-json\/wp\/v2\/media\/5945359"}],"wp:attachment":[{"href":"https:\/\/stoic-curie.212-227-153-4.plesk.page\/hr\/wp-json\/wp\/v2\/media?parent=743560"}],"wp:term":[{"taxonomy":"product_brand","embeddable":true,"href":"https:\/\/stoic-curie.212-227-153-4.plesk.page\/hr\/wp-json\/wp\/v2\/product_brand?post=743560"},{"taxonomy":"product_cat","embeddable":true,"href":"https:\/\/stoic-curie.212-227-153-4.plesk.page\/hr\/wp-json\/wp\/v2\/product_cat?post=743560"},{"taxonomy":"product_tag","embeddable":true,"href":"https:\/\/stoic-curie.212-227-153-4.plesk.page\/hr\/wp-json\/wp\/v2\/product_tag?post=743560"}],"curies":[{"name":"wp","href":"https:\/\/api.w.org\/{rel}","templated":true}]}}