{"id":743562,"date":"2025-03-03T18:35:04","date_gmt":"2025-03-03T17:35:04","guid":{"rendered":"https:\/\/stoic-curie.212-227-153-4.plesk.page\/producto\/vitifrigo-dw180-rfx-12-24-v-dvostruki-hladnjak\/"},"modified":"2026-02-25T00:01:09","modified_gmt":"2026-02-25T00:01:09","slug":"vitifrigo-dw180-rfx-12-24-v-dvostruki-hladnjak","status":"publish","type":"product","link":"https:\/\/stoic-curie.212-227-153-4.plesk.page\/hr\/product\/vitifrigo-dw180-rfx-12-24-v-dvostruki-hladnjak\/","title":{"rendered":"Vitifrigo DW180 RFX"},"content":{"rendered":"<p>Vitifrigo DW180 RFX &#8211; <\/p>\n<p style=\"color: rgb(34, 34, 34); font-family: Arial, Helvetica, sans-serif; font-size: small;\"><strong>Ugradni hladnjak-sistem DW180 OCX2 RFX od Vitrifriga<\/strong><\/p>\n<p style=\"color: rgb(34, 34, 34); font-family: Arial, Helvetica, sans-serif; font-size: small;\">DW180 OCX2 RFX ugradni hladnjak, opremljen s dva odjeljka, nudi izvrsno rje\u0161enje za one koji tra\u017ee odvojene prostore za optimalno skladi\u0161tenje hrane. Ovaj model ima \u010dvrsto ku\u0107i\u0161te od nehr\u0111aju\u0107eg \u010delika i radi na 12\/24V unutarnjoj Danfoss jedinici za hla\u0111enje. Sastoji se od dva odjeljka ladica, od kojih svaki ima prilago\u0111ene funkcije, i uklju\u010duje okvir za ugradnju vrata s ravnim zavr\u0161etkom. Proizvo\u0111a\u010d leda radi na 115\/230 V.<\/p>\n<p style=\"color: rgb(34, 34, 34); font-family: Arial, Helvetica, sans-serif; font-size: small;\">S ukupnim kapacitetom od 5,1 kubnog stopala, ovaj hladnjak pru\u017ea velikodu\u0161an prostor za vo\u0107e, povr\u0107e, mlije\u010dne proizvode, pi\u0107a i jo\u0161 mnogo toga, osiguravaju\u0107i dugotrajnu svje\u017einu. Gornji odjeljak ima kapacitet od 2,8 kubnih stopala, dok donji odjeljak nudi 2,3 kubna stopala.<\/p>\n<p style=\"color: rgb(34, 34, 34); font-family: Arial, Helvetica, sans-serif; font-size: small;\">Izra\u0111en od nehr\u0111aju\u0107eg \u010delika, DW180 OCX2 RFX je dizajniran za snagu i trajnu izdr\u017eljivost. Njegov elegantan, minimalisti\u010dki dizajn omogu\u0107ava besprijekornu integraciju u kuhinje i ostave svih stilova.<\/p>\n<p style=\"color: rgb(34, 34, 34); font-family: Arial, Helvetica, sans-serif; font-size: small;\">Osim toga, zavr\u0161na obrada od nehr\u0111aju\u0107eg \u010delika olak\u0161ava \u010di\u0161\u0107enje i dezinfekciju.<\/p>\n<p style=\"color: rgb(34, 34, 34); font-family: Arial, Helvetica, sans-serif; font-size: small;\"><strong>Tehni\u010dke specifikacije:<\/strong><\/p>\n<ul style=\"color: rgb(34, 34, 34); font-family: Arial, Helvetica, sans-serif; font-size: small;\">\n<li><strong>Zavr\u0161na obrada vrata:<\/strong>\u00a0Nehr\u0111aju\u0107i \u010delik<\/li>\n<li><strong>Kapacitet:<\/strong>\u00a05,10 kubnih stopala<\/li>\n<li><strong>Te\u017eina:<\/strong>\u00a0145,70 lbs<\/li>\n<li><strong>Serija:<\/strong>\u00a0DW OCX2<\/li>\n<li><strong>Obrnuta vrata:<\/strong>\u00a0Ne<\/li>\n<li><strong>Termostat:<\/strong>\u00a0LED<\/li>\n<li><strong>Tehnologija hla\u0111enja:<\/strong>\u00a0Kompressor<\/li>\n<li><strong>Hladnja\u010dka jedinica:<\/strong>\u00a0Unutarnja<\/li>\n<li><strong>Otvor vrata:<\/strong>\u00a0Otvor ladice<\/li>\n<li><strong>Napon:<\/strong>\u00a012\/24 VDC &#8211; 100\/240 VAC<\/li>\n<li><strong>Dimenzije (SAD):<\/strong>\u00a066,7 x 86,4 x 59,0 cm<\/li>\n<\/ul>\n","protected":false},"excerpt":{"rendered":"<p>Vitifrigo DW180 RFX &#8211; Ugradni hladnjak-sistem DW180 OCX2 RFX od Vitrifriga DW180 OCX2 RFX ugradni hladnjak, opremljen s dva odjeljka,<\/p>\n","protected":false},"featured_media":5943937,"comment_status":"open","ping_status":"closed","template":"","meta":[],"product_brand":[3526],"product_cat":[1751],"product_tag":[],"class_list":{"0":"post-743562","1":"product","2":"type-product","3":"status-publish","4":"has-post-thumbnail","6":"product_brand-vitrifrigo-hr","7":"product_cat-hladnjaci-i-zamrzivaci","9":"first","10":"instock","11":"shipping-taxable","12":"purchasable","13":"product-type-simple"},"_links":{"self":[{"href":"https:\/\/stoic-curie.212-227-153-4.plesk.page\/hr\/wp-json\/wp\/v2\/product\/743562","targetHints":{"allow":["GET"]}}],"collection":[{"href":"https:\/\/stoic-curie.212-227-153-4.plesk.page\/hr\/wp-json\/wp\/v2\/product"}],"about":[{"href":"https:\/\/stoic-curie.212-227-153-4.plesk.page\/hr\/wp-json\/wp\/v2\/types\/product"}],"replies":[{"embeddable":true,"href":"https:\/\/stoic-curie.212-227-153-4.plesk.page\/hr\/wp-json\/wp\/v2\/comments?post=743562"}],"version-history":[{"count":0,"href":"https:\/\/stoic-curie.212-227-153-4.plesk.page\/hr\/wp-json\/wp\/v2\/product\/743562\/revisions"}],"wp:featuredmedia":[{"embeddable":true,"href":"https:\/\/stoic-curie.212-227-153-4.plesk.page\/hr\/wp-json\/wp\/v2\/media\/5943937"}],"wp:attachment":[{"href":"https:\/\/stoic-curie.212-227-153-4.plesk.page\/hr\/wp-json\/wp\/v2\/media?parent=743562"}],"wp:term":[{"taxonomy":"product_brand","embeddable":true,"href":"https:\/\/stoic-curie.212-227-153-4.plesk.page\/hr\/wp-json\/wp\/v2\/product_brand?post=743562"},{"taxonomy":"product_cat","embeddable":true,"href":"https:\/\/stoic-curie.212-227-153-4.plesk.page\/hr\/wp-json\/wp\/v2\/product_cat?post=743562"},{"taxonomy":"product_tag","embeddable":true,"href":"https:\/\/stoic-curie.212-227-153-4.plesk.page\/hr\/wp-json\/wp\/v2\/product_tag?post=743562"}],"curies":[{"name":"wp","href":"https:\/\/api.w.org\/{rel}","templated":true}]}}