{"id":743563,"date":"2025-03-03T18:35:04","date_gmt":"2025-03-03T17:35:04","guid":{"rendered":"https:\/\/stoic-curie.212-227-153-4.plesk.page\/producto\/vitifrigo-dw180-dtx-im-12-24-v-hladnjak-i-proizvodac-leda\/"},"modified":"2026-02-25T00:01:09","modified_gmt":"2026-02-25T00:01:09","slug":"vitifrigo-dw180-dtx-im-12-24-v-hladnjak-i-proizvodac-leda","status":"publish","type":"product","link":"https:\/\/stoic-curie.212-227-153-4.plesk.page\/hr\/product\/vitifrigo-dw180-dtx-im-12-24-v-hladnjak-i-proizvodac-leda\/","title":{"rendered":"Vitifrigo DW180 DTX"},"content":{"rendered":"<p>Vitifrigo DW180 DTX &#8211; <\/p>\n<p style=\"color: rgb(34, 34, 34); font-family: Arial, Helvetica, sans-serif; font-size: small;\">Vitrifrigo vanjski ku\u0107ni hladnjaci od nehr\u0111aju\u0107eg \u010delika s fiokama imaju unutarnju Danfoss jedinicu za hla\u0111enje od 12\/24V. Ovaj model uklju\u010duje dva odjeljka s fiokama, od kojih je svaki dizajniran s prilago\u0111enim funkcijama, i dolazi s okvirom za ugradnju vrata u ravnini. Proizvo\u0111a\u010d leda radi na 115\/230V i tako\u0111er je dizajniran za ugradnju vrata u ravnini. Specifi\u010dni model, DW180 OCX2 DTX IM, kombinira hladnjak i zamrziva\u010d.<\/p>\n<p style=\"color: rgb(34, 34, 34); font-family: Arial, Helvetica, sans-serif; font-size: small;\">Hladnjak-zamrziva\u010d DW180 OCX2 DTX IM sastoji se od dva odjeljka. Gornji odjeljak nudi kapacitet od 2,8 kubi\u010dnih stopa, dok donji odjeljak pru\u017ea 2,3 kubi\u010dna stope prostora. Donji odjeljak od 80 litara slu\u017ei kao zamrziva\u010d i opremljen je proizvo\u0111a\u010dem leda.<\/p>\n<p style=\"color: rgb(34, 34, 34); font-family: Arial, Helvetica, sans-serif; font-size: small;\">S druge strane, donji odjeljak od 2,3 kubi\u010dnih stopa funkcionira kao hladnjak. Sa ukupnim kapacitetom od 5,1 kubi\u010dnih stopa, ovaj model u\u010dinkovito spaja elegantan, moderan dizajn od nehr\u0111aju\u0107eg \u010delika karakteristi\u010dan za suvremene ure\u0111aje s prakti\u010dnom funkcionalno\u0161\u0107u jedinice hladnjaka-zamrziva\u010da.<\/p>\n<p style=\"color: rgb(34, 34, 34); font-family: Arial, Helvetica, sans-serif; font-size: small;\"><strong>Specifikacije:<\/strong><\/p>\n<ul style=\"color: rgb(34, 34, 34); font-family: Arial, Helvetica, sans-serif; font-size: small;\">\n<li><strong>Zavr\u0161etak vrata:<\/strong>\u00a0Nehr\u0111aju\u0107i \u010delik<\/li>\n<li><strong>Ukupni kapacitet:<\/strong>\u00a05,10 kubi\u010dnih stopa<\/li>\n<li><strong>Te\u017eina:<\/strong>\u00a0134,50 lbs<\/li>\n<li><strong>Serija:<\/strong>\u00a0DW OCX2<\/li>\n<li><strong>Obrtni vrata:<\/strong>\u00a0Ne<\/li>\n<li><strong>Termostat:<\/strong>\u00a0LED<\/li>\n<li><strong>Tehnologija hla\u0111enja:<\/strong>\u00a0Kompresor<\/li>\n<li><strong>Hladnja\u010dka jedinica:<\/strong>\u00a0Unutarnja<\/li>\n<li><strong>Otvaranje vrata:<\/strong>\u00a0Otvor za fiokicu<\/li>\n<li><strong>Napon:<\/strong>\u00a0115 VAC<\/li>\n<li><strong>Dimenzije (SAD):<\/strong>\u00a026 1\/4 x 34 1\/8 x 23 1\/4 in\u010da<\/li>\n<\/ul>\n<p style=\"color: rgb(34, 34, 34); font-family: Arial, Helvetica, sans-serif; font-size: small;\">Ovaj model hladnjaka-zamrziva\u010da kombinira estetski privla\u010dnost s u\u010dinkovitim funkcionalnostima, \u010dine\u0107i ga odli\u010dnim izborom za vlasnike \u010damaca koji tra\u017ee pouzdanu i kvalitetnu opremu.<\/p>\n","protected":false},"excerpt":{"rendered":"<p>Vitifrigo DW180 DTX &#8211; Vitrifrigo vanjski ku\u0107ni hladnjaci od nehr\u0111aju\u0107eg \u010delika s fiokama imaju unutarnju Danfoss jedinicu za hla\u0111enje od<\/p>\n","protected":false},"featured_media":5943937,"comment_status":"open","ping_status":"closed","template":"","meta":[],"product_brand":[3526],"product_cat":[1751],"product_tag":[],"class_list":{"0":"post-743563","1":"product","2":"type-product","3":"status-publish","4":"has-post-thumbnail","6":"product_brand-vitrifrigo-hr","7":"product_cat-hladnjaci-i-zamrzivaci","9":"first","10":"instock","11":"shipping-taxable","12":"purchasable","13":"product-type-simple"},"_links":{"self":[{"href":"https:\/\/stoic-curie.212-227-153-4.plesk.page\/hr\/wp-json\/wp\/v2\/product\/743563","targetHints":{"allow":["GET"]}}],"collection":[{"href":"https:\/\/stoic-curie.212-227-153-4.plesk.page\/hr\/wp-json\/wp\/v2\/product"}],"about":[{"href":"https:\/\/stoic-curie.212-227-153-4.plesk.page\/hr\/wp-json\/wp\/v2\/types\/product"}],"replies":[{"embeddable":true,"href":"https:\/\/stoic-curie.212-227-153-4.plesk.page\/hr\/wp-json\/wp\/v2\/comments?post=743563"}],"version-history":[{"count":0,"href":"https:\/\/stoic-curie.212-227-153-4.plesk.page\/hr\/wp-json\/wp\/v2\/product\/743563\/revisions"}],"wp:featuredmedia":[{"embeddable":true,"href":"https:\/\/stoic-curie.212-227-153-4.plesk.page\/hr\/wp-json\/wp\/v2\/media\/5943937"}],"wp:attachment":[{"href":"https:\/\/stoic-curie.212-227-153-4.plesk.page\/hr\/wp-json\/wp\/v2\/media?parent=743563"}],"wp:term":[{"taxonomy":"product_brand","embeddable":true,"href":"https:\/\/stoic-curie.212-227-153-4.plesk.page\/hr\/wp-json\/wp\/v2\/product_brand?post=743563"},{"taxonomy":"product_cat","embeddable":true,"href":"https:\/\/stoic-curie.212-227-153-4.plesk.page\/hr\/wp-json\/wp\/v2\/product_cat?post=743563"},{"taxonomy":"product_tag","embeddable":true,"href":"https:\/\/stoic-curie.212-227-153-4.plesk.page\/hr\/wp-json\/wp\/v2\/product_tag?post=743563"}],"curies":[{"name":"wp","href":"https:\/\/api.w.org\/{rel}","templated":true}]}}