{"id":743564,"date":"2025-03-03T18:35:05","date_gmt":"2025-03-03T17:35:05","guid":{"rendered":"https:\/\/stoic-curie.212-227-153-4.plesk.page\/producto\/vitifrigo-dw180-btx-12-24-v-dvostruki-zamrzivac\/"},"modified":"2026-02-25T00:01:09","modified_gmt":"2026-02-25T00:01:09","slug":"vitifrigo-dw180-btx-12-24-v-dvostruki-zamrzivac","status":"publish","type":"product","link":"https:\/\/stoic-curie.212-227-153-4.plesk.page\/hr\/product\/vitifrigo-dw180-btx-12-24-v-dvostruki-zamrzivac\/","title":{"rendered":"Vitifrigo DW180 BTX"},"content":{"rendered":"<p>Vitifrigo DW180 BTX &#8211; <\/p>\n<p style=\"color: rgb(34, 34, 34); font-family: Arial, Helvetica, sans-serif; font-size: small;\">Vitrifrigo vanjski ku\u0107ni hladnjaci od nehr\u0111aju\u0107eg \u010delika s ladicama sadr\u017ee unutarnju Danfoss rashladnu jedinicu od 12\/24V. Ove jedinice sastoje se od dva odjeljka za ladice, svaki s prilago\u0111enim funkcijama, a isporu\u010duju se s okvirom za ugradnju ravne vrata. Modeli s ledomatom rade na 115\/230V i tako\u0111er uklju\u010duju okvir za besprijekornu ugradnju s ravnim vratima.<\/p>\n<p style=\"color: rgb(34, 34, 34); font-family: Arial, Helvetica, sans-serif; font-size: small;\">Model DW180 OCX2 BTX isti\u010de se kao izvanredni zamrziva\u010d s ladicama od 144 litre, s dva odvojena odjeljka koja nude prostrani prostor za skladi\u0161tenje svje\u017eih i smrznutih namirnica.<\/p>\n<p style=\"color: rgb(34, 34, 34); font-family: Arial, Helvetica, sans-serif; font-size: small;\">Ovaj model je potpuno izra\u0111en od nehr\u0111aju\u0107eg \u010delika, \u0161to osigurava visoke performanse i dugotrajnu izdr\u017eljivost.<\/p>\n<p style=\"color: rgb(34, 34, 34); font-family: Arial, Helvetica, sans-serif; font-size: small;\">Gornji odjeljak ima kapacitet od 80 litara, dok donji odjeljak nudi 64 litre prostora za pohranu.<\/p>\n<p style=\"color: rgb(34, 34, 34); font-family: Arial, Helvetica, sans-serif; font-size: small;\">Svojim elegantnim i minimalisti\u010dkim dizajnom, DW180 OCX2 BTX se savr\u0161eno uklapa u kuhinje i smo\u010dnice svih stilova.<\/p>\n<p style=\"color: rgb(34, 34, 34); font-family: Arial, Helvetica, sans-serif; font-size: small;\"><strong>Dodatne informacije:<\/strong><\/p>\n<ul style=\"color: rgb(34, 34, 34); font-family: Arial, Helvetica, sans-serif; font-size: small;\">\n<li><strong>Zavr\u0161na obrada vrata:<\/strong>\u00a0Nehr\u0111aju\u0107i \u010delik<\/li>\n<li><strong>Ukupni kapacitet:<\/strong>\u00a0144 litre<\/li>\n<li><strong>Visina:<\/strong>\u00a0866 mm<\/li>\n<li><strong>Duljina:<\/strong>\u00a0666 mm<\/li>\n<li><strong>Dubina:<\/strong>\u00a0590 mm<\/li>\n<li><strong>Serija:<\/strong>\u00a0DW OCX2<\/li>\n<li><strong>Obrnuta vrata:<\/strong>\u00a0Ne<\/li>\n<li><strong>Termostat:<\/strong>\u00a0LED<\/li>\n<li><strong>Tehnologija hla\u0111enja:<\/strong>\u00a0Kompresor<\/li>\n<li><strong>Hladna jedinica:<\/strong>\u00a0Unutarnja<\/li>\n<li><strong>Otvor za vrata:<\/strong>\u00a0Otvor na ladici<\/li>\n<li><strong>Napon:<\/strong>\u00a012\/24 VDC<\/li>\n<\/ul>\n","protected":false},"excerpt":{"rendered":"<p>Vitifrigo DW180 BTX &#8211; Vitrifrigo vanjski ku\u0107ni hladnjaci od nehr\u0111aju\u0107eg \u010delika s ladicama sadr\u017ee unutarnju Danfoss rashladnu jedinicu od 12\/24V.<\/p>\n","protected":false},"featured_media":5943937,"comment_status":"open","ping_status":"closed","template":"","meta":[],"product_brand":[3526],"product_cat":[1751],"product_tag":[],"class_list":{"0":"post-743564","1":"product","2":"type-product","3":"status-publish","4":"has-post-thumbnail","6":"product_brand-vitrifrigo-hr","7":"product_cat-hladnjaci-i-zamrzivaci","9":"first","10":"instock","11":"shipping-taxable","12":"purchasable","13":"product-type-simple"},"_links":{"self":[{"href":"https:\/\/stoic-curie.212-227-153-4.plesk.page\/hr\/wp-json\/wp\/v2\/product\/743564","targetHints":{"allow":["GET"]}}],"collection":[{"href":"https:\/\/stoic-curie.212-227-153-4.plesk.page\/hr\/wp-json\/wp\/v2\/product"}],"about":[{"href":"https:\/\/stoic-curie.212-227-153-4.plesk.page\/hr\/wp-json\/wp\/v2\/types\/product"}],"replies":[{"embeddable":true,"href":"https:\/\/stoic-curie.212-227-153-4.plesk.page\/hr\/wp-json\/wp\/v2\/comments?post=743564"}],"version-history":[{"count":0,"href":"https:\/\/stoic-curie.212-227-153-4.plesk.page\/hr\/wp-json\/wp\/v2\/product\/743564\/revisions"}],"wp:featuredmedia":[{"embeddable":true,"href":"https:\/\/stoic-curie.212-227-153-4.plesk.page\/hr\/wp-json\/wp\/v2\/media\/5943937"}],"wp:attachment":[{"href":"https:\/\/stoic-curie.212-227-153-4.plesk.page\/hr\/wp-json\/wp\/v2\/media?parent=743564"}],"wp:term":[{"taxonomy":"product_brand","embeddable":true,"href":"https:\/\/stoic-curie.212-227-153-4.plesk.page\/hr\/wp-json\/wp\/v2\/product_brand?post=743564"},{"taxonomy":"product_cat","embeddable":true,"href":"https:\/\/stoic-curie.212-227-153-4.plesk.page\/hr\/wp-json\/wp\/v2\/product_cat?post=743564"},{"taxonomy":"product_tag","embeddable":true,"href":"https:\/\/stoic-curie.212-227-153-4.plesk.page\/hr\/wp-json\/wp\/v2\/product_tag?post=743564"}],"curies":[{"name":"wp","href":"https:\/\/api.w.org\/{rel}","templated":true}]}}