{"id":743565,"date":"2025-03-03T18:35:05","date_gmt":"2025-03-03T17:35:05","guid":{"rendered":"https:\/\/stoic-curie.212-227-153-4.plesk.page\/producto\/zamrzivac-i-proizvodac-leda-vitrifrigo-dw180-btx-im-12-24v\/"},"modified":"2026-02-25T00:01:09","modified_gmt":"2026-02-25T00:01:09","slug":"zamrzivac-i-proizvodac-leda-vitrifrigo-dw180-btx-im-12-24v","status":"publish","type":"product","link":"https:\/\/stoic-curie.212-227-153-4.plesk.page\/hr\/product\/zamrzivac-i-proizvodac-leda-vitrifrigo-dw180-btx-im-12-24v\/","title":{"rendered":"Vitrifrigo DW180 BTX IM"},"content":{"rendered":"<p>Vitrifrigo DW180 BTX IM &#8211; <\/p>\n<p>Eksterne ku\u0107i\u0161ta ladica od nehr\u0111aju\u0107eg \u010delika Vitrifrigo hladnjaka opremljena su unutarnjom Danfoss rashladnom jedinicom od 12\/24V. Ovi hladnjaci imaju dva pretinca s ladicama, svaki s prilago\u0111enim funkcijama, a dolaze s okvirom za ugradnju vrata u ravnini. Modeli s aparatima za led rade na 115\/230V.<\/p>\n<p>Seadrawer DW 180 BTX IM OCX2 je unutarnja jedinica od nehr\u0111aju\u0107eg \u010delika dizajnirana za u\u010dinkovitu hla\u0111enje. Ima kapacitet od 144 litre i dimenzije od 866 mm visine, 617 mm \u0161irine i 590 mm dubine. Ovaj model tro\u0161i 140 vata energije i djeluje na napon od 230V. Te\u017eine 61 kg, Seadrawer DW 180 BTX IM OCX2 je dobro prilago\u0111en razli\u010ditim aplikacijama hla\u0111enja, identificiran s brojem proizvoda 0402-0063.<\/p>\n<p><strong>Seadrawer DW 180 BTX IM OCX2 &#8211; Zale\u0111iva\u010d + Aparat za led \/ Zale\u0111iva\u010d &#8211; Unutarnja jedinica &#8211; 230V<\/strong><\/p>\n<p>Seadrawer DW 180 BTX IM OCX2 je vi\u0161enamjenska unutarnja jedinica koja besprijekorno kombinira funkcionalnost i u\u010dinkovitost, \u0161to ga \u010dini odli\u010dnim izborom za razne potrebe hla\u0111enja.<\/p>\n<p><strong>Specifikacije:<\/strong><\/p>\n<ul>\n<li><strong>Zavr\u0161na obrada:<\/strong> Nehr\u0111aju\u0107i \u010delik<\/li>\n<li><strong>Potro\u0161nja energije:<\/strong> 140 W<\/li>\n<li><strong>Visina:<\/strong> 866 mm<\/li>\n<li><strong>\u0160irina:<\/strong> 617 mm<\/li>\n<li><strong>Model:<\/strong> DW 180 BTX IM OCX2<\/li>\n<li><strong>Dubina:<\/strong> 590 mm<\/li>\n<li><strong>Volumen:<\/strong> 144 L<\/li>\n<li><strong>Te\u017eina:<\/strong> 61 kg<\/li>\n<li><strong>Napon:<\/strong> 230 V<\/li>\n<li><strong>Marka:<\/strong> Vitrifrigo<\/li>\n<li><strong>Broj proizvoda:<\/strong> 0402-0063<\/li>\n<\/ul>\n","protected":false},"excerpt":{"rendered":"<p>Vitrifrigo DW180 BTX IM &#8211; Eksterne ku\u0107i\u0161ta ladica od nehr\u0111aju\u0107eg \u010delika Vitrifrigo hladnjaka opremljena su unutarnjom Danfoss rashladnom jedinicom od<\/p>\n","protected":false},"featured_media":5943937,"comment_status":"open","ping_status":"closed","template":"","meta":[],"product_brand":[3526],"product_cat":[1751],"product_tag":[],"class_list":{"0":"post-743565","1":"product","2":"type-product","3":"status-publish","4":"has-post-thumbnail","6":"product_brand-vitrifrigo-hr","7":"product_cat-hladnjaci-i-zamrzivaci","9":"first","10":"instock","11":"shipping-taxable","12":"purchasable","13":"product-type-simple"},"_links":{"self":[{"href":"https:\/\/stoic-curie.212-227-153-4.plesk.page\/hr\/wp-json\/wp\/v2\/product\/743565","targetHints":{"allow":["GET"]}}],"collection":[{"href":"https:\/\/stoic-curie.212-227-153-4.plesk.page\/hr\/wp-json\/wp\/v2\/product"}],"about":[{"href":"https:\/\/stoic-curie.212-227-153-4.plesk.page\/hr\/wp-json\/wp\/v2\/types\/product"}],"replies":[{"embeddable":true,"href":"https:\/\/stoic-curie.212-227-153-4.plesk.page\/hr\/wp-json\/wp\/v2\/comments?post=743565"}],"version-history":[{"count":0,"href":"https:\/\/stoic-curie.212-227-153-4.plesk.page\/hr\/wp-json\/wp\/v2\/product\/743565\/revisions"}],"wp:featuredmedia":[{"embeddable":true,"href":"https:\/\/stoic-curie.212-227-153-4.plesk.page\/hr\/wp-json\/wp\/v2\/media\/5943937"}],"wp:attachment":[{"href":"https:\/\/stoic-curie.212-227-153-4.plesk.page\/hr\/wp-json\/wp\/v2\/media?parent=743565"}],"wp:term":[{"taxonomy":"product_brand","embeddable":true,"href":"https:\/\/stoic-curie.212-227-153-4.plesk.page\/hr\/wp-json\/wp\/v2\/product_brand?post=743565"},{"taxonomy":"product_cat","embeddable":true,"href":"https:\/\/stoic-curie.212-227-153-4.plesk.page\/hr\/wp-json\/wp\/v2\/product_cat?post=743565"},{"taxonomy":"product_tag","embeddable":true,"href":"https:\/\/stoic-curie.212-227-153-4.plesk.page\/hr\/wp-json\/wp\/v2\/product_tag?post=743565"}],"curies":[{"name":"wp","href":"https:\/\/api.w.org\/{rel}","templated":true}]}}