{"id":743569,"date":"2025-03-03T18:35:07","date_gmt":"2025-03-03T17:35:07","guid":{"rendered":"https:\/\/stoic-curie.212-227-153-4.plesk.page\/producto\/prirubnica-za-montazu-upustena-za-dometic-crx80\/"},"modified":"2026-02-25T00:01:09","modified_gmt":"2026-02-25T00:01:09","slug":"prirubnica-za-montazu-upustena-za-dometic-crx80","status":"publish","type":"product","link":"https:\/\/stoic-curie.212-227-153-4.plesk.page\/hr\/product\/prirubnica-za-montazu-upustena-za-dometic-crx80\/","title":{"rendered":"Prirubnica za monta\u017eu upu\u0161tena, za Dometic CRX80"},"content":{"rendered":"<p>Prirubnica za monta\u017eu upu\u0161tena, za Dometic CRX80 &#8211; <\/p>\n<p>Dometic okviri za zavr\u0161nu obradu hladnjaka za ugradnju hladnjaka s uvu\u010denim vratima ili s izbo\u010denim vratima (standard).<\/p>\n","protected":false},"excerpt":{"rendered":"<p>Prirubnica za monta\u017eu upu\u0161tena, za Dometic CRX80 &#8211; Dometic okviri za zavr\u0161nu obradu hladnjaka za ugradnju hladnjaka s uvu\u010denim vratima<\/p>\n","protected":false},"featured_media":5945361,"comment_status":"open","ping_status":"closed","template":"","meta":[],"product_brand":[2896],"product_cat":[1751],"product_tag":[],"class_list":{"0":"post-743569","1":"product","2":"type-product","3":"status-publish","4":"has-post-thumbnail","6":"product_brand-dometic-hr","7":"product_cat-hladnjaci-i-zamrzivaci","9":"first","10":"instock","11":"shipping-taxable","12":"purchasable","13":"product-type-simple"},"_links":{"self":[{"href":"https:\/\/stoic-curie.212-227-153-4.plesk.page\/hr\/wp-json\/wp\/v2\/product\/743569","targetHints":{"allow":["GET"]}}],"collection":[{"href":"https:\/\/stoic-curie.212-227-153-4.plesk.page\/hr\/wp-json\/wp\/v2\/product"}],"about":[{"href":"https:\/\/stoic-curie.212-227-153-4.plesk.page\/hr\/wp-json\/wp\/v2\/types\/product"}],"replies":[{"embeddable":true,"href":"https:\/\/stoic-curie.212-227-153-4.plesk.page\/hr\/wp-json\/wp\/v2\/comments?post=743569"}],"version-history":[{"count":0,"href":"https:\/\/stoic-curie.212-227-153-4.plesk.page\/hr\/wp-json\/wp\/v2\/product\/743569\/revisions"}],"wp:featuredmedia":[{"embeddable":true,"href":"https:\/\/stoic-curie.212-227-153-4.plesk.page\/hr\/wp-json\/wp\/v2\/media\/5945361"}],"wp:attachment":[{"href":"https:\/\/stoic-curie.212-227-153-4.plesk.page\/hr\/wp-json\/wp\/v2\/media?parent=743569"}],"wp:term":[{"taxonomy":"product_brand","embeddable":true,"href":"https:\/\/stoic-curie.212-227-153-4.plesk.page\/hr\/wp-json\/wp\/v2\/product_brand?post=743569"},{"taxonomy":"product_cat","embeddable":true,"href":"https:\/\/stoic-curie.212-227-153-4.plesk.page\/hr\/wp-json\/wp\/v2\/product_cat?post=743569"},{"taxonomy":"product_tag","embeddable":true,"href":"https:\/\/stoic-curie.212-227-153-4.plesk.page\/hr\/wp-json\/wp\/v2\/product_tag?post=743569"}],"curies":[{"name":"wp","href":"https:\/\/api.w.org\/{rel}","templated":true}]}}