{"id":743573,"date":"2025-03-03T18:35:09","date_gmt":"2025-03-03T17:35:09","guid":{"rendered":"https:\/\/stoic-curie.212-227-153-4.plesk.page\/producto\/grijac-vode-johnson-aquah-marine-500w-80l-230v\/"},"modified":"2026-02-25T00:01:09","modified_gmt":"2026-02-25T00:01:09","slug":"grijac-vode-johnson-aquah-marine-500w-80l-230v","status":"publish","type":"product","link":"https:\/\/stoic-curie.212-227-153-4.plesk.page\/hr\/product\/grijac-vode-johnson-aquah-marine-500w-80l-230v\/","title":{"rendered":"Grija\u010d vode Johnson AquaH 500w \/ 80l"},"content":{"rendered":"<p>Grija\u010d vode Johnson AquaH 500w \/ 80l &#8211; <\/p>\n<p>Johnson Marine bojleri za vodu izra\u0111eni su od AISI 316 nehr\u0111aju\u0107eg \u010delika, \u0161to ih \u010dini idealnim za morska okru\u017eenja. Ovi bojleri imaju elektri\u010dni grija\u010d snage 500W-220V, \u0161to omogu\u0107uje kori\u0161tenje na pristani\u0161tu ili uz generator. Osim toga, imaju jedinstveni sustav koji prikuplja toplinu iz rashladnog kruga motora.<\/p>\n<p>AquaH serija nudi inovativne grija\u010de vode s kapacitetima skladi\u0161tenja od 22 do 80 litara (5,3 do 19,3 galona). Svaka jedinica opremljena je dvostrukim mogu\u0107nostima grijanja, osiguravaju\u0107i elektri\u010dno grijanje i neizravno grijanje iz sekundarnog izvora, kao \u0161to je rashladni sustav morskog motora ili generatora.<\/p>\n<p><strong>Ograni\u010dena 5-godi\u0161nja garancija<\/strong><\/p>\n<p>Bojleri su smje\u0161teni u izdr\u017eljivom AISI 304 nehr\u0111aju\u0107em \u010deliku i dolaze s \u010dvrstim plasti\u010dnim poklopcem koji uklju\u010duje monta\u017ene nosa\u010de. Unutarnja povr\u0161ina izra\u0111ena je od AISI 316L nehr\u0111aju\u0107eg \u010delika, a jedinice su izolirane poliuretanskom pjenom. Opremljeni su sigurnosnim i nepovratnim ventilom postavljenim na 6 Bara +\/- 0,5 Bara, s motorom s priklju\u010dcima od 1\/2&#8243; BSP.<\/p>\n<p>Elektri\u010dni grija\u010di dostupni su u Incoloyu s 500W i 1200W, omogu\u0107uju\u0107i proizvodnju tople vode kada motorna toplina nije dostupna, ali je na raspolaganju 230V. Svaka jedinica opremljena je s podesivim sigurnosnim termostatom za kontrolu temperature tijekom elektri\u010dnog grijanja.<\/p>\n<p><strong>Dimenzije<\/strong><\/p>\n<table>\n<thead>\n<tr>\n<th>Broj dijela<\/th>\n<th>Elektri\u010dna opskrba<\/th>\n<th>Kapacitet skladi\u0161tenja<\/th>\n<th>Te\u017eina (prazna)<\/th>\n<th>A<\/th>\n<th>B<\/th>\n<th>C<\/th>\n<th>D<\/th>\n<th>E<\/th>\n<th>F<\/th>\n<\/tr>\n<\/thead>\n<tbody>\n<tr>\n<td>56-47455-01\/02<\/td>\n<td>220V<\/td>\n<td>22L (5.8 gal)<\/td>\n<td>10 kg (22 lbs)<\/td>\n<td>322 mm (12.7 in)<\/td>\n<td>290 mm (11.4 in)<\/td>\n<td>235 mm (9.25 in)<\/td>\n<td>325 mm (12.8 in)<\/td>\n<td>410 mm (16.1 in)<\/td>\n<td>485 mm (19.1 in)<\/td>\n<\/tr>\n<tr>\n<td>56-47455-03\/04<\/td>\n<td>500V<\/td>\n<td>30L (7.9 gal)<\/td>\n<td>11.5 kg (25.4 lbs)<\/td>\n<td>322 mm (12.7 in)<\/td>\n<td>290 mm (11.4 in)<\/td>\n<td>370 mm (14.6 in)<\/td>\n<td>325 mm (12.8 in)<\/td>\n<td>545 mm (21.5 in)<\/td>\n<td>620 mm (24.4 in)<\/td>\n<\/tr>\n<tr>\n<td>56-47457-01\/02<\/td>\n<td>200V<\/td>\n<td>45L (11.9 gal)<\/td>\n<td>15 kg (33.1 lbs)<\/td>\n<td>322 mm (12.7 in)<\/td>\n<td>290 mm (11.4 in)<\/td>\n<td>625 mm (24.6 in)<\/td>\n<td>325 mm (12.8 in)<\/td>\n<td>805 mm (31.7 in)<\/td>\n<td>880 mm (34.6 in)<\/td>\n<\/tr>\n<tr>\n<td>56-47458-01\/02<\/td>\n<td>200V<\/td>\n<td>60L (15.9 gal)<\/td>\n<td>17.3 kg (38.1 lbs)<\/td>\n<td>322 mm (12.7 in)<\/td>\n<td>290 mm (11.4 in)<\/td>\n<td>810 mm (31.9 in)<\/td>\n<td>325 mm (12.8 in)<\/td>\n<td>990 mm (39 in)<\/td>\n<td>1065 mm (41.9 in)<\/td>\n<\/tr>\n<tr>\n<td>56-47459-01\/02<\/td>\n<td>200V<\/td>\n<td>80L (21.1 gal)<\/td>\n<td>20 kg (44.1 lbs)<\/td>\n<td>322 mm (12.7 in)<\/td>\n<td>290 mm (11.4 in)<\/td>\n<td>1090 mm (42.9 in)<\/td>\n<td>325 mm (12.8 in)<\/td>\n<td>1270 mm (50 in)<\/td>\n<td>1345 mm (53 in)<\/td>\n<\/tr>\n<\/tbody>\n<\/table>\n<p><strong>Izvor napajanja:<\/strong> 220-240 V ~ 50 Hz ili 120 V &#8211; 60 Hz<br \/><strong>Vodni priklju\u010dci:<\/strong> \u00bd&#8221;<\/p>\n","protected":false},"excerpt":{"rendered":"<p>Grija\u010d vode Johnson AquaH 500w \/ 80l &#8211; Johnson Marine bojleri za vodu izra\u0111eni su od AISI 316 nehr\u0111aju\u0107eg \u010delika,<\/p>\n","protected":false},"featured_media":5938715,"comment_status":"open","ping_status":"closed","template":"","meta":[],"product_brand":[3046],"product_cat":[1651],"product_tag":[],"class_list":{"0":"post-743573","1":"product","2":"type-product","3":"status-publish","4":"has-post-thumbnail","6":"product_brand-johnson-marine-hr","7":"product_cat-grijaci-vode","9":"first","10":"instock","11":"shipping-taxable","12":"purchasable","13":"product-type-simple"},"_links":{"self":[{"href":"https:\/\/stoic-curie.212-227-153-4.plesk.page\/hr\/wp-json\/wp\/v2\/product\/743573","targetHints":{"allow":["GET"]}}],"collection":[{"href":"https:\/\/stoic-curie.212-227-153-4.plesk.page\/hr\/wp-json\/wp\/v2\/product"}],"about":[{"href":"https:\/\/stoic-curie.212-227-153-4.plesk.page\/hr\/wp-json\/wp\/v2\/types\/product"}],"replies":[{"embeddable":true,"href":"https:\/\/stoic-curie.212-227-153-4.plesk.page\/hr\/wp-json\/wp\/v2\/comments?post=743573"}],"version-history":[{"count":0,"href":"https:\/\/stoic-curie.212-227-153-4.plesk.page\/hr\/wp-json\/wp\/v2\/product\/743573\/revisions"}],"wp:featuredmedia":[{"embeddable":true,"href":"https:\/\/stoic-curie.212-227-153-4.plesk.page\/hr\/wp-json\/wp\/v2\/media\/5938715"}],"wp:attachment":[{"href":"https:\/\/stoic-curie.212-227-153-4.plesk.page\/hr\/wp-json\/wp\/v2\/media?parent=743573"}],"wp:term":[{"taxonomy":"product_brand","embeddable":true,"href":"https:\/\/stoic-curie.212-227-153-4.plesk.page\/hr\/wp-json\/wp\/v2\/product_brand?post=743573"},{"taxonomy":"product_cat","embeddable":true,"href":"https:\/\/stoic-curie.212-227-153-4.plesk.page\/hr\/wp-json\/wp\/v2\/product_cat?post=743573"},{"taxonomy":"product_tag","embeddable":true,"href":"https:\/\/stoic-curie.212-227-153-4.plesk.page\/hr\/wp-json\/wp\/v2\/product_tag?post=743573"}],"curies":[{"name":"wp","href":"https:\/\/api.w.org\/{rel}","templated":true}]}}