{"id":743577,"date":"2025-03-03T18:35:11","date_gmt":"2025-03-03T17:35:11","guid":{"rendered":"https:\/\/stoic-curie.212-227-153-4.plesk.page\/producto\/tecma-nano-24v-brodski-wc-s-sft-univerzalnom-plocom\/"},"modified":"2026-02-25T00:01:09","modified_gmt":"2026-02-25T00:01:09","slug":"tecma-nano-24v-brodski-wc-s-sft-univerzalnom-plocom","status":"publish","type":"product","link":"https:\/\/stoic-curie.212-227-153-4.plesk.page\/hr\/product\/tecma-nano-24v-brodski-wc-s-sft-univerzalnom-plocom\/","title":{"rendered":"Toalet Tecma Nano 24v (Sve-u-jednom SFT panel)"},"content":{"rendered":"<p>Toalet Tecma Nano 24v (Sve-u-jednom SFT panel) &#8211; <\/p>\n<p style=\"color: rgb(34, 34, 34); font-family: Arial, Helvetica, sans-serif; font-size: small;\">Toalet Tecma Nano 24v s All-in-One SFT panelom. Predstavljamo kompaktni toalet Tecma Nano, sa sjedalom od termo-stabilnog materijala koje savr\u0161eno balansira udobnost i kompaktni dizajn pru\u017eaju\u0107i visoke performanse. Ovaj toalet sadr\u017ei sna\u017enu pumpu za maceraciju, osiguravaju\u0107i ograni\u010denu potro\u0161nju vode i elektri\u010dne energije, uz nisku razinu zvu\u010dnih emisija. Instalacija i o\u017ei\u010denje su jednostavni i brzi, a zahtijeva minimalno odr\u017eavanje.<\/p>\n<p style=\"color: rgb(34, 34, 34); font-family: Arial, Helvetica, sans-serif; font-size: small;\">Tecma Nano mo\u017ee se upravljati pomo\u0107u dva kontrolna panela:<\/p>\n<ul style=\"color: rgb(34, 34, 34); font-family: Arial, Helvetica, sans-serif; font-size: small;\">\n<li><strong>Eco panel<\/strong>: Ovaj panel uklju\u010duje gumb za aktivaciju punjenja\/ispumpavanja.<\/li>\n<li><strong>All-in-One SFT panel<\/strong>: Ovaj panel sa dva gumba sadr\u017ei Smart Flush tehnologiju koja smanjuje potro\u0161nju vode i buku. Tako\u0111er uklju\u010duje indikator pra\u017enjenja crnog spremnika i funkciju za\u0161tite od prelijevanja vode.<\/li>\n<\/ul>\n<p style=\"color: rgb(34, 34, 34); font-family: Arial, Helvetica, sans-serif; font-size: small;\">Najkra\u0107i model dostupan, Nano kombinira udobnost, pouzdanost i performanse. Visina mu iznosi samo 295 mm i jednako je tih kao i drugi Tecma elektri\u010dni toaleti. Izra\u0111en od talijanske bijele keramike, ima sjedalo od termo-stabilnog poliestera i isporu\u010duje se s kontrolnim panelom Eco Rocker Switch. Dizajniran je za instalaciju s pumpom za more i uklju\u010duje solenoid za zaobila\u017eenje plinovodnog sustava broda.<\/p>\n<p style=\"color: rgb(34, 34, 34); font-family: Arial, Helvetica, sans-serif; font-size: small;\">Nano toalet koristi naprednu Turbine tehnologiju koja pru\u017ea sna\u017eno ispiranje otporno na za\u010depljenje. Ovaj model predstavlja vrhunsku kombinaciju u\u010dinkovitosti i kompaktne konstrukcije, nude\u0107i istu udobnost kao ve\u0107i ure\u0111aji. Posebno je dizajniran da zadovolji potrebe plovila du\u017eine ispod 50 stopa (15 metara). Tim za razvoj proizvoda Thetford Marine stvorio je elegantan dizajn koji je tako\u0111er fleksibilan za instalaciju zbog svoje kompaktne veli\u010dine.<\/p>\n<p style=\"color: rgb(34, 34, 34); font-family: Arial, Helvetica, sans-serif; font-size: small;\">Klju\u010dne zna\u010dajke uklju\u010duju:<\/p>\n<ul style=\"color: rgb(34, 34, 34); font-family: Arial, Helvetica, sans-serif; font-size: small;\">\n<li>Dva povratna ventila spojena s vodom kako bi sprije\u010dili probleme s mirisom.<\/li>\n<li>Iznimno tiho djelovanje.<\/li>\n<li>Kompatibilnost s sustavima ispiranja sirove vode i vode pod pritiskom.<\/li>\n<li>\u010cista, suha \u0161koljka nakon svakog sna\u017enog ispiranja.<\/li>\n<li>Jednostavan Eco rocker prekida\u010d za smanjenje potro\u0161nje energije i vode, ili pametna kontrola ispiranja s naprednim zna\u010dajkama kontrole ispiranja i spremnika.<\/li>\n<\/ul>\n<p style=\"color: rgb(34, 34, 34); font-family: Arial, Helvetica, sans-serif; font-size: small;\">Performanse pumpe za maceraciju zadovoljavaju sve standarde kvalitete, a tehnologija unutar toaleta je usavr\u0161ena kako bi se smanjile zvu\u010dne emisije dok se potro\u0161nja vode i elektri\u010dne energije odr\u017eava niskom. Instalacija, vodovodni sustav i o\u017ei\u010denje su brzi i jednostavni, uz prakti\u010dki neodr\u017eavanje.<\/p>\n<p style=\"color: rgb(34, 34, 34); font-family: Arial, Helvetica, sans-serif; font-size: small;\">Tecma Nano morski toaleti uobi\u010dajeni su na brodovima marke Chaparral, Monterey i Canados.<\/p>\n<p style=\"color: rgb(34, 34, 34); font-family: Arial, Helvetica, sans-serif; font-size: small;\"><strong>Specifikacije:<\/strong><\/p>\n<ul style=\"color: rgb(34, 34, 34); font-family: Arial, Helvetica, sans-serif; font-size: small;\">\n<li>Te\u017eina: 17,6 kg (38,8 lb)<\/li>\n<li>Izlazna pumpa: MAC 4 12V<\/li>\n<li>Ure\u0111aj za ulaz: Solenoid (opcionalna ulazna pumpa)<\/li>\n<\/ul>\n","protected":false},"excerpt":{"rendered":"<p>Toalet Tecma Nano 24v (Sve-u-jednom SFT panel) &#8211; Toalet Tecma Nano 24v s All-in-One SFT panelom. Predstavljamo kompaktni toalet Tecma<\/p>\n","protected":false},"featured_media":5941647,"comment_status":"open","ping_status":"closed","template":"","meta":[],"product_brand":[3471],"product_cat":[1675],"product_tag":[],"class_list":{"0":"post-743577","1":"product","2":"type-product","3":"status-publish","4":"has-post-thumbnail","6":"product_brand-tecma-hr","7":"product_cat-brodski-wc","9":"first","10":"instock","11":"shipping-taxable","12":"purchasable","13":"product-type-simple"},"_links":{"self":[{"href":"https:\/\/stoic-curie.212-227-153-4.plesk.page\/hr\/wp-json\/wp\/v2\/product\/743577","targetHints":{"allow":["GET"]}}],"collection":[{"href":"https:\/\/stoic-curie.212-227-153-4.plesk.page\/hr\/wp-json\/wp\/v2\/product"}],"about":[{"href":"https:\/\/stoic-curie.212-227-153-4.plesk.page\/hr\/wp-json\/wp\/v2\/types\/product"}],"replies":[{"embeddable":true,"href":"https:\/\/stoic-curie.212-227-153-4.plesk.page\/hr\/wp-json\/wp\/v2\/comments?post=743577"}],"version-history":[{"count":0,"href":"https:\/\/stoic-curie.212-227-153-4.plesk.page\/hr\/wp-json\/wp\/v2\/product\/743577\/revisions"}],"wp:featuredmedia":[{"embeddable":true,"href":"https:\/\/stoic-curie.212-227-153-4.plesk.page\/hr\/wp-json\/wp\/v2\/media\/5941647"}],"wp:attachment":[{"href":"https:\/\/stoic-curie.212-227-153-4.plesk.page\/hr\/wp-json\/wp\/v2\/media?parent=743577"}],"wp:term":[{"taxonomy":"product_brand","embeddable":true,"href":"https:\/\/stoic-curie.212-227-153-4.plesk.page\/hr\/wp-json\/wp\/v2\/product_brand?post=743577"},{"taxonomy":"product_cat","embeddable":true,"href":"https:\/\/stoic-curie.212-227-153-4.plesk.page\/hr\/wp-json\/wp\/v2\/product_cat?post=743577"},{"taxonomy":"product_tag","embeddable":true,"href":"https:\/\/stoic-curie.212-227-153-4.plesk.page\/hr\/wp-json\/wp\/v2\/product_tag?post=743577"}],"curies":[{"name":"wp","href":"https:\/\/api.w.org\/{rel}","templated":true}]}}