{"id":743580,"date":"2025-03-03T18:35:13","date_gmt":"2025-03-03T17:35:13","guid":{"rendered":"https:\/\/stoic-curie.212-227-153-4.plesk.page\/producto\/tecma-silence-plus-2g-24v-brodski-wc-s-sft-univerzalnom-plocom\/"},"modified":"2026-02-25T00:01:09","modified_gmt":"2026-02-25T00:01:09","slug":"tecma-silence-plus-2g-24v-brodski-wc-s-sft-univerzalnom-plocom","status":"publish","type":"product","link":"https:\/\/stoic-curie.212-227-153-4.plesk.page\/hr\/product\/tecma-silence-plus-2g-24v-brodski-wc-s-sft-univerzalnom-plocom\/","title":{"rendered":"Tecma Silence Plus 2G 24V brodski WC (All-in-One SFT Panel)"},"content":{"rendered":"<p>Tecma Silence Plus 2G 24V brodski WC (All-in-One SFT Panel) &#8211; <\/p>\n<p style=\"color: rgb(34, 34, 34); font-family: Arial, Helvetica, sans-serif; font-size: small;\">Toalet Tecma Silence Plus 2G s panelom SFT sve-u-jednom<\/p>\n<p style=\"color: rgb(34, 34, 34); font-family: Arial, Helvetica, sans-serif; font-size: small;\">Toalet Tecma Silence Plus 2G radi na 24V elektri\u010dnom sustavu i opremljen je standardnim SFT sve-u-jednom panelom koji se sastoji od dvoklik odre\u0111iva\u010da za dodavanje vode i funkcije ispiranja. Ovaj model koristi tehnologiju Smart Flush koja jam\u010di smanjenu potro\u0161nju vode i minimalnu buku. Osim toga, opremljen je za\u0161titom od prelijevanja vode i monitoringom rezervoara otpada, \u0161to pobolj\u0161ava korisni\u010dku udobnost. Njegov vizualno privla\u010dan dizajn doprinosi udobnosti u sku\u010denim prostorima, dok je termoplasti\u010dno sjedalo opremljeno mehanizmom za tiho zatvaranje kako bi se sprije\u010dila o\u0161te\u0107enja i smanjila buka. Projektiran za u\u010dinkovitost, zna\u010dajno smanjuje potro\u0161nju vode, elektri\u010dnu energiju i razine zvuka. Procesi instalacije i kabliranja su jednostavni, a ne zahtijevaju kontinuirano odr\u017eavanje.<\/p>\n<p style=\"color: rgb(34, 34, 34); font-family: Arial, Helvetica, sans-serif; font-size: small;\">Silence Plus 2G spaja cijenjenu pouzdanost Thetforda s sofisticiranim talijanskim dizajnom, predstavljaju\u0107i vrhunske pomorske tehnologije toaletnog ure\u0111aja. Kao opcija &#8216;velike zdjele&#8217; unutar serije Flexi-Line, slu\u017ei kao kamen temeljac ove kolekcije. S pobolj\u0161anim zna\u010dajkama i napretkom svoje druge generacije, Silence Plus 2G nudi izvrsnu izvedbu i udobnost. Njegova du\u017eina od 51 cm (20,1 in\u010da) osigurava iskustvo sjedenja kakvo nude konvencionalni toalet.<\/p>\n<p style=\"color: rgb(34, 34, 34); font-family: Arial, Helvetica, sans-serif; font-size: small;\">Ovaj sofisticirani model tako\u0111er uklju\u010duje sjedalo koje odgovara, Bidet Silence Plus 2G, stvaraju\u0107i idealan par za va\u0161u kupaonicu.<\/p>\n<p style=\"color: rgb(34, 34, 34); font-family: Arial, Helvetica, sans-serif; font-size: small;\">Silence Plus predstavlja ve\u0107u varijantu serije Thetford Flexi-Line elektri\u010dnih toaleta, projektiranu za superioru u\u010dinkovitost i udobnost. Prostrana du\u017eina od 51 cm jam\u010di udobno iskustvo sjedenja, kako to nagla\u0161ava Thetford. Moderni talijanski kerami\u010dki umivaonik, zajedno s pobolj\u0161anim sustavom maceratora druge generacije tvrtke Thetford, \u010dini ovu toaletnu \u0161koljku izvanrednim izborom za pomorske primjene.<\/p>\n<p style=\"color: rgb(34, 34, 34); font-family: Arial, Helvetica, sans-serif; font-size: small;\">Ovaj model je osmi\u0161ljen za instalaciju na povi\u0161enom stepenu od 10 cm, a svi vodovodni dijelovi su pametno prikriveni unutar ku\u0107i\u0161ta toaletnog aparata, omogu\u0107uju\u0107i neprimjetno uklapanje uz zid i pod.<\/p>\n<p style=\"color: rgb(34, 34, 34); font-family: Arial, Helvetica, sans-serif; font-size: small;\">Klju\u010dne zna\u010dajke:<\/p>\n<ul style=\"color: rgb(34, 34, 34); font-family: Arial, Helvetica, sans-serif; font-size: small;\">\n<li>Prostrana talijanska kerami\u010dka zdjela<\/li>\n<li>Higijenski termoplasti\u010dni sjedalo s mekim zatvaranjem<\/li>\n<li>Kontrolni panel s izmjenjivim bijelim ili crnim okvirom<\/li>\n<li>Prilagodiva potro\u0161nja vode, s mogu\u0107no\u0161\u0107u spajanja na mjera\u010d rezervoara kako bi se sprije\u010dilo prelijevanje<\/li>\n<li>Jednostavna instalacija na pritisnutu sustav \u010diste vode<\/li>\n<li>Opcija povezivanja s neobra\u0111enom vodom (morskom) pogodnom<\/li>\n<li>Tri integrirane sigurnosne ventile<\/li>\n<li>Vortex propeler visoke brzine<\/li>\n<li>Ugra\u0111ena zra\u010dna ventil<\/li>\n<\/ul>\n<p style=\"color: rgb(34, 34, 34); font-family: Arial, Helvetica, sans-serif; font-size: small;\">Ovaj paket toaleta uklju\u010duje sve potrebne komponente za instalaciju: odvod otpada od 38 mm, ulaz vode od 19 mm i kompletnu \u017ei\u010danu strukturu.<\/p>\n<p style=\"color: rgb(34, 34, 34); font-family: Arial, Helvetica, sans-serif; font-size: small;\">Tecma Silence Plus 2G je visokokvalitetni unaprije\u0111eni WC koji je jednostavan za instalaciju i predstavlja odli\u010dan napredak u odnosu na tradicionalne gravitacijske sustave.<\/p>\n","protected":false},"excerpt":{"rendered":"<p>Tecma Silence Plus 2G 24V brodski WC (All-in-One SFT Panel) &#8211; Toalet Tecma Silence Plus 2G s panelom SFT sve-u-jednom<\/p>\n","protected":false},"featured_media":5945372,"comment_status":"open","ping_status":"closed","template":"","meta":[],"product_brand":[3471],"product_cat":[1675],"product_tag":[],"class_list":{"0":"post-743580","1":"product","2":"type-product","3":"status-publish","4":"has-post-thumbnail","6":"product_brand-tecma-hr","7":"product_cat-brodski-wc","9":"first","10":"instock","11":"shipping-taxable","12":"purchasable","13":"product-type-simple"},"_links":{"self":[{"href":"https:\/\/stoic-curie.212-227-153-4.plesk.page\/hr\/wp-json\/wp\/v2\/product\/743580","targetHints":{"allow":["GET"]}}],"collection":[{"href":"https:\/\/stoic-curie.212-227-153-4.plesk.page\/hr\/wp-json\/wp\/v2\/product"}],"about":[{"href":"https:\/\/stoic-curie.212-227-153-4.plesk.page\/hr\/wp-json\/wp\/v2\/types\/product"}],"replies":[{"embeddable":true,"href":"https:\/\/stoic-curie.212-227-153-4.plesk.page\/hr\/wp-json\/wp\/v2\/comments?post=743580"}],"version-history":[{"count":0,"href":"https:\/\/stoic-curie.212-227-153-4.plesk.page\/hr\/wp-json\/wp\/v2\/product\/743580\/revisions"}],"wp:featuredmedia":[{"embeddable":true,"href":"https:\/\/stoic-curie.212-227-153-4.plesk.page\/hr\/wp-json\/wp\/v2\/media\/5945372"}],"wp:attachment":[{"href":"https:\/\/stoic-curie.212-227-153-4.plesk.page\/hr\/wp-json\/wp\/v2\/media?parent=743580"}],"wp:term":[{"taxonomy":"product_brand","embeddable":true,"href":"https:\/\/stoic-curie.212-227-153-4.plesk.page\/hr\/wp-json\/wp\/v2\/product_brand?post=743580"},{"taxonomy":"product_cat","embeddable":true,"href":"https:\/\/stoic-curie.212-227-153-4.plesk.page\/hr\/wp-json\/wp\/v2\/product_cat?post=743580"},{"taxonomy":"product_tag","embeddable":true,"href":"https:\/\/stoic-curie.212-227-153-4.plesk.page\/hr\/wp-json\/wp\/v2\/product_tag?post=743580"}],"curies":[{"name":"wp","href":"https:\/\/api.w.org\/{rel}","templated":true}]}}