{"id":743594,"date":"2025-03-03T18:35:16","date_gmt":"2025-03-03T17:35:16","guid":{"rendered":"https:\/\/stoic-curie.212-227-153-4.plesk.page\/producto\/rezervno-sjedalo-za-tecma-silence-plus-t-278tbfr\/"},"modified":"2026-02-25T00:01:09","modified_gmt":"2026-02-25T00:01:09","slug":"rezervno-sjedalo-za-tecma-silence-plus-t-278tbfr","status":"publish","type":"product","link":"https:\/\/stoic-curie.212-227-153-4.plesk.page\/hr\/product\/rezervno-sjedalo-za-tecma-silence-plus-t-278tbfr\/","title":{"rendered":"Rezervno sjedalo za Tecma Silence Plus T-278TBFR"},"content":{"rendered":"<p>Rezervno sjedalo za Tecma Silence Plus T-278TBFR &#8211; <\/p>\n<p>Dizajn (Breeze) i Flexi (Silence, Elegance) serije WC \u0161koljki, sjedala i \u0161arki. PE: Klasi\u010dno i robusno sjedi\u0161te od poliestera s poklopcem, oboje je vidljivo. TE: Moderno i lagano sjedi\u0161te od termosettinga s poklopcem koji skriva sjedi\u0161te. Soft Closing: \u0161arke s sustavom prigu\u0161enja kako bi se izbjegla o\u0161te\u0107enja i buka.<\/p>\n","protected":false},"excerpt":{"rendered":"<p>Rezervno sjedalo za Tecma Silence Plus T-278TBFR &#8211; Dizajn (Breeze) i Flexi (Silence, Elegance) serije WC \u0161koljki, sjedala i \u0161arki.<\/p>\n","protected":false},"featured_media":5945393,"comment_status":"open","ping_status":"closed","template":"","meta":[],"product_brand":[3471],"product_cat":[1675],"product_tag":[],"class_list":{"0":"post-743594","1":"product","2":"type-product","3":"status-publish","4":"has-post-thumbnail","6":"product_brand-tecma-hr","7":"product_cat-brodski-wc","9":"first","10":"instock","11":"shipping-taxable","12":"purchasable","13":"product-type-simple"},"_links":{"self":[{"href":"https:\/\/stoic-curie.212-227-153-4.plesk.page\/hr\/wp-json\/wp\/v2\/product\/743594","targetHints":{"allow":["GET"]}}],"collection":[{"href":"https:\/\/stoic-curie.212-227-153-4.plesk.page\/hr\/wp-json\/wp\/v2\/product"}],"about":[{"href":"https:\/\/stoic-curie.212-227-153-4.plesk.page\/hr\/wp-json\/wp\/v2\/types\/product"}],"replies":[{"embeddable":true,"href":"https:\/\/stoic-curie.212-227-153-4.plesk.page\/hr\/wp-json\/wp\/v2\/comments?post=743594"}],"version-history":[{"count":0,"href":"https:\/\/stoic-curie.212-227-153-4.plesk.page\/hr\/wp-json\/wp\/v2\/product\/743594\/revisions"}],"wp:featuredmedia":[{"embeddable":true,"href":"https:\/\/stoic-curie.212-227-153-4.plesk.page\/hr\/wp-json\/wp\/v2\/media\/5945393"}],"wp:attachment":[{"href":"https:\/\/stoic-curie.212-227-153-4.plesk.page\/hr\/wp-json\/wp\/v2\/media?parent=743594"}],"wp:term":[{"taxonomy":"product_brand","embeddable":true,"href":"https:\/\/stoic-curie.212-227-153-4.plesk.page\/hr\/wp-json\/wp\/v2\/product_brand?post=743594"},{"taxonomy":"product_cat","embeddable":true,"href":"https:\/\/stoic-curie.212-227-153-4.plesk.page\/hr\/wp-json\/wp\/v2\/product_cat?post=743594"},{"taxonomy":"product_tag","embeddable":true,"href":"https:\/\/stoic-curie.212-227-153-4.plesk.page\/hr\/wp-json\/wp\/v2\/product_tag?post=743594"}],"curies":[{"name":"wp","href":"https:\/\/api.w.org\/{rel}","templated":true}]}}