{"id":743595,"date":"2025-03-03T18:35:17","date_gmt":"2025-03-03T17:35:17","guid":{"rendered":"https:\/\/stoic-curie.212-227-153-4.plesk.page\/producto\/rezervne-sarke-za-tecma-silence-plus-t-pf-p83\/"},"modified":"2026-02-25T00:01:09","modified_gmt":"2026-02-25T00:01:09","slug":"rezervne-sarke-za-tecma-silence-plus-t-pf-p83","status":"publish","type":"product","link":"https:\/\/stoic-curie.212-227-153-4.plesk.page\/hr\/product\/rezervne-sarke-za-tecma-silence-plus-t-pf-p83\/","title":{"rendered":"Rezervne \u0161arke za Tecma Silence Plus T-PF. P83"},"content":{"rendered":"<p>Rezervne \u0161arke za Tecma Silence Plus T-PF. P83 &#8211; <\/p>\n<p>Dizajn (Breeze) i Flexi (Silence, Elegance) serije sjedala i \u0161arki za WC. PE: Klasi\u010dno i robusno sjedalo od poliestera s poklopcem, gdje su sjedalo i poklopac oba vidljiva. TE: Moderno i lagano sjedalo od termosetnog materijala s poklopcem koji skriva sjedalo. Mekano zatvaranje: \u0161arke s sustavom prigu\u0161enja kako bi se izbjegla o\u0161te\u0107enja i buka.<\/p>\n","protected":false},"excerpt":{"rendered":"<p>Rezervne \u0161arke za Tecma Silence Plus T-PF. P83 &#8211; Dizajn (Breeze) i Flexi (Silence, Elegance) serije sjedala i \u0161arki za<\/p>\n","protected":false},"featured_media":5945395,"comment_status":"open","ping_status":"closed","template":"","meta":[],"product_brand":[3471],"product_cat":[1675],"product_tag":[],"class_list":{"0":"post-743595","1":"product","2":"type-product","3":"status-publish","4":"has-post-thumbnail","6":"product_brand-tecma-hr","7":"product_cat-brodski-wc","9":"first","10":"instock","11":"shipping-taxable","12":"purchasable","13":"product-type-simple"},"_links":{"self":[{"href":"https:\/\/stoic-curie.212-227-153-4.plesk.page\/hr\/wp-json\/wp\/v2\/product\/743595","targetHints":{"allow":["GET"]}}],"collection":[{"href":"https:\/\/stoic-curie.212-227-153-4.plesk.page\/hr\/wp-json\/wp\/v2\/product"}],"about":[{"href":"https:\/\/stoic-curie.212-227-153-4.plesk.page\/hr\/wp-json\/wp\/v2\/types\/product"}],"replies":[{"embeddable":true,"href":"https:\/\/stoic-curie.212-227-153-4.plesk.page\/hr\/wp-json\/wp\/v2\/comments?post=743595"}],"version-history":[{"count":0,"href":"https:\/\/stoic-curie.212-227-153-4.plesk.page\/hr\/wp-json\/wp\/v2\/product\/743595\/revisions"}],"wp:featuredmedia":[{"embeddable":true,"href":"https:\/\/stoic-curie.212-227-153-4.plesk.page\/hr\/wp-json\/wp\/v2\/media\/5945395"}],"wp:attachment":[{"href":"https:\/\/stoic-curie.212-227-153-4.plesk.page\/hr\/wp-json\/wp\/v2\/media?parent=743595"}],"wp:term":[{"taxonomy":"product_brand","embeddable":true,"href":"https:\/\/stoic-curie.212-227-153-4.plesk.page\/hr\/wp-json\/wp\/v2\/product_brand?post=743595"},{"taxonomy":"product_cat","embeddable":true,"href":"https:\/\/stoic-curie.212-227-153-4.plesk.page\/hr\/wp-json\/wp\/v2\/product_cat?post=743595"},{"taxonomy":"product_tag","embeddable":true,"href":"https:\/\/stoic-curie.212-227-153-4.plesk.page\/hr\/wp-json\/wp\/v2\/product_tag?post=743595"}],"curies":[{"name":"wp","href":"https:\/\/api.w.org\/{rel}","templated":true}]}}