{"id":743597,"date":"2025-03-03T18:35:17","date_gmt":"2025-03-03T17:35:17","guid":{"rendered":"https:\/\/stoic-curie.212-227-153-4.plesk.page\/producto\/rezervne-sarke-za-tecma-elegance-t-pf-p84\/"},"modified":"2026-02-25T00:01:10","modified_gmt":"2026-02-25T00:01:10","slug":"rezervne-sarke-za-tecma-elegance-t-pf-p84","status":"publish","type":"product","link":"https:\/\/stoic-curie.212-227-153-4.plesk.page\/hr\/product\/rezervne-sarke-za-tecma-elegance-t-pf-p84\/","title":{"rendered":"Rezervne \u0161arke za Tecma Elegance T-PF. P84."},"content":{"rendered":"<p>Rezervne \u0161arke za Tecma Elegance T-PF. P84. &#8211; <\/p>\n<p>Sjedala i \u0161arke za toaletne \u0161koljke serija Design (Breeze) i Flexi (Silence, Elegance). PE: Klasi\u010dno i robusno sjedalo od poliestera s vidljivim poklopcem i sjedalom. TE: Moderan i lagan sjedalo od termoplasta s poklopcem koji skriva sjedalo. Mekano zatvaranje: \u0161arke sa sustavom prigu\u0161enja za sprje\u010davanje o\u0161te\u0107enja i buke.<\/p>\n","protected":false},"excerpt":{"rendered":"<p>Rezervne \u0161arke za Tecma Elegance T-PF. P84. &#8211; Sjedala i \u0161arke za toaletne \u0161koljke serija Design (Breeze) i Flexi (Silence,<\/p>\n","protected":false},"featured_media":5945395,"comment_status":"open","ping_status":"closed","template":"","meta":[],"product_brand":[3471],"product_cat":[1675],"product_tag":[],"class_list":{"0":"post-743597","1":"product","2":"type-product","3":"status-publish","4":"has-post-thumbnail","6":"product_brand-tecma-hr","7":"product_cat-brodski-wc","9":"first","10":"instock","11":"shipping-taxable","12":"purchasable","13":"product-type-simple"},"_links":{"self":[{"href":"https:\/\/stoic-curie.212-227-153-4.plesk.page\/hr\/wp-json\/wp\/v2\/product\/743597","targetHints":{"allow":["GET"]}}],"collection":[{"href":"https:\/\/stoic-curie.212-227-153-4.plesk.page\/hr\/wp-json\/wp\/v2\/product"}],"about":[{"href":"https:\/\/stoic-curie.212-227-153-4.plesk.page\/hr\/wp-json\/wp\/v2\/types\/product"}],"replies":[{"embeddable":true,"href":"https:\/\/stoic-curie.212-227-153-4.plesk.page\/hr\/wp-json\/wp\/v2\/comments?post=743597"}],"version-history":[{"count":0,"href":"https:\/\/stoic-curie.212-227-153-4.plesk.page\/hr\/wp-json\/wp\/v2\/product\/743597\/revisions"}],"wp:featuredmedia":[{"embeddable":true,"href":"https:\/\/stoic-curie.212-227-153-4.plesk.page\/hr\/wp-json\/wp\/v2\/media\/5945395"}],"wp:attachment":[{"href":"https:\/\/stoic-curie.212-227-153-4.plesk.page\/hr\/wp-json\/wp\/v2\/media?parent=743597"}],"wp:term":[{"taxonomy":"product_brand","embeddable":true,"href":"https:\/\/stoic-curie.212-227-153-4.plesk.page\/hr\/wp-json\/wp\/v2\/product_brand?post=743597"},{"taxonomy":"product_cat","embeddable":true,"href":"https:\/\/stoic-curie.212-227-153-4.plesk.page\/hr\/wp-json\/wp\/v2\/product_cat?post=743597"},{"taxonomy":"product_tag","embeddable":true,"href":"https:\/\/stoic-curie.212-227-153-4.plesk.page\/hr\/wp-json\/wp\/v2\/product_tag?post=743597"}],"curies":[{"name":"wp","href":"https:\/\/api.w.org\/{rel}","templated":true}]}}