{"id":743600,"date":"2025-03-03T18:35:18","date_gmt":"2025-03-03T17:35:18","guid":{"rendered":"https:\/\/stoic-curie.212-227-153-4.plesk.page\/producto\/spremnik-za-otpadne-vode-s-pumpom-12v-jabsco-model-flat-35lt\/"},"modified":"2026-02-25T00:01:10","modified_gmt":"2026-02-25T00:01:10","slug":"spremnik-za-otpadne-vode-s-pumpom-12v-jabsco-model-flat-35lt","status":"publish","type":"product","link":"https:\/\/stoic-curie.212-227-153-4.plesk.page\/hr\/product\/spremnik-za-otpadne-vode-s-pumpom-12v-jabsco-model-flat-35lt\/","title":{"rendered":"Spremnik za otpadne vode s pumpom 12V Jabsco ( model Flat 35lt)"},"content":{"rendered":"<p>Spremnik za otpadne vode s pumpom 12V Jabsco ( model Flat 35lt) &#8211; <\/p>\n<p>Rezervoari za otpadne i kanalizacijske vode od visokomedijalnog polietilena pa\u017eljivo su izra\u0111eni s naglaskom na snagu i u\u010dinkovitost, a dolaze potpuno opremljeni pouzdanim sustavom ispuha prilago\u0111enim va\u0161im potrebama na plovilu. Svaki rezervoar uklju\u010duje \u010dvrstu 12V samousisnu Jabsco pumpu, poznatu po svojoj pouzdanosti i izvanrednoj u\u010dinkovitosti. Ova pumpa je dizajnirana s 38 mm priklju\u010dkom, osiguravaju\u0107i sigurno povezivanje za u\u010dinkovito odlaganje otpada.<\/p>\n<p>Kako bismo pobolj\u0161ali pristupa\u010dnost, svaki rezervoar ima prakti\u010dan otvor s 10 rupa, koji omogu\u0107ava jednostavan pristup tijekom odr\u017eavanja kada je to potrebno. Dodatno, nudimo zakretni spojnik cijevi na crijevo promjera 38 mm, pru\u017eaju\u0107i fleksibilnost tijekom instalacije. Za dodatnu svestranost, uklju\u010dujemo i spojnik od nehr\u0111aju\u0107eg \u010delika promjera 16 mm, osiguravaju\u0107i kompatibilnost s raznim sustavima.<\/p>\n<p>Kako biste precizno pratili razinu otpada, osiguravamo tubularni mjera\u010d razine od 240-33 Ohma, koji poma\u017ee u pra\u0107enju sadr\u017eaja rezervoara. \u0160tovi\u0161e, kako bismo smanjili neugodne mirise, uklju\u010deni su filtar protiv mirisa, zajedno s ventilacijskom petljom i ispu\u0161nom sifonom. Ovaj sveobuhvatan sustav osigurava u\u010dinkovito upravljanje otpadom, \u010dine\u0107i ga vitalnim dodatkom va\u0161em iskustvu na plovilu.<\/p>\n","protected":false},"excerpt":{"rendered":"<p>Spremnik za otpadne vode s pumpom 12V Jabsco ( model Flat 35lt) &#8211; Rezervoari za otpadne i kanalizacijske vode od<\/p>\n","protected":false},"featured_media":5945399,"comment_status":"open","ping_status":"closed","template":"","meta":[],"product_brand":[2856],"product_cat":[1649],"product_tag":[],"class_list":{"0":"post-743600","1":"product","2":"type-product","3":"status-publish","4":"has-post-thumbnail","6":"product_brand-can-marine-hr","7":"product_cat-spremnici-za-otpadne-vode","9":"first","10":"instock","11":"shipping-taxable","12":"purchasable","13":"product-type-simple"},"_links":{"self":[{"href":"https:\/\/stoic-curie.212-227-153-4.plesk.page\/hr\/wp-json\/wp\/v2\/product\/743600","targetHints":{"allow":["GET"]}}],"collection":[{"href":"https:\/\/stoic-curie.212-227-153-4.plesk.page\/hr\/wp-json\/wp\/v2\/product"}],"about":[{"href":"https:\/\/stoic-curie.212-227-153-4.plesk.page\/hr\/wp-json\/wp\/v2\/types\/product"}],"replies":[{"embeddable":true,"href":"https:\/\/stoic-curie.212-227-153-4.plesk.page\/hr\/wp-json\/wp\/v2\/comments?post=743600"}],"version-history":[{"count":0,"href":"https:\/\/stoic-curie.212-227-153-4.plesk.page\/hr\/wp-json\/wp\/v2\/product\/743600\/revisions"}],"wp:featuredmedia":[{"embeddable":true,"href":"https:\/\/stoic-curie.212-227-153-4.plesk.page\/hr\/wp-json\/wp\/v2\/media\/5945399"}],"wp:attachment":[{"href":"https:\/\/stoic-curie.212-227-153-4.plesk.page\/hr\/wp-json\/wp\/v2\/media?parent=743600"}],"wp:term":[{"taxonomy":"product_brand","embeddable":true,"href":"https:\/\/stoic-curie.212-227-153-4.plesk.page\/hr\/wp-json\/wp\/v2\/product_brand?post=743600"},{"taxonomy":"product_cat","embeddable":true,"href":"https:\/\/stoic-curie.212-227-153-4.plesk.page\/hr\/wp-json\/wp\/v2\/product_cat?post=743600"},{"taxonomy":"product_tag","embeddable":true,"href":"https:\/\/stoic-curie.212-227-153-4.plesk.page\/hr\/wp-json\/wp\/v2\/product_tag?post=743600"}],"curies":[{"name":"wp","href":"https:\/\/api.w.org\/{rel}","templated":true}]}}