{"id":743601,"date":"2025-03-03T18:35:18","date_gmt":"2025-03-03T17:35:18","guid":{"rendered":"https:\/\/stoic-curie.212-227-153-4.plesk.page\/producto\/spremnik-za-otpadne-vode-s-pumpom-12v-jabsco-model-flat-48lt\/"},"modified":"2026-02-25T00:01:10","modified_gmt":"2026-02-25T00:01:10","slug":"spremnik-za-otpadne-vode-s-pumpom-12v-jabsco-model-flat-48lt","status":"publish","type":"product","link":"https:\/\/stoic-curie.212-227-153-4.plesk.page\/hr\/product\/spremnik-za-otpadne-vode-s-pumpom-12v-jabsco-model-flat-48lt\/","title":{"rendered":"Spremnik za otpadne vode s pumpom 12V Jabsco ( model Flat 48lt)"},"content":{"rendered":"<p>Spremnik za otpadne vode s pumpom 12V Jabsco ( model Flat 48lt) &#8211; <\/p>\n<p>Spremnici za kanalizaciju i otpad izra\u0111eni od polietilena visoke gusto\u0107e pa\u017eljivo su konstruirani s naglaskom na \u010dvrsto\u0107u i u\u010dinkovitost, a dolaze potpuno opremljeni pouzdanim sustavom ispu\u0161tanja kako bi zadovoljili va\u0161e brodske potrebe. Svaki spremnik opremljen je \u010dvrstom 12V samousisnom pumpom Jabsco, poznatom po svojoj pouzdanosti i izvrsnoj izvedbi. Ova pumpa uklju\u010duje priklju\u010dak od 38 mm, osiguravaju\u0107i sigurno spajanje za u\u010dinkovito odlaganje otpada.<\/p>\n<p>Kako bismo pobolj\u0161ali pristupa\u010dnost, svaki spremnik ima prakti\u010dnu otvore s 10 rupa, \u0161to olak\u0161ava pristup za odr\u017eavanje kada je to potrebno. Osim toga, nudimo rotiraju\u0107i spojnik cijevi do crijeva dimenzija 38 mm, pru\u017eaju\u0107i fleksibilnost u va\u0161oj instalaciji. Za dodatnu prilagodljivost, tako\u0111er je dostupan spojnik od nehr\u0111aju\u0107eg \u010delika dimenzija 16 mm, osiguravaju\u0107i kompatibilnost s razli\u010ditim sustavima.<\/p>\n<p>Kako bismo vam pomogli u to\u010dnom pra\u0107enju razine otpada, uklju\u010dujemo tubularni raz Sender razine 240-33 Ohm, koji poma\u017ee u pra\u0107enju sadr\u017eaja spremnika. \u0160to se ti\u010de smanjenja neugodnih mirisa, uklju\u010deni su i filteri za miris, zajedno s ventilacijskom petljom i ispu\u0161nim sifonom. Ova sveobuhvatna oprema osigurava u\u010dinkovito upravljanje otpadom, \u010dine\u0107i ju vitalnim dodatkom va\u0161em brodskom iskustvu.<\/p>\n","protected":false},"excerpt":{"rendered":"<p>Spremnik za otpadne vode s pumpom 12V Jabsco ( model Flat 48lt) &#8211; Spremnici za kanalizaciju i otpad izra\u0111eni od<\/p>\n","protected":false},"featured_media":5945399,"comment_status":"open","ping_status":"closed","template":"","meta":[],"product_brand":[2856],"product_cat":[1649,1656],"product_tag":[],"class_list":{"0":"post-743601","1":"product","2":"type-product","3":"status-publish","4":"has-post-thumbnail","6":"product_brand-can-marine-hr","7":"product_cat-spremnici-za-otpadne-vode","8":"product_cat-sustavi-sive-vode","10":"first","11":"instock","12":"shipping-taxable","13":"purchasable","14":"product-type-simple"},"_links":{"self":[{"href":"https:\/\/stoic-curie.212-227-153-4.plesk.page\/hr\/wp-json\/wp\/v2\/product\/743601","targetHints":{"allow":["GET"]}}],"collection":[{"href":"https:\/\/stoic-curie.212-227-153-4.plesk.page\/hr\/wp-json\/wp\/v2\/product"}],"about":[{"href":"https:\/\/stoic-curie.212-227-153-4.plesk.page\/hr\/wp-json\/wp\/v2\/types\/product"}],"replies":[{"embeddable":true,"href":"https:\/\/stoic-curie.212-227-153-4.plesk.page\/hr\/wp-json\/wp\/v2\/comments?post=743601"}],"version-history":[{"count":0,"href":"https:\/\/stoic-curie.212-227-153-4.plesk.page\/hr\/wp-json\/wp\/v2\/product\/743601\/revisions"}],"wp:featuredmedia":[{"embeddable":true,"href":"https:\/\/stoic-curie.212-227-153-4.plesk.page\/hr\/wp-json\/wp\/v2\/media\/5945399"}],"wp:attachment":[{"href":"https:\/\/stoic-curie.212-227-153-4.plesk.page\/hr\/wp-json\/wp\/v2\/media?parent=743601"}],"wp:term":[{"taxonomy":"product_brand","embeddable":true,"href":"https:\/\/stoic-curie.212-227-153-4.plesk.page\/hr\/wp-json\/wp\/v2\/product_brand?post=743601"},{"taxonomy":"product_cat","embeddable":true,"href":"https:\/\/stoic-curie.212-227-153-4.plesk.page\/hr\/wp-json\/wp\/v2\/product_cat?post=743601"},{"taxonomy":"product_tag","embeddable":true,"href":"https:\/\/stoic-curie.212-227-153-4.plesk.page\/hr\/wp-json\/wp\/v2\/product_tag?post=743601"}],"curies":[{"name":"wp","href":"https:\/\/api.w.org\/{rel}","templated":true}]}}