{"id":743602,"date":"2025-03-03T18:35:19","date_gmt":"2025-03-03T17:35:19","guid":{"rendered":"https:\/\/stoic-curie.212-227-153-4.plesk.page\/producto\/spremnik-za-otpadne-vode-s-pumpom-12v-jabsco-model-flat-61lt\/"},"modified":"2026-02-25T00:01:10","modified_gmt":"2026-02-25T00:01:10","slug":"spremnik-za-otpadne-vode-s-pumpom-12v-jabsco-model-flat-61lt","status":"publish","type":"product","link":"https:\/\/stoic-curie.212-227-153-4.plesk.page\/hr\/product\/spremnik-za-otpadne-vode-s-pumpom-12v-jabsco-model-flat-61lt\/","title":{"rendered":"Spremnik za otpadne vode s pumpom 12V Jabsco ( model Flat 61lt)"},"content":{"rendered":"<p>Spremnik za otpadne vode s pumpom 12V Jabsco ( model Flat 61lt) &#8211; <\/p>\n<p>Spremnici za otpad i kanalizaciju od visokoudarne polietilenske plastike pa\u017eljivo su dizajnirani s naglaskom na izdr\u017eljivost i u\u010dinkovitost, a potpuno su opremljeni pouzdanim sustavom za ispu\u0161tanje kako bi zadovoljili va\u0161e potrebe na plovidbi. Svaki spremnik ima sna\u017enu 12V samopretrpnu pumpu Jabsco, poznatu po svojoj pouzdanosti i visokim performansama. Ova pumpa opremljena je priklju\u010dkom od 38 mm, \u0161to osigurava sigurno povezivanje za u\u010dinkovito upravljanje otpadom.<\/p>\n<p>Kako bi se olak\u0161ao pristup, svaki spremnik opremljen je prakti\u010dnim otvaranjem s 10 rupa, \u0161to olak\u0161ava pristup za odr\u017eavanje kada je to potrebno. Nadalje, pru\u017eamo rotiraju\u0107i spojnik cijevi s priklju\u010dkom za crijevo u mjernoj veli\u010dini 38 mm, koji nudi fleksibilnost u va\u0161em ure\u0111aju. Za dodatnu svestranost, tako\u0111er je uklju\u010den spojnik od nehr\u0111aju\u0107eg \u010delika veli\u010dine 16 mm, \u0161to osigurava kompatibilnost s razli\u010ditim sustavima.<\/p>\n<p>Kako bismo to\u010dno pratili razinu otpada, isporu\u010dujemo tubularni senzor razine 240-33 Ohm, koji poma\u017ee u pra\u0107enju sadr\u017eaja spremnika. Osim toga, kako bismo smanjili neugodne mirise, uklju\u010deni su i filter protiv mirisa s ventilacijskim krakom i ispu\u0161nom sifonom. Ova sveobuhvatna oprema jam\u010di u\u010dinkovito upravljanje otpadom, \u010dine\u0107i je bitnim dodatkom va\u0161em iskustvu plovidbe.<\/p>\n","protected":false},"excerpt":{"rendered":"<p>Spremnik za otpadne vode s pumpom 12V Jabsco ( model Flat 61lt) &#8211; Spremnici za otpad i kanalizaciju od visokoudarne<\/p>\n","protected":false},"featured_media":5945399,"comment_status":"open","ping_status":"closed","template":"","meta":[],"product_brand":[2856],"product_cat":[1649,1656],"product_tag":[],"class_list":{"0":"post-743602","1":"product","2":"type-product","3":"status-publish","4":"has-post-thumbnail","6":"product_brand-can-marine-hr","7":"product_cat-spremnici-za-otpadne-vode","8":"product_cat-sustavi-sive-vode","10":"first","11":"instock","12":"shipping-taxable","13":"purchasable","14":"product-type-simple"},"_links":{"self":[{"href":"https:\/\/stoic-curie.212-227-153-4.plesk.page\/hr\/wp-json\/wp\/v2\/product\/743602","targetHints":{"allow":["GET"]}}],"collection":[{"href":"https:\/\/stoic-curie.212-227-153-4.plesk.page\/hr\/wp-json\/wp\/v2\/product"}],"about":[{"href":"https:\/\/stoic-curie.212-227-153-4.plesk.page\/hr\/wp-json\/wp\/v2\/types\/product"}],"replies":[{"embeddable":true,"href":"https:\/\/stoic-curie.212-227-153-4.plesk.page\/hr\/wp-json\/wp\/v2\/comments?post=743602"}],"version-history":[{"count":0,"href":"https:\/\/stoic-curie.212-227-153-4.plesk.page\/hr\/wp-json\/wp\/v2\/product\/743602\/revisions"}],"wp:featuredmedia":[{"embeddable":true,"href":"https:\/\/stoic-curie.212-227-153-4.plesk.page\/hr\/wp-json\/wp\/v2\/media\/5945399"}],"wp:attachment":[{"href":"https:\/\/stoic-curie.212-227-153-4.plesk.page\/hr\/wp-json\/wp\/v2\/media?parent=743602"}],"wp:term":[{"taxonomy":"product_brand","embeddable":true,"href":"https:\/\/stoic-curie.212-227-153-4.plesk.page\/hr\/wp-json\/wp\/v2\/product_brand?post=743602"},{"taxonomy":"product_cat","embeddable":true,"href":"https:\/\/stoic-curie.212-227-153-4.plesk.page\/hr\/wp-json\/wp\/v2\/product_cat?post=743602"},{"taxonomy":"product_tag","embeddable":true,"href":"https:\/\/stoic-curie.212-227-153-4.plesk.page\/hr\/wp-json\/wp\/v2\/product_tag?post=743602"}],"curies":[{"name":"wp","href":"https:\/\/api.w.org\/{rel}","templated":true}]}}