{"id":743603,"date":"2025-03-03T18:35:19","date_gmt":"2025-03-03T17:35:19","guid":{"rendered":"https:\/\/stoic-curie.212-227-153-4.plesk.page\/producto\/spremnik-za-otpadne-vode-s-pumpom-12v-jabsco-model-standard-53lt\/"},"modified":"2026-02-25T00:01:10","modified_gmt":"2026-02-25T00:01:10","slug":"spremnik-za-otpadne-vode-s-pumpom-12v-jabsco-model-standard-53lt","status":"publish","type":"product","link":"https:\/\/stoic-curie.212-227-153-4.plesk.page\/hr\/product\/spremnik-za-otpadne-vode-s-pumpom-12v-jabsco-model-standard-53lt\/","title":{"rendered":"Spremnik za otpadne vode s pumpom 12V Jabsco ( model Standard 53lt)"},"content":{"rendered":"<p>Spremnik za otpadne vode s pumpom 12V Jabsco ( model Standard 53lt) &#8211; <\/p>\n<p>Spremnici za otpad i kanalizaciju od visokog gusto\u0107e polietilena pa\u017eljivo su dizajnirani s naglaskom na izdr\u017eljivost i efikasnost, a dolaze potpuno opremljeni pouzdanim sustavom ispu\u0161tanja kako bi zadovoljili va\u0161e potrebe za plovidbom. Svaki spremnik opremljen je robusnom 12V pumpom s automatskim podizanje Jabsco, poznatom po svojoj pouzdanosti i izvanrednoj izvedbi. Ova pumpa ima priklju\u010dak od 38 mm, osiguravaju\u0107i \u010dvrsto prianjanje za u\u010dinkovito odlaganje otpada.<\/p>\n<p>Kako bismo olak\u0161ali pristup, svaki spremnik je dizajniran s prakti\u010dnim otvorom od 10 rupa, koji omogu\u0107uje jednostavan pristup tijekom odr\u017eavanja kada je to potrebno. Osim toga, pru\u017eamo zakretni spoj od cijevi do crijeva koji mjeri 38 mm, nude\u0107i fleksibilnost u va\u0161em procesu instalacije. Za dodatnu svestranost, uklju\u010dena je i spojka od nehr\u0111aju\u0107eg \u010delika od 16 mm koja osigurava kompatibilnost s raznim sustavima.<\/p>\n<p>Kako bismo vam pomogli u to\u010dnom pra\u0107enju razine otpada, uklju\u010dujemo tubularni senzor razine 240-33 Ohm, koji poma\u017ee u pra\u0107enju sadr\u017eaja spremnika. Nadalje, kako bismo smanjili neugodne mirise, osiguravamo filter protiv mirisa, opremljen respiratornom petljom i ispu\u0161nim sifonom. Ova sveobuhvatna oprema jam\u010di u\u010dinkovito upravljanje otpadom, \u010dine\u0107i je neophodnim dodatkom va\u0161em iskustvu plovidbe.<\/p>\n","protected":false},"excerpt":{"rendered":"<p>Spremnik za otpadne vode s pumpom 12V Jabsco ( model Standard 53lt) &#8211; Spremnici za otpad i kanalizaciju od visokog<\/p>\n","protected":false},"featured_media":5945399,"comment_status":"open","ping_status":"closed","template":"","meta":[],"product_brand":[2856],"product_cat":[1649,1656],"product_tag":[],"class_list":{"0":"post-743603","1":"product","2":"type-product","3":"status-publish","4":"has-post-thumbnail","6":"product_brand-can-marine-hr","7":"product_cat-spremnici-za-otpadne-vode","8":"product_cat-sustavi-sive-vode","10":"first","11":"instock","12":"shipping-taxable","13":"purchasable","14":"product-type-simple"},"_links":{"self":[{"href":"https:\/\/stoic-curie.212-227-153-4.plesk.page\/hr\/wp-json\/wp\/v2\/product\/743603","targetHints":{"allow":["GET"]}}],"collection":[{"href":"https:\/\/stoic-curie.212-227-153-4.plesk.page\/hr\/wp-json\/wp\/v2\/product"}],"about":[{"href":"https:\/\/stoic-curie.212-227-153-4.plesk.page\/hr\/wp-json\/wp\/v2\/types\/product"}],"replies":[{"embeddable":true,"href":"https:\/\/stoic-curie.212-227-153-4.plesk.page\/hr\/wp-json\/wp\/v2\/comments?post=743603"}],"version-history":[{"count":0,"href":"https:\/\/stoic-curie.212-227-153-4.plesk.page\/hr\/wp-json\/wp\/v2\/product\/743603\/revisions"}],"wp:featuredmedia":[{"embeddable":true,"href":"https:\/\/stoic-curie.212-227-153-4.plesk.page\/hr\/wp-json\/wp\/v2\/media\/5945399"}],"wp:attachment":[{"href":"https:\/\/stoic-curie.212-227-153-4.plesk.page\/hr\/wp-json\/wp\/v2\/media?parent=743603"}],"wp:term":[{"taxonomy":"product_brand","embeddable":true,"href":"https:\/\/stoic-curie.212-227-153-4.plesk.page\/hr\/wp-json\/wp\/v2\/product_brand?post=743603"},{"taxonomy":"product_cat","embeddable":true,"href":"https:\/\/stoic-curie.212-227-153-4.plesk.page\/hr\/wp-json\/wp\/v2\/product_cat?post=743603"},{"taxonomy":"product_tag","embeddable":true,"href":"https:\/\/stoic-curie.212-227-153-4.plesk.page\/hr\/wp-json\/wp\/v2\/product_tag?post=743603"}],"curies":[{"name":"wp","href":"https:\/\/api.w.org\/{rel}","templated":true}]}}