{"id":743604,"date":"2025-03-03T18:35:19","date_gmt":"2025-03-03T17:35:19","guid":{"rendered":"https:\/\/stoic-curie.212-227-153-4.plesk.page\/producto\/spremnik-za-otpadne-vode-s-pumpom-12v-jabsco-standardni-model-73lt\/"},"modified":"2026-02-25T00:01:10","modified_gmt":"2026-02-25T00:01:10","slug":"spremnik-za-otpadne-vode-s-pumpom-12v-jabsco-standardni-model-73lt","status":"publish","type":"product","link":"https:\/\/stoic-curie.212-227-153-4.plesk.page\/hr\/product\/spremnik-za-otpadne-vode-s-pumpom-12v-jabsco-standardni-model-73lt\/","title":{"rendered":"Spremnik za otpadne vode s pumpom 12V Jabsco (standardni model 73lt)"},"content":{"rendered":"<p>Spremnik za otpadne vode s pumpom 12V Jabsco (standardni model 73lt) &#8211; <\/p>\n<p>Tankovi za otpad i kanalizaciju od visokog gusto\u0107e polietilena izra\u0111eni su s naglaskom na izdr\u017eljivost i u\u010dinkovitost, a dolaze potpuno opremljeni pouzdanim sustavom ispu\u0161tanja koji zadovoljava va\u0161e brodske potrebe. Svaki tank opremljen je robusnom 12V samopodiznom pumpom Jabsco, poznatom po svojoj pouzdanosti i visokoj u\u010dinkovitosti. Ova pumpa ima priklju\u010dak promjera 38 mm, osiguravaju\u0107i sigurno povezivanje za u\u010dinkovito upravljanje otpadom.<\/p>\n<p>Kako bi se pobolj\u0161ala pristupa\u010dnost, svaki tank dizajniran je s prakti\u010dnim otvaranjem na 10 rupa, omogu\u0107uju\u0107i jednostavan pristup prilikom odr\u017eavanja. Osim toga, pru\u017eamo rotiraju\u0107i spojni element cijevi za crijevo promjera 38 mm, \u0161to nudi fleksibilnost u va\u0161em sustavu. Za dodatnu svestranost tako\u0111er je uklju\u010den spojni element od nehr\u0111aju\u0107eg \u010delika promjera 16 mm, osiguravaju\u0107i kompatibilnost s raznim sustavima.<\/p>\n<p>Za to\u010dno pra\u0107enje razine otpada, isporu\u010dujemo tubularni senzor razine 240-33 Ohm, koji vam poma\u017ee pratiti sadr\u017eaj tanka. Osim toga, kako bismo eliminirali neugodne mirise, uklju\u010deni su i filter protiv mirisa, zajedno s ventilacijskom petljom i odvodnim sifonom. Ova sveobuhvatna oprema osigurava u\u010dinkovito upravljanje otpadom, \u010dine\u0107i je vitalnim dodatkom va\u0161em brodskom iskustvu.<\/p>\n","protected":false},"excerpt":{"rendered":"<p>Spremnik za otpadne vode s pumpom 12V Jabsco (standardni model 73lt) &#8211; Tankovi za otpad i kanalizaciju od visokog gusto\u0107e<\/p>\n","protected":false},"featured_media":5945399,"comment_status":"open","ping_status":"closed","template":"","meta":[],"product_brand":[2856],"product_cat":[1649,1656],"product_tag":[],"class_list":{"0":"post-743604","1":"product","2":"type-product","3":"status-publish","4":"has-post-thumbnail","6":"product_brand-can-marine-hr","7":"product_cat-spremnici-za-otpadne-vode","8":"product_cat-sustavi-sive-vode","10":"first","11":"instock","12":"shipping-taxable","13":"purchasable","14":"product-type-simple"},"_links":{"self":[{"href":"https:\/\/stoic-curie.212-227-153-4.plesk.page\/hr\/wp-json\/wp\/v2\/product\/743604","targetHints":{"allow":["GET"]}}],"collection":[{"href":"https:\/\/stoic-curie.212-227-153-4.plesk.page\/hr\/wp-json\/wp\/v2\/product"}],"about":[{"href":"https:\/\/stoic-curie.212-227-153-4.plesk.page\/hr\/wp-json\/wp\/v2\/types\/product"}],"replies":[{"embeddable":true,"href":"https:\/\/stoic-curie.212-227-153-4.plesk.page\/hr\/wp-json\/wp\/v2\/comments?post=743604"}],"version-history":[{"count":0,"href":"https:\/\/stoic-curie.212-227-153-4.plesk.page\/hr\/wp-json\/wp\/v2\/product\/743604\/revisions"}],"wp:featuredmedia":[{"embeddable":true,"href":"https:\/\/stoic-curie.212-227-153-4.plesk.page\/hr\/wp-json\/wp\/v2\/media\/5945399"}],"wp:attachment":[{"href":"https:\/\/stoic-curie.212-227-153-4.plesk.page\/hr\/wp-json\/wp\/v2\/media?parent=743604"}],"wp:term":[{"taxonomy":"product_brand","embeddable":true,"href":"https:\/\/stoic-curie.212-227-153-4.plesk.page\/hr\/wp-json\/wp\/v2\/product_brand?post=743604"},{"taxonomy":"product_cat","embeddable":true,"href":"https:\/\/stoic-curie.212-227-153-4.plesk.page\/hr\/wp-json\/wp\/v2\/product_cat?post=743604"},{"taxonomy":"product_tag","embeddable":true,"href":"https:\/\/stoic-curie.212-227-153-4.plesk.page\/hr\/wp-json\/wp\/v2\/product_tag?post=743604"}],"curies":[{"name":"wp","href":"https:\/\/api.w.org\/{rel}","templated":true}]}}