{"id":743606,"date":"2025-03-03T18:35:20","date_gmt":"2025-03-03T17:35:20","guid":{"rendered":"https:\/\/stoic-curie.212-227-153-4.plesk.page\/producto\/ventil-sifona-johnson-25-mm\/"},"modified":"2026-02-25T00:01:10","modified_gmt":"2026-02-25T00:01:10","slug":"ventil-sifona-johnson-25-mm","status":"publish","type":"product","link":"https:\/\/stoic-curie.212-227-153-4.plesk.page\/hr\/product\/ventil-sifona-johnson-25-mm\/","title":{"rendered":"Ventil sifona Johnson 25 mm"},"content":{"rendered":"<p>Ventil sifona Johnson 25 mm &#8211; <\/p>\n<p>Provjetna petlja dostupna je u 3 razli\u010dite veli\u010dine. Svojim obrnuto U-oblikom i prozra\u010divanjem na vrhu omogu\u0107uje izlaz zraka. Provjetrane petlje slu\u017ee za sprje\u010davanje unatrag i nalaze se u ispu\u0161nim cijevima WC-a ili u sustavima koji su postavljeni ispod vodene linije.<\/p>\n","protected":false},"excerpt":{"rendered":"<p>Ventil sifona Johnson 25 mm &#8211; Provjetna petlja dostupna je u 3 razli\u010dite veli\u010dine. Svojim obrnuto U-oblikom i prozra\u010divanjem na<\/p>\n","protected":false},"featured_media":5945402,"comment_status":"open","ping_status":"closed","template":"","meta":[],"product_brand":[3046,2206],"product_cat":[1670,1661,1649],"product_tag":[],"class_list":{"0":"post-743606","1":"product","2":"type-product","3":"status-publish","4":"has-post-thumbnail","6":"product_brand-johnson-marine-hr","7":"product_brand-johnson-marine","8":"product_cat-brodski-ventili","9":"product_cat-elementi-brodskog-vovovoda-plastika","10":"product_cat-spremnici-za-otpadne-vode","12":"first","13":"instock","14":"shipping-taxable","15":"purchasable","16":"product-type-simple"},"_links":{"self":[{"href":"https:\/\/stoic-curie.212-227-153-4.plesk.page\/hr\/wp-json\/wp\/v2\/product\/743606","targetHints":{"allow":["GET"]}}],"collection":[{"href":"https:\/\/stoic-curie.212-227-153-4.plesk.page\/hr\/wp-json\/wp\/v2\/product"}],"about":[{"href":"https:\/\/stoic-curie.212-227-153-4.plesk.page\/hr\/wp-json\/wp\/v2\/types\/product"}],"replies":[{"embeddable":true,"href":"https:\/\/stoic-curie.212-227-153-4.plesk.page\/hr\/wp-json\/wp\/v2\/comments?post=743606"}],"version-history":[{"count":0,"href":"https:\/\/stoic-curie.212-227-153-4.plesk.page\/hr\/wp-json\/wp\/v2\/product\/743606\/revisions"}],"wp:featuredmedia":[{"embeddable":true,"href":"https:\/\/stoic-curie.212-227-153-4.plesk.page\/hr\/wp-json\/wp\/v2\/media\/5945402"}],"wp:attachment":[{"href":"https:\/\/stoic-curie.212-227-153-4.plesk.page\/hr\/wp-json\/wp\/v2\/media?parent=743606"}],"wp:term":[{"taxonomy":"product_brand","embeddable":true,"href":"https:\/\/stoic-curie.212-227-153-4.plesk.page\/hr\/wp-json\/wp\/v2\/product_brand?post=743606"},{"taxonomy":"product_cat","embeddable":true,"href":"https:\/\/stoic-curie.212-227-153-4.plesk.page\/hr\/wp-json\/wp\/v2\/product_cat?post=743606"},{"taxonomy":"product_tag","embeddable":true,"href":"https:\/\/stoic-curie.212-227-153-4.plesk.page\/hr\/wp-json\/wp\/v2\/product_tag?post=743606"}],"curies":[{"name":"wp","href":"https:\/\/api.w.org\/{rel}","templated":true}]}}