{"id":743608,"date":"2025-03-03T18:35:20","date_gmt":"2025-03-03T17:35:20","guid":{"rendered":"https:\/\/stoic-curie.212-227-153-4.plesk.page\/producto\/brza-spojnica-za-pumpe-za-pranje-plovila\/"},"modified":"2026-02-25T00:01:10","modified_gmt":"2026-02-25T00:01:10","slug":"brza-spojnica-za-pumpe-za-pranje-plovila","status":"publish","type":"product","link":"https:\/\/stoic-curie.212-227-153-4.plesk.page\/hr\/product\/brza-spojnica-za-pumpe-za-pranje-plovila\/","title":{"rendered":"Brza spojnica za pumpe za pranje plovila"},"content":{"rendered":"<p>Brza spojnica za pumpe za pranje plovila &#8211; <\/p>\n<p>\u00e2\u0080\u00a2 Ugradna monta\u017ea<br \/>\u00e2\u0080\u00a2 Povezuje i isklju\u010duje pod punim tlakom<br \/>\u00e2\u0080\u00a2 Dvostruke Viton O-prstene brtve<br \/>\u00e2\u0080\u00a2 Veliki protok kapaciteta<br \/>\u00e2\u0080\u00a2 1\/2&#8243; F navoj 316 nehr\u0111aju\u0107i \u010delik mostna veza<br \/>\u00e2\u0080\u00a2 3\/4&#8243; M navoj najlon 66 bajonetna vodovodna veza<\/p>\n","protected":false},"excerpt":{"rendered":"<p>Brza spojnica za pumpe za pranje plovila &#8211; \u00e2\u0080\u00a2 Ugradna monta\u017ea\u00e2\u0080\u00a2 Povezuje i isklju\u010duje pod punim tlakom\u00e2\u0080\u00a2 Dvostruke Viton O-prstene<\/p>\n","protected":false},"featured_media":5945403,"comment_status":"open","ping_status":"closed","template":"","meta":[],"product_brand":[3046],"product_cat":[1648],"product_tag":[],"class_list":{"0":"post-743608","1":"product","2":"type-product","3":"status-publish","4":"has-post-thumbnail","6":"product_brand-johnson-marine-hr","7":"product_cat-pumpe-za-pranje-brodova","9":"first","10":"instock","11":"shipping-taxable","12":"purchasable","13":"product-type-simple"},"_links":{"self":[{"href":"https:\/\/stoic-curie.212-227-153-4.plesk.page\/hr\/wp-json\/wp\/v2\/product\/743608","targetHints":{"allow":["GET"]}}],"collection":[{"href":"https:\/\/stoic-curie.212-227-153-4.plesk.page\/hr\/wp-json\/wp\/v2\/product"}],"about":[{"href":"https:\/\/stoic-curie.212-227-153-4.plesk.page\/hr\/wp-json\/wp\/v2\/types\/product"}],"replies":[{"embeddable":true,"href":"https:\/\/stoic-curie.212-227-153-4.plesk.page\/hr\/wp-json\/wp\/v2\/comments?post=743608"}],"version-history":[{"count":0,"href":"https:\/\/stoic-curie.212-227-153-4.plesk.page\/hr\/wp-json\/wp\/v2\/product\/743608\/revisions"}],"wp:featuredmedia":[{"embeddable":true,"href":"https:\/\/stoic-curie.212-227-153-4.plesk.page\/hr\/wp-json\/wp\/v2\/media\/5945403"}],"wp:attachment":[{"href":"https:\/\/stoic-curie.212-227-153-4.plesk.page\/hr\/wp-json\/wp\/v2\/media?parent=743608"}],"wp:term":[{"taxonomy":"product_brand","embeddable":true,"href":"https:\/\/stoic-curie.212-227-153-4.plesk.page\/hr\/wp-json\/wp\/v2\/product_brand?post=743608"},{"taxonomy":"product_cat","embeddable":true,"href":"https:\/\/stoic-curie.212-227-153-4.plesk.page\/hr\/wp-json\/wp\/v2\/product_cat?post=743608"},{"taxonomy":"product_tag","embeddable":true,"href":"https:\/\/stoic-curie.212-227-153-4.plesk.page\/hr\/wp-json\/wp\/v2\/product_tag?post=743608"}],"curies":[{"name":"wp","href":"https:\/\/api.w.org\/{rel}","templated":true}]}}