{"id":743609,"date":"2025-03-03T18:35:21","date_gmt":"2025-03-03T17:35:21","guid":{"rendered":"https:\/\/stoic-curie.212-227-153-4.plesk.page\/producto\/spremnik-za-vodu-can-sb-280lt-lijevo\/"},"modified":"2026-02-25T00:01:10","modified_gmt":"2026-02-25T00:01:10","slug":"spremnik-za-vodu-can-sb-280lt-lijevo","status":"publish","type":"product","link":"https:\/\/stoic-curie.212-227-153-4.plesk.page\/hr\/product\/spremnik-za-vodu-can-sb-280lt-lijevo\/","title":{"rendered":"Spremnik za vodu CAN-SB 280lt (lijevo)"},"content":{"rendered":"<p>Spremnik za vodu CAN-SB 280lt (lijevo) &#8211; <\/p>\n<p style=\"color: rgb(34, 34, 34); font-family: Arial, Helvetica, sans-serif; font-size: small;\">Predstavljamo Vodotni rezervoar CAN-SB 280 lt (LJEVO). Ovaj rezervoar je dizajniran za pohranu i svje\u017ee i sive vode. Ima dvostruko zaklopku, cijev za uranjanje i 38 mm rotiraju\u0107u spojnicu za cijev. Proizvedeno od polietilena visoke gusto\u0107e, ovi rezervoari su idealni za \u010duvanje slane, svje\u017ee, sive i crne vode. Polietilen je lagani, netoksi\u010dni materijal poznat po svojoj izdr\u017eljivosti protiv mehani\u010dkih i kemijskih stresa.<\/p>\n<p style=\"color: rgb(34, 34, 34); font-family: Arial, Helvetica, sans-serif; font-size: small;\">Na\u0161i rezervoari od polietilena visoke gusto\u0107e za pitku vodu posebno su izra\u0111eni za pohranu hrane, pitke vode i sakupljanje ki\u0161nice ili otpadnih voda. Izra\u0111eni od linearnih polietilena, sigurnog i netoksi\u010dnog materijala, ovi rezervoari udovoljavaju svim relevantnim propisima i smernicama. Proces rotacijskog oblikovanja, zajedno s kori\u0161tenjem polietilena visoke gusto\u0107e, osigurava izvanrednu otpornost na udarce, za\u0161titu od kemijskog izlaganja i trajnost u ekstremnim temperaturama, te\u0161kim vremenskim uvjetima i UV zrakama.<\/p>\n","protected":false},"excerpt":{"rendered":"<p>Spremnik za vodu CAN-SB 280lt (lijevo) &#8211; Predstavljamo Vodotni rezervoar CAN-SB 280 lt (LJEVO). Ovaj rezervoar je dizajniran za pohranu<\/p>\n","protected":false},"featured_media":5941044,"comment_status":"open","ping_status":"closed","template":"","meta":[],"product_brand":[2856],"product_cat":[1664],"product_tag":[],"class_list":{"0":"post-743609","1":"product","2":"type-product","3":"status-publish","4":"has-post-thumbnail","6":"product_brand-can-marine-hr","7":"product_cat-spremnici-za-vodu","9":"first","10":"instock","11":"shipping-taxable","12":"purchasable","13":"product-type-simple"},"_links":{"self":[{"href":"https:\/\/stoic-curie.212-227-153-4.plesk.page\/hr\/wp-json\/wp\/v2\/product\/743609","targetHints":{"allow":["GET"]}}],"collection":[{"href":"https:\/\/stoic-curie.212-227-153-4.plesk.page\/hr\/wp-json\/wp\/v2\/product"}],"about":[{"href":"https:\/\/stoic-curie.212-227-153-4.plesk.page\/hr\/wp-json\/wp\/v2\/types\/product"}],"replies":[{"embeddable":true,"href":"https:\/\/stoic-curie.212-227-153-4.plesk.page\/hr\/wp-json\/wp\/v2\/comments?post=743609"}],"version-history":[{"count":0,"href":"https:\/\/stoic-curie.212-227-153-4.plesk.page\/hr\/wp-json\/wp\/v2\/product\/743609\/revisions"}],"wp:featuredmedia":[{"embeddable":true,"href":"https:\/\/stoic-curie.212-227-153-4.plesk.page\/hr\/wp-json\/wp\/v2\/media\/5941044"}],"wp:attachment":[{"href":"https:\/\/stoic-curie.212-227-153-4.plesk.page\/hr\/wp-json\/wp\/v2\/media?parent=743609"}],"wp:term":[{"taxonomy":"product_brand","embeddable":true,"href":"https:\/\/stoic-curie.212-227-153-4.plesk.page\/hr\/wp-json\/wp\/v2\/product_brand?post=743609"},{"taxonomy":"product_cat","embeddable":true,"href":"https:\/\/stoic-curie.212-227-153-4.plesk.page\/hr\/wp-json\/wp\/v2\/product_cat?post=743609"},{"taxonomy":"product_tag","embeddable":true,"href":"https:\/\/stoic-curie.212-227-153-4.plesk.page\/hr\/wp-json\/wp\/v2\/product_tag?post=743609"}],"curies":[{"name":"wp","href":"https:\/\/api.w.org\/{rel}","templated":true}]}}