{"id":743610,"date":"2025-03-03T18:35:21","date_gmt":"2025-03-03T17:35:21","guid":{"rendered":"https:\/\/stoic-curie.212-227-153-4.plesk.page\/producto\/broncani-kuglasti-ventil-1-1-2\/"},"modified":"2026-02-25T00:01:10","modified_gmt":"2026-02-25T00:01:10","slug":"broncani-kuglasti-ventil-1-1-2","status":"publish","type":"product","link":"https:\/\/stoic-curie.212-227-153-4.plesk.page\/hr\/product\/broncani-kuglasti-ventil-1-1-2\/","title":{"rendered":"Broncani kuglasti ventil 1 1\/2&#8243;"},"content":{"rendered":"<p>Broncani kuglasti ventil 1 1\/2&#8243; &#8211; <\/p>\n<p>Puna protokolina bron\u010dana kuglasta ventila s ru\u010dkom od nehr\u0111aju\u0107eg \u010delika. RINa certifikat.<\/p>\n","protected":false},"excerpt":{"rendered":"<p>Broncani kuglasti ventil 1 1\/2&#8243; &#8211; Puna protokolina bron\u010dana kuglasta ventila s ru\u010dkom od nehr\u0111aju\u0107eg \u010delika. RINa certifikat.<\/p>\n","protected":false},"featured_media":5941479,"comment_status":"open","ping_status":"closed","template":"","meta":[],"product_brand":[2996],"product_cat":[1670,1669],"product_tag":[],"class_list":{"0":"post-743610","1":"product","2":"type-product","3":"status-publish","4":"has-post-thumbnail","6":"product_brand-guidi-marine-hr","7":"product_cat-brodski-ventili","8":"product_cat-elementi-brodskog-sustava-vode-bronca","10":"first","11":"instock","12":"shipping-taxable","13":"purchasable","14":"product-type-simple"},"_links":{"self":[{"href":"https:\/\/stoic-curie.212-227-153-4.plesk.page\/hr\/wp-json\/wp\/v2\/product\/743610","targetHints":{"allow":["GET"]}}],"collection":[{"href":"https:\/\/stoic-curie.212-227-153-4.plesk.page\/hr\/wp-json\/wp\/v2\/product"}],"about":[{"href":"https:\/\/stoic-curie.212-227-153-4.plesk.page\/hr\/wp-json\/wp\/v2\/types\/product"}],"replies":[{"embeddable":true,"href":"https:\/\/stoic-curie.212-227-153-4.plesk.page\/hr\/wp-json\/wp\/v2\/comments?post=743610"}],"version-history":[{"count":0,"href":"https:\/\/stoic-curie.212-227-153-4.plesk.page\/hr\/wp-json\/wp\/v2\/product\/743610\/revisions"}],"wp:featuredmedia":[{"embeddable":true,"href":"https:\/\/stoic-curie.212-227-153-4.plesk.page\/hr\/wp-json\/wp\/v2\/media\/5941479"}],"wp:attachment":[{"href":"https:\/\/stoic-curie.212-227-153-4.plesk.page\/hr\/wp-json\/wp\/v2\/media?parent=743610"}],"wp:term":[{"taxonomy":"product_brand","embeddable":true,"href":"https:\/\/stoic-curie.212-227-153-4.plesk.page\/hr\/wp-json\/wp\/v2\/product_brand?post=743610"},{"taxonomy":"product_cat","embeddable":true,"href":"https:\/\/stoic-curie.212-227-153-4.plesk.page\/hr\/wp-json\/wp\/v2\/product_cat?post=743610"},{"taxonomy":"product_tag","embeddable":true,"href":"https:\/\/stoic-curie.212-227-153-4.plesk.page\/hr\/wp-json\/wp\/v2\/product_tag?post=743610"}],"curies":[{"name":"wp","href":"https:\/\/api.w.org\/{rel}","templated":true}]}}