{"id":743615,"date":"2025-03-03T18:35:23","date_gmt":"2025-03-03T17:35:23","guid":{"rendered":"https:\/\/stoic-curie.212-227-153-4.plesk.page\/producto\/ispusno-crijevo-45-x-54-mm-certificirano\/"},"modified":"2026-02-25T00:01:10","modified_gmt":"2026-02-25T00:01:10","slug":"ispusno-crijevo-45-x-54-mm-certificirano","status":"publish","type":"product","link":"https:\/\/stoic-curie.212-227-153-4.plesk.page\/hr\/product\/ispusno-crijevo-45-x-54-mm-certificirano\/","title":{"rendered":"Ispu\u0161no crijevo 45 x 54 mm , certificirano"},"content":{"rendered":"<p>Ispu\u0161no crijevo 45 x 54 mm , certificirano &#8211; <\/p>\n<p>Fleksibilna gumena ispu\u0161na cijev sa \u010deli\u010dnom spiralom za ispu\u0161tanje ispu\u0161nih plinova, zajedno s rashladnim sustavom plovila. Standardi: SAE J 2006: 03 R2-ISO 13363:04-Tip 2 Klasa B. Odobreno: R.I.Na.-LLOYD&#8217;S REGISTER br. 96\/00126 (E3).<\/p>\n","protected":false},"excerpt":{"rendered":"<p>Ispu\u0161no crijevo 45 x 54 mm , certificirano &#8211; Fleksibilna gumena ispu\u0161na cijev sa \u010deli\u010dnom spiralom za ispu\u0161tanje ispu\u0161nih plinova,<\/p>\n","protected":false},"featured_media":5944280,"comment_status":"open","ping_status":"closed","template":"","meta":[],"product_brand":[3356],"product_cat":[1792],"product_tag":[],"class_list":{"0":"post-743615","1":"product","2":"type-product","3":"status-publish","4":"has-post-thumbnail","6":"product_brand-seaflow-hr","7":"product_cat-ispusno-crijevo","9":"first","10":"instock","11":"shipping-taxable","12":"purchasable","13":"product-type-simple"},"_links":{"self":[{"href":"https:\/\/stoic-curie.212-227-153-4.plesk.page\/hr\/wp-json\/wp\/v2\/product\/743615","targetHints":{"allow":["GET"]}}],"collection":[{"href":"https:\/\/stoic-curie.212-227-153-4.plesk.page\/hr\/wp-json\/wp\/v2\/product"}],"about":[{"href":"https:\/\/stoic-curie.212-227-153-4.plesk.page\/hr\/wp-json\/wp\/v2\/types\/product"}],"replies":[{"embeddable":true,"href":"https:\/\/stoic-curie.212-227-153-4.plesk.page\/hr\/wp-json\/wp\/v2\/comments?post=743615"}],"version-history":[{"count":0,"href":"https:\/\/stoic-curie.212-227-153-4.plesk.page\/hr\/wp-json\/wp\/v2\/product\/743615\/revisions"}],"wp:featuredmedia":[{"embeddable":true,"href":"https:\/\/stoic-curie.212-227-153-4.plesk.page\/hr\/wp-json\/wp\/v2\/media\/5944280"}],"wp:attachment":[{"href":"https:\/\/stoic-curie.212-227-153-4.plesk.page\/hr\/wp-json\/wp\/v2\/media?parent=743615"}],"wp:term":[{"taxonomy":"product_brand","embeddable":true,"href":"https:\/\/stoic-curie.212-227-153-4.plesk.page\/hr\/wp-json\/wp\/v2\/product_brand?post=743615"},{"taxonomy":"product_cat","embeddable":true,"href":"https:\/\/stoic-curie.212-227-153-4.plesk.page\/hr\/wp-json\/wp\/v2\/product_cat?post=743615"},{"taxonomy":"product_tag","embeddable":true,"href":"https:\/\/stoic-curie.212-227-153-4.plesk.page\/hr\/wp-json\/wp\/v2\/product_tag?post=743615"}],"curies":[{"name":"wp","href":"https:\/\/api.w.org\/{rel}","templated":true}]}}