{"id":743619,"date":"2025-03-03T18:35:24","date_gmt":"2025-03-03T17:35:24","guid":{"rendered":"https:\/\/stoic-curie.212-227-153-4.plesk.page\/producto\/kaljuzna-pumpa-johnson-heavy-duty-1600-g-h-12-v\/"},"modified":"2026-02-25T00:01:10","modified_gmt":"2026-02-25T00:01:10","slug":"kaljuzna-pumpa-johnson-heavy-duty-1600-g-h-12-v","status":"publish","type":"product","link":"https:\/\/stoic-curie.212-227-153-4.plesk.page\/hr\/product\/kaljuzna-pumpa-johnson-heavy-duty-1600-g-h-12-v\/","title":{"rendered":"Kalju\u017ena pumpa Johnson Heavy Duty 1600 g \/ h 12 V"},"content":{"rendered":"<p>Kalju\u017ena pumpa Johnson Heavy Duty 1600 g \/ h 12 V &#8211; <\/p>\n<p>Johnson Heavy Duty potopne pumpe za ispu\u0161tanje vode velike kapacitete i dugog vijeka trajanja. Dizajnirane i proizvedene s visokom pouzdano\u0161\u0107u i dugotrajnim materijalima.<\/p>\n","protected":false},"excerpt":{"rendered":"<p>Kalju\u017ena pumpa Johnson Heavy Duty 1600 g \/ h 12 V &#8211; Johnson Heavy Duty potopne pumpe za ispu\u0161tanje vode<\/p>\n","protected":false},"featured_media":5945412,"comment_status":"open","ping_status":"closed","template":"","meta":[],"product_brand":[3046],"product_cat":[1659],"product_tag":[],"class_list":{"0":"post-743619","1":"product","2":"type-product","3":"status-publish","4":"has-post-thumbnail","6":"product_brand-johnson-marine-hr","7":"product_cat-elektricne-kaljuzne-pumpe","9":"first","10":"instock","11":"shipping-taxable","12":"purchasable","13":"product-type-simple"},"_links":{"self":[{"href":"https:\/\/stoic-curie.212-227-153-4.plesk.page\/hr\/wp-json\/wp\/v2\/product\/743619","targetHints":{"allow":["GET"]}}],"collection":[{"href":"https:\/\/stoic-curie.212-227-153-4.plesk.page\/hr\/wp-json\/wp\/v2\/product"}],"about":[{"href":"https:\/\/stoic-curie.212-227-153-4.plesk.page\/hr\/wp-json\/wp\/v2\/types\/product"}],"replies":[{"embeddable":true,"href":"https:\/\/stoic-curie.212-227-153-4.plesk.page\/hr\/wp-json\/wp\/v2\/comments?post=743619"}],"version-history":[{"count":0,"href":"https:\/\/stoic-curie.212-227-153-4.plesk.page\/hr\/wp-json\/wp\/v2\/product\/743619\/revisions"}],"wp:featuredmedia":[{"embeddable":true,"href":"https:\/\/stoic-curie.212-227-153-4.plesk.page\/hr\/wp-json\/wp\/v2\/media\/5945412"}],"wp:attachment":[{"href":"https:\/\/stoic-curie.212-227-153-4.plesk.page\/hr\/wp-json\/wp\/v2\/media?parent=743619"}],"wp:term":[{"taxonomy":"product_brand","embeddable":true,"href":"https:\/\/stoic-curie.212-227-153-4.plesk.page\/hr\/wp-json\/wp\/v2\/product_brand?post=743619"},{"taxonomy":"product_cat","embeddable":true,"href":"https:\/\/stoic-curie.212-227-153-4.plesk.page\/hr\/wp-json\/wp\/v2\/product_cat?post=743619"},{"taxonomy":"product_tag","embeddable":true,"href":"https:\/\/stoic-curie.212-227-153-4.plesk.page\/hr\/wp-json\/wp\/v2\/product_tag?post=743619"}],"curies":[{"name":"wp","href":"https:\/\/api.w.org\/{rel}","templated":true}]}}