{"id":743626,"date":"2025-03-03T18:35:26","date_gmt":"2025-03-03T17:35:26","guid":{"rendered":"https:\/\/stoic-curie.212-227-153-4.plesk.page\/producto\/elektronska-pumpa-za-ulje-i-gorivo-marco-up8-re-12-24-v\/"},"modified":"2026-02-25T00:01:10","modified_gmt":"2026-02-25T00:01:10","slug":"elektronska-pumpa-za-ulje-i-gorivo-marco-up8-re-12-24-v","status":"publish","type":"product","link":"https:\/\/stoic-curie.212-227-153-4.plesk.page\/hr\/product\/elektronska-pumpa-za-ulje-i-gorivo-marco-up8-re-12-24-v\/","title":{"rendered":"Elektronska pumpa za ulje i gorivo Marco up8-re 12-24 V"},"content":{"rendered":"<p>Elektronska pumpa za ulje i gorivo Marco up8-re 12-24 V &#8211; <\/p>\n<p>Elektri\u010dna zup\u010dasta pumpa idealna za prijenos ulja i dizela. Integrirana kontrolna plo\u010da za preokretanje smjera protoka i za ru\u010dno pode\u0161avanje brzine protoka. Brzina protoka tako\u0111er se automatski prilago\u0111ava prema viskoznosti teku\u0107ine kako bi se izbjegla kavitation.<\/p>\n","protected":false},"excerpt":{"rendered":"<p>Elektronska pumpa za ulje i gorivo Marco up8-re 12-24 V &#8211; Elektri\u010dna zup\u010dasta pumpa idealna za prijenos ulja i dizela.<\/p>\n","protected":false},"featured_media":5945416,"comment_status":"open","ping_status":"closed","template":"","meta":[],"product_brand":[3096],"product_cat":[1787],"product_tag":[],"class_list":{"0":"post-743626","1":"product","2":"type-product","3":"status-publish","4":"has-post-thumbnail","6":"product_brand-marco-hr","7":"product_cat-pumpe-za-naftu-i-gorivo","9":"first","10":"instock","11":"shipping-taxable","12":"purchasable","13":"product-type-simple"},"_links":{"self":[{"href":"https:\/\/stoic-curie.212-227-153-4.plesk.page\/hr\/wp-json\/wp\/v2\/product\/743626","targetHints":{"allow":["GET"]}}],"collection":[{"href":"https:\/\/stoic-curie.212-227-153-4.plesk.page\/hr\/wp-json\/wp\/v2\/product"}],"about":[{"href":"https:\/\/stoic-curie.212-227-153-4.plesk.page\/hr\/wp-json\/wp\/v2\/types\/product"}],"replies":[{"embeddable":true,"href":"https:\/\/stoic-curie.212-227-153-4.plesk.page\/hr\/wp-json\/wp\/v2\/comments?post=743626"}],"version-history":[{"count":0,"href":"https:\/\/stoic-curie.212-227-153-4.plesk.page\/hr\/wp-json\/wp\/v2\/product\/743626\/revisions"}],"wp:featuredmedia":[{"embeddable":true,"href":"https:\/\/stoic-curie.212-227-153-4.plesk.page\/hr\/wp-json\/wp\/v2\/media\/5945416"}],"wp:attachment":[{"href":"https:\/\/stoic-curie.212-227-153-4.plesk.page\/hr\/wp-json\/wp\/v2\/media?parent=743626"}],"wp:term":[{"taxonomy":"product_brand","embeddable":true,"href":"https:\/\/stoic-curie.212-227-153-4.plesk.page\/hr\/wp-json\/wp\/v2\/product_brand?post=743626"},{"taxonomy":"product_cat","embeddable":true,"href":"https:\/\/stoic-curie.212-227-153-4.plesk.page\/hr\/wp-json\/wp\/v2\/product_cat?post=743626"},{"taxonomy":"product_tag","embeddable":true,"href":"https:\/\/stoic-curie.212-227-153-4.plesk.page\/hr\/wp-json\/wp\/v2\/product_tag?post=743626"}],"curies":[{"name":"wp","href":"https:\/\/api.w.org\/{rel}","templated":true}]}}