{"id":743627,"date":"2025-03-03T18:35:26","date_gmt":"2025-03-03T17:35:26","guid":{"rendered":"https:\/\/stoic-curie.212-227-153-4.plesk.page\/producto\/pumpa-visokog-tlaka-vode-marco-up6-e-26lt-minuta-12-24-v\/"},"modified":"2026-02-25T00:01:10","modified_gmt":"2026-02-25T00:01:10","slug":"pumpa-visokog-tlaka-vode-marco-up6-e-26lt-minuta-12-24-v","status":"publish","type":"product","link":"https:\/\/stoic-curie.212-227-153-4.plesk.page\/hr\/product\/pumpa-visokog-tlaka-vode-marco-up6-e-26lt-minuta-12-24-v\/","title":{"rendered":"Pumpa visokog tlaka vode Marco UP6 \/ e 26lt minuta 12-24 V"},"content":{"rendered":"<p>Pumpa visokog tlaka vode Marco UP6 \/ e 26lt minuta 12-24 V &#8211; <\/p>\n<p>Marco elektroni\u010dki upravljane pumpe za pritisak slatke vode, opremljene povratnim ventilom. Elektroni\u010dka kontrola jam\u010di: optimizaciju potro\u0161nje elektri\u010dne energije, stalnu kontrolu pritiska bez potrebe za akumulatorskim spremnikom, automatsko zaustavljanje u slu\u010daju nedostatka teku\u0107ine i smanjeno tro\u0161enje komponenti, \u0161to pove\u0107ava vijek trajanja sustava. Prikladno za slatku i slanu vodu. Univerzalno 12\/24V napajanje.<\/p>\n","protected":false},"excerpt":{"rendered":"<p>Pumpa visokog tlaka vode Marco UP6 \/ e 26lt minuta 12-24 V &#8211; Marco elektroni\u010dki upravljane pumpe za pritisak slatke<\/p>\n","protected":false},"featured_media":5945417,"comment_status":"open","ping_status":"closed","template":"","meta":[],"product_brand":[3096],"product_cat":[1660],"product_tag":[],"class_list":{"0":"post-743627","1":"product","2":"type-product","3":"status-publish","4":"has-post-thumbnail","6":"product_brand-marco-hr","7":"product_cat-pumpe-za-tlak-vode","9":"first","10":"instock","11":"shipping-taxable","12":"purchasable","13":"product-type-simple"},"_links":{"self":[{"href":"https:\/\/stoic-curie.212-227-153-4.plesk.page\/hr\/wp-json\/wp\/v2\/product\/743627","targetHints":{"allow":["GET"]}}],"collection":[{"href":"https:\/\/stoic-curie.212-227-153-4.plesk.page\/hr\/wp-json\/wp\/v2\/product"}],"about":[{"href":"https:\/\/stoic-curie.212-227-153-4.plesk.page\/hr\/wp-json\/wp\/v2\/types\/product"}],"replies":[{"embeddable":true,"href":"https:\/\/stoic-curie.212-227-153-4.plesk.page\/hr\/wp-json\/wp\/v2\/comments?post=743627"}],"version-history":[{"count":0,"href":"https:\/\/stoic-curie.212-227-153-4.plesk.page\/hr\/wp-json\/wp\/v2\/product\/743627\/revisions"}],"wp:featuredmedia":[{"embeddable":true,"href":"https:\/\/stoic-curie.212-227-153-4.plesk.page\/hr\/wp-json\/wp\/v2\/media\/5945417"}],"wp:attachment":[{"href":"https:\/\/stoic-curie.212-227-153-4.plesk.page\/hr\/wp-json\/wp\/v2\/media?parent=743627"}],"wp:term":[{"taxonomy":"product_brand","embeddable":true,"href":"https:\/\/stoic-curie.212-227-153-4.plesk.page\/hr\/wp-json\/wp\/v2\/product_brand?post=743627"},{"taxonomy":"product_cat","embeddable":true,"href":"https:\/\/stoic-curie.212-227-153-4.plesk.page\/hr\/wp-json\/wp\/v2\/product_cat?post=743627"},{"taxonomy":"product_tag","embeddable":true,"href":"https:\/\/stoic-curie.212-227-153-4.plesk.page\/hr\/wp-json\/wp\/v2\/product_tag?post=743627"}],"curies":[{"name":"wp","href":"https:\/\/api.w.org\/{rel}","templated":true}]}}