{"id":743629,"date":"2025-03-03T18:35:27","date_gmt":"2025-03-03T17:35:27","guid":{"rendered":"https:\/\/stoic-curie.212-227-153-4.plesk.page\/producto\/pumpa-visokog-tlaka-vode-marco-up14-e-46lt-min-12-24-v\/"},"modified":"2026-02-25T00:01:10","modified_gmt":"2026-02-25T00:01:10","slug":"pumpa-visokog-tlaka-vode-marco-up14-e-46lt-min-12-24-v","status":"publish","type":"product","link":"https:\/\/stoic-curie.212-227-153-4.plesk.page\/hr\/product\/pumpa-visokog-tlaka-vode-marco-up14-e-46lt-min-12-24-v\/","title":{"rendered":"Pumpa visokog tlaka vode Marco UP14 \/ E"},"content":{"rendered":"<p>Pumpa visokog tlaka vode Marco UP14 \/ E &#8211; <\/p>\n<p style=\"color: rgb(34, 34, 34); font-family: Arial, Helvetica, sans-serif; font-size: small;\"><strong>MARCO UP14\/E &#8211; Elektri\u010dna Pumpa za Pritisak Vode<\/strong><br \/><strong>Kapacitet Protoka:<\/strong>&nbsp;12.2 GPM<br \/><strong>Pritisak:<\/strong>&nbsp;36.3 psi<br \/><strong>Napon:<\/strong>&nbsp;12\/24V<br \/><strong>Kontrolna Plo\u010da:<\/strong>&nbsp;PCS<\/p>\n<p style=\"color: rgb(34, 34, 34); font-family: Arial, Helvetica, sans-serif; font-size: small;\">MARCO UP14\/E je samousisna elektri\u010dna pumpa dizajnirana za visoku u\u010dinkovitos i pouzdanu izvedbu. Opremljena je robusnim helikalnim PEEK zup\u010danicima, ugra\u0111enim povratnim ventilom i elektroni\u010dkom kontrolom radi osiguranja optimalne funkcionalnosti. Tijelo pumpe, izra\u0111eno od niklovanog mesinga, zajedno s osovinom od nehr\u0111aju\u0107eg \u010delika, jam\u010di trajnost i otpornost na koroziju.<\/p>\n<p style=\"color: rgb(34, 34, 34); font-family: Arial, Helvetica, sans-serif; font-size: small;\">Ova elektronska pumpa za slatku vodu idealna je za \u0161irok spektar primjena, kao \u0161to su sustavi pritiska i ki\u0161ne tu\u0161 kabine na \u010damcima, napuhanim \u010damcima, jedrilicama i kamp prikolicama. Pru\u017eena PCS kontrolna plo\u010da omogu\u0107uje daljinsko pra\u0107enje i interakciju s pumpom.<\/p>\n<p style=\"color: rgb(34, 34, 34); font-family: Arial, Helvetica, sans-serif; font-size: small;\">Zna\u010dajne prednosti elektroni\u010dkog kontrolnog sustava uklju\u010duju:<\/p>\n<ul style=\"color: rgb(34, 34, 34); font-family: Arial, Helvetica, sans-serif; font-size: small;\">\n<li>Ni\u017ea potro\u0161nja elektri\u010dne energije<\/li>\n<li>Stabilna regulacija pritiska bez potrebe za akumulatorom<\/li>\n<li>Automatsko isklju\u010divanje kada nema teku\u0107ine<\/li>\n<li>Smanjeno tro\u0161enje komponenti, \u010dime se produ\u017eava vijek trajanja pumpe<\/li>\n<\/ul>\n<p style=\"color: rgb(34, 34, 34); font-family: Arial, Helvetica, sans-serif; font-size: small;\">Pumpa je dizajnirana za rad s slatkom i slanom vodom, a koristi svestrani napon od 12\/24V.<\/p>\n<p style=\"color: rgb(34, 34, 34); font-family: Arial, Helvetica, sans-serif; font-size: small;\"><strong>Primjene:<\/strong><\/p>\n<ul style=\"color: rgb(34, 34, 34); font-family: Arial, Helvetica, sans-serif; font-size: small;\">\n<li>Industrija<\/li>\n<li>Automobilizam<\/li>\n<li>Morski sektor<\/li>\n<li>Sustavi pritiska slatke vode i ki\u0161ne tu\u0161eve za \u010damce, napuhane \u010damce, jedrilice i kamp prikolice<\/li>\n<\/ul>\n<p style=\"color: rgb(34, 34, 34); font-family: Arial, Helvetica, sans-serif; font-size: small;\"><strong>Tehni\u010dke specifikacije:<\/strong><\/p>\n<ul style=\"color: rgb(34, 34, 34); font-family: Arial, Helvetica, sans-serif; font-size: small;\">\n<li>Napon: 12\/24V<\/li>\n<li>Potro\u0161nja Struje: 18A\/9A<\/li>\n<li>Fuzijski Razred: 30A<\/li>\n<li>Visina Samousisanja: 9.8 ft<\/li>\n<li>Kapacitet Protoka: 12.2 GPM<\/li>\n<li>Pritisak: 36.3 psi<\/li>\n<li>Priklju\u010dci: 3\/4&#8243; BSPP<\/li>\n<li>Unutarnji Promjer Cijevi: 3\/4 in<\/li>\n<li>IP Za\u0161tita: 67<\/li>\n<li>Snaga Motora: 400W<\/li>\n<li>Te\u017eina: 11.5 lb<\/li>\n<\/ul>\n<p style=\"color: rgb(34, 34, 34); font-family: Arial, Helvetica, sans-serif; font-size: small;\"><strong>Dimenzije:<\/strong><\/p>\n<ul style=\"color: rgb(34, 34, 34); font-family: Arial, Helvetica, sans-serif; font-size: small;\">\n<li>Duljina: 8.8 in (22 cm)<\/li>\n<li>Visina: 10.3 in (26 cm)<\/li>\n<li>\u0160irina: 4.6 in (11 cm)<\/li>\n<\/ul>\n","protected":false},"excerpt":{"rendered":"<p>Pumpa visokog tlaka vode Marco UP14 \/ E &#8211; MARCO UP14\/E &#8211; Elektri\u010dna Pumpa za Pritisak VodeKapacitet Protoka:&nbsp;12.2 GPMPritisak:&nbsp;36.3 psiNapon:&nbsp;12\/24VKontrolna<\/p>\n","protected":false},"featured_media":5945419,"comment_status":"open","ping_status":"closed","template":"","meta":[],"product_brand":[3096],"product_cat":[1660],"product_tag":[],"class_list":{"0":"post-743629","1":"product","2":"type-product","3":"status-publish","4":"has-post-thumbnail","6":"product_brand-marco-hr","7":"product_cat-pumpe-za-tlak-vode","9":"first","10":"instock","11":"shipping-taxable","12":"purchasable","13":"product-type-simple"},"_links":{"self":[{"href":"https:\/\/stoic-curie.212-227-153-4.plesk.page\/hr\/wp-json\/wp\/v2\/product\/743629","targetHints":{"allow":["GET"]}}],"collection":[{"href":"https:\/\/stoic-curie.212-227-153-4.plesk.page\/hr\/wp-json\/wp\/v2\/product"}],"about":[{"href":"https:\/\/stoic-curie.212-227-153-4.plesk.page\/hr\/wp-json\/wp\/v2\/types\/product"}],"replies":[{"embeddable":true,"href":"https:\/\/stoic-curie.212-227-153-4.plesk.page\/hr\/wp-json\/wp\/v2\/comments?post=743629"}],"version-history":[{"count":0,"href":"https:\/\/stoic-curie.212-227-153-4.plesk.page\/hr\/wp-json\/wp\/v2\/product\/743629\/revisions"}],"wp:featuredmedia":[{"embeddable":true,"href":"https:\/\/stoic-curie.212-227-153-4.plesk.page\/hr\/wp-json\/wp\/v2\/media\/5945419"}],"wp:attachment":[{"href":"https:\/\/stoic-curie.212-227-153-4.plesk.page\/hr\/wp-json\/wp\/v2\/media?parent=743629"}],"wp:term":[{"taxonomy":"product_brand","embeddable":true,"href":"https:\/\/stoic-curie.212-227-153-4.plesk.page\/hr\/wp-json\/wp\/v2\/product_brand?post=743629"},{"taxonomy":"product_cat","embeddable":true,"href":"https:\/\/stoic-curie.212-227-153-4.plesk.page\/hr\/wp-json\/wp\/v2\/product_cat?post=743629"},{"taxonomy":"product_tag","embeddable":true,"href":"https:\/\/stoic-curie.212-227-153-4.plesk.page\/hr\/wp-json\/wp\/v2\/product_tag?post=743629"}],"curies":[{"name":"wp","href":"https:\/\/api.w.org\/{rel}","templated":true}]}}