{"id":743631,"date":"2025-03-03T18:35:27","date_gmt":"2025-03-03T17:35:27","guid":{"rendered":"https:\/\/stoic-curie.212-227-153-4.plesk.page\/producto\/marco-up66-e-dx-elektronicka-umpa-pitke-vode\/"},"modified":"2026-02-25T00:01:10","modified_gmt":"2026-02-25T00:01:10","slug":"marco-up66-e-dx-elektronicka-umpa-pitke-vode","status":"publish","type":"product","link":"https:\/\/stoic-curie.212-227-153-4.plesk.page\/hr\/product\/marco-up66-e-dx-elektronicka-umpa-pitke-vode\/","title":{"rendered":"Marco UP66\/e-DX elektroni\u010dka umpa pitke vode"},"content":{"rendered":"<p>Marco UP66\/e-DX elektroni\u010dka umpa pitke vode &#8211; <\/p>\n<p style=\"color: rgb(34, 34, 34); font-family: Arial, Helvetica, sans-serif; font-size: small;\"><strong>MARCO UP66\/E-DX &#8211; Elektroni\u010dka Dvostruka Pumpa &#8211; 17,4 GPM &#8211; 50,8 PSI &#8211; 24V<\/strong><\/p>\n<p style=\"color: rgb(34, 34, 34); font-family: Arial, Helvetica, sans-serif; font-size: small;\">Marco elektroni\u010dki upravljani dualni slatkovodna pumpa opremljena je s dvostrukim PCS kontrolnim panelom, koji omogu\u0107uje daljinsko pra\u0107enje i interakciju s pumpom. Ovaj sustav elektroni\u010dkog upravljanja osigurava optimalnu potro\u0161nju elektri\u010dne energije, smanjene razine buke i dosljednu kontrolu pritiska bez potrebe za akumulatorskim spremnikom. Uz to, opremljen je automatskim mehanizmom za isklju\u010divanje u odsutnosti teku\u0107ine, \u0161to minimizira habanje komponenti i produ\u017euje \u017eivotni vijek sustava. Ova pumpa pogodna je za primjenu u slatkoj i slanoj vodi i radi na univerzalnom 12\/24V napajanju.<\/p>\n<p style=\"color: rgb(34, 34, 34); font-family: Arial, Helvetica, sans-serif; font-size: small;\">Sustav samopodizanja vodene pritisne sustava sadr\u017ei dvije me\u0111usobno povezane pumpe, pri \u010demu se brzina motora elektroni\u010dki kontrolira u odnosu na protok. Ovaj dizajn rezultira ni\u017eom potro\u0161njom energije i razinama buke, dok se eliminira potreba za akumulatorskim spremnikom. Sustav je tako\u0111er za\u0161ti\u0107en od preoptere\u0107enja, a rad pumpe prati dva LED indikatora, uklju\u010duju\u0107i alarm za &#8220;prazni spremnik&#8221; i ure\u0111aj za automatsko isklju\u010divanje.<\/p>\n<p style=\"color: rgb(34, 34, 34); font-family: Arial, Helvetica, sans-serif; font-size: small;\"><strong>Klju\u010dne Zna\u010dajke:<\/strong><\/p>\n<ul style=\"color: rgb(34, 34, 34); font-family: Arial, Helvetica, sans-serif; font-size: small;\">\n<li>Brzina motora prilago\u0111ena prema protoku<\/li>\n<li>Ka\u0161njenje u aktivaciji pomo\u0107ne pumpe<\/li>\n<li>Smanjena potro\u0161nja energije i buka<\/li>\n<li>Nema potrebe za akumulatorskim spremnikom<\/li>\n<li>Za\u0161tita od preoptere\u0107enja<\/li>\n<li>Rad pumpe se prati pomo\u0107u dva LED indikatora<\/li>\n<li>Upozorenje &#8220;prazni spremnik&#8221; i mehanizam isklju\u010divanja<\/li>\n<\/ul>\n<p style=\"color: rgb(34, 34, 34); font-family: Arial, Helvetica, sans-serif; font-size: small;\"><strong>Specifikacije:<\/strong><\/p>\n<ul style=\"color: rgb(34, 34, 34); font-family: Arial, Helvetica, sans-serif; font-size: small;\">\n<li>Napon: 24V<\/li>\n<li>Potro\u0161nja struje: 15A<\/li>\n<li>Vrednovanje osigura\u010da: 25A<\/li>\n<li>Samopodizna sposobnost: 6,6 ft<\/li>\n<li>Protok: 17,4 GPM<\/li>\n<li>Pritisak: 50,8 PSI<\/li>\n<li>Portovi: 3\/4&#8243; BSP<\/li>\n<li>IP Za\u0161titna Klasa: 67<\/li>\n<li>Snaga motora: 180W + 360W<\/li>\n<li>Te\u017eina: 28,7 lbs<\/li>\n<\/ul>\n<p style=\"color: rgb(34, 34, 34); font-family: Arial, Helvetica, sans-serif; font-size: small;\"><strong>Dimenzije:<\/strong><\/p>\n<ul style=\"color: rgb(34, 34, 34); font-family: Arial, Helvetica, sans-serif; font-size: small;\">\n<li>Duljina: 11,6 in (297 mm)<\/li>\n<li>Visina: 11,8 in (300 mm)<\/li>\n<li>\u0160irina: 10,2 in (260 mm)<\/li>\n<\/ul>\n","protected":false},"excerpt":{"rendered":"<p>Marco UP66\/e-DX elektroni\u010dka umpa pitke vode &#8211; MARCO UP66\/E-DX &#8211; Elektroni\u010dka Dvostruka Pumpa &#8211; 17,4 GPM &#8211; 50,8 PSI &#8211;<\/p>\n","protected":false},"featured_media":5945422,"comment_status":"open","ping_status":"closed","template":"","meta":[],"product_brand":[3096],"product_cat":[1660],"product_tag":[],"class_list":{"0":"post-743631","1":"product","2":"type-product","3":"status-publish","4":"has-post-thumbnail","6":"product_brand-marco-hr","7":"product_cat-pumpe-za-tlak-vode","9":"first","10":"instock","11":"shipping-taxable","12":"purchasable","13":"product-type-simple"},"_links":{"self":[{"href":"https:\/\/stoic-curie.212-227-153-4.plesk.page\/hr\/wp-json\/wp\/v2\/product\/743631","targetHints":{"allow":["GET"]}}],"collection":[{"href":"https:\/\/stoic-curie.212-227-153-4.plesk.page\/hr\/wp-json\/wp\/v2\/product"}],"about":[{"href":"https:\/\/stoic-curie.212-227-153-4.plesk.page\/hr\/wp-json\/wp\/v2\/types\/product"}],"replies":[{"embeddable":true,"href":"https:\/\/stoic-curie.212-227-153-4.plesk.page\/hr\/wp-json\/wp\/v2\/comments?post=743631"}],"version-history":[{"count":0,"href":"https:\/\/stoic-curie.212-227-153-4.plesk.page\/hr\/wp-json\/wp\/v2\/product\/743631\/revisions"}],"wp:featuredmedia":[{"embeddable":true,"href":"https:\/\/stoic-curie.212-227-153-4.plesk.page\/hr\/wp-json\/wp\/v2\/media\/5945422"}],"wp:attachment":[{"href":"https:\/\/stoic-curie.212-227-153-4.plesk.page\/hr\/wp-json\/wp\/v2\/media?parent=743631"}],"wp:term":[{"taxonomy":"product_brand","embeddable":true,"href":"https:\/\/stoic-curie.212-227-153-4.plesk.page\/hr\/wp-json\/wp\/v2\/product_brand?post=743631"},{"taxonomy":"product_cat","embeddable":true,"href":"https:\/\/stoic-curie.212-227-153-4.plesk.page\/hr\/wp-json\/wp\/v2\/product_cat?post=743631"},{"taxonomy":"product_tag","embeddable":true,"href":"https:\/\/stoic-curie.212-227-153-4.plesk.page\/hr\/wp-json\/wp\/v2\/product_tag?post=743631"}],"curies":[{"name":"wp","href":"https:\/\/api.w.org\/{rel}","templated":true}]}}