{"id":743637,"date":"2025-03-03T18:35:29","date_gmt":"2025-03-03T17:35:29","guid":{"rendered":"https:\/\/stoic-curie.212-227-153-4.plesk.page\/producto\/ancor-cze-200-pumpa-za-vodu\/"},"modified":"2026-02-25T00:01:10","modified_gmt":"2026-02-25T00:01:10","slug":"ancor-cze-200-pumpa-za-vodu","status":"publish","type":"product","link":"https:\/\/stoic-curie.212-227-153-4.plesk.page\/hr\/product\/ancor-cze-200-pumpa-za-vodu\/","title":{"rendered":"Ancor CZE 200 pumpa za vodu"},"content":{"rendered":"<p>Ancor CZE 200 pumpa za vodu &#8211; <\/p>\n<p>Ova visokokvalitetna pumpa za hla\u0111enje vode predstavlja izvanrednu zamjenu za niz marinskih motora, uklju\u010duju\u0107i i one renomiranih marki kao \u0161to su Iveco, Aifo i Perkins. Izra\u0111ena je od robusnog bron\u010danog ku\u0107i\u0161ta i impelera, a ova pumpa jam\u010di pouzdanu u\u010dinkovitost \u010dak i u te\u0161kim marinskim uvjetima. Posebno je kompatibilna s Aifo referentnim brojem 8009841, \u0161to je \u010dini idealnim izborom za razli\u010dite modele motora. Sljede\u0107i motori su neki od onih kojima je ova pumpa prikladna:<\/p>\n<ul>\n<li>Iveco 821<\/li>\n<li>Iveco 828M<\/li>\n<li>Iveco 828SRM<\/li>\n<\/ul>\n<p>Uz ovu pumpu mo\u017eete osigurati da va\u0161 motor radi u\u010dinkovito i u\u010dinkovito.<\/p>\n","protected":false},"excerpt":{"rendered":"<p>Ancor CZE 200 pumpa za vodu &#8211; Ova visokokvalitetna pumpa za hla\u0111enje vode predstavlja izvanrednu zamjenu za niz marinskih motora,<\/p>\n","protected":false},"featured_media":5945429,"comment_status":"open","ping_status":"closed","template":"","meta":[],"product_brand":[2781],"product_cat":[1809],"product_tag":[],"class_list":{"0":"post-743637","1":"product","2":"type-product","3":"status-publish","4":"has-post-thumbnail","6":"product_brand-ancor-marine-hr","7":"product_cat-pumpe-za-hladenje-motora","9":"first","10":"instock","11":"shipping-taxable","12":"purchasable","13":"product-type-simple"},"_links":{"self":[{"href":"https:\/\/stoic-curie.212-227-153-4.plesk.page\/hr\/wp-json\/wp\/v2\/product\/743637","targetHints":{"allow":["GET"]}}],"collection":[{"href":"https:\/\/stoic-curie.212-227-153-4.plesk.page\/hr\/wp-json\/wp\/v2\/product"}],"about":[{"href":"https:\/\/stoic-curie.212-227-153-4.plesk.page\/hr\/wp-json\/wp\/v2\/types\/product"}],"replies":[{"embeddable":true,"href":"https:\/\/stoic-curie.212-227-153-4.plesk.page\/hr\/wp-json\/wp\/v2\/comments?post=743637"}],"version-history":[{"count":0,"href":"https:\/\/stoic-curie.212-227-153-4.plesk.page\/hr\/wp-json\/wp\/v2\/product\/743637\/revisions"}],"wp:featuredmedia":[{"embeddable":true,"href":"https:\/\/stoic-curie.212-227-153-4.plesk.page\/hr\/wp-json\/wp\/v2\/media\/5945429"}],"wp:attachment":[{"href":"https:\/\/stoic-curie.212-227-153-4.plesk.page\/hr\/wp-json\/wp\/v2\/media?parent=743637"}],"wp:term":[{"taxonomy":"product_brand","embeddable":true,"href":"https:\/\/stoic-curie.212-227-153-4.plesk.page\/hr\/wp-json\/wp\/v2\/product_brand?post=743637"},{"taxonomy":"product_cat","embeddable":true,"href":"https:\/\/stoic-curie.212-227-153-4.plesk.page\/hr\/wp-json\/wp\/v2\/product_cat?post=743637"},{"taxonomy":"product_tag","embeddable":true,"href":"https:\/\/stoic-curie.212-227-153-4.plesk.page\/hr\/wp-json\/wp\/v2\/product_tag?post=743637"}],"curies":[{"name":"wp","href":"https:\/\/api.w.org\/{rel}","templated":true}]}}