{"id":743648,"date":"2025-03-03T18:35:32","date_gmt":"2025-03-03T17:35:32","guid":{"rendered":"https:\/\/stoic-curie.212-227-153-4.plesk.page\/producto\/brodski-brisaci-w10-mtm-24v-osovina-28-mm\/"},"modified":"2026-02-25T00:01:10","modified_gmt":"2026-02-25T00:01:10","slug":"brodski-brisaci-w10-mtm-24v-osovina-28-mm","status":"publish","type":"product","link":"https:\/\/stoic-curie.212-227-153-4.plesk.page\/hr\/product\/brodski-brisaci-w10-mtm-24v-osovina-28-mm\/","title":{"rendered":"Brodski brisa\u010di W10 MTM 24V (osovina 28 mm)"},"content":{"rendered":"<p>Brodski brisa\u010di W10 MTM 24V (osovina 28 mm) &#8211; <\/p>\n<p>Brisa\u010di vjetra za srednje male \u010damce. Vodootporni motor s maksimalnim momentom do 12 Nm. 2 brzine: Sporo 30 brisanja\/min i Brzo 45 brisanja\/min. Podesiv kut brisanja 45\u00b0- 60\u00b0- 80\u00b0- 110\u00b0 (Standardno pode\u0161avanje 110\u00b0). Automatsko parkiranje desno. Standardna osovina 13,8 mm. Treba dopuniti rukom i o\u0161tricom brisa\u010da.<\/p>\n","protected":false},"excerpt":{"rendered":"<p>Brodski brisa\u010di W10 MTM 24V (osovina 28 mm) &#8211; Brisa\u010di vjetra za srednje male \u010damce. Vodootporni motor s maksimalnim momentom<\/p>\n","protected":false},"featured_media":5945438,"comment_status":"open","ping_status":"closed","template":"","meta":[],"product_brand":[3236],"product_cat":[1735],"product_tag":[],"class_list":{"0":"post-743648","1":"product","2":"type-product","3":"status-publish","4":"has-post-thumbnail","6":"product_brand-osculati-hr","7":"product_cat-brisaci-vjetrobranskog-stakla-na-brodu","9":"first","10":"instock","11":"shipping-taxable","12":"purchasable","13":"product-type-simple"},"_links":{"self":[{"href":"https:\/\/stoic-curie.212-227-153-4.plesk.page\/hr\/wp-json\/wp\/v2\/product\/743648","targetHints":{"allow":["GET"]}}],"collection":[{"href":"https:\/\/stoic-curie.212-227-153-4.plesk.page\/hr\/wp-json\/wp\/v2\/product"}],"about":[{"href":"https:\/\/stoic-curie.212-227-153-4.plesk.page\/hr\/wp-json\/wp\/v2\/types\/product"}],"replies":[{"embeddable":true,"href":"https:\/\/stoic-curie.212-227-153-4.plesk.page\/hr\/wp-json\/wp\/v2\/comments?post=743648"}],"version-history":[{"count":0,"href":"https:\/\/stoic-curie.212-227-153-4.plesk.page\/hr\/wp-json\/wp\/v2\/product\/743648\/revisions"}],"wp:featuredmedia":[{"embeddable":true,"href":"https:\/\/stoic-curie.212-227-153-4.plesk.page\/hr\/wp-json\/wp\/v2\/media\/5945438"}],"wp:attachment":[{"href":"https:\/\/stoic-curie.212-227-153-4.plesk.page\/hr\/wp-json\/wp\/v2\/media?parent=743648"}],"wp:term":[{"taxonomy":"product_brand","embeddable":true,"href":"https:\/\/stoic-curie.212-227-153-4.plesk.page\/hr\/wp-json\/wp\/v2\/product_brand?post=743648"},{"taxonomy":"product_cat","embeddable":true,"href":"https:\/\/stoic-curie.212-227-153-4.plesk.page\/hr\/wp-json\/wp\/v2\/product_cat?post=743648"},{"taxonomy":"product_tag","embeddable":true,"href":"https:\/\/stoic-curie.212-227-153-4.plesk.page\/hr\/wp-json\/wp\/v2\/product_tag?post=743648"}],"curies":[{"name":"wp","href":"https:\/\/api.w.org\/{rel}","templated":true}]}}