{"id":743652,"date":"2025-03-03T18:39:05","date_gmt":"2025-03-03T17:39:05","guid":{"rendered":"https:\/\/stoic-curie.212-227-153-4.plesk.page\/producto\/odobrena-sirena-za-brodove-marco-do-20mt-460x200mm-24-v\/"},"modified":"2026-02-25T00:01:10","modified_gmt":"2026-02-25T00:01:10","slug":"odobrena-sirena-za-brodove-marco-do-20mt-460x200mm-24-v","status":"publish","type":"product","link":"https:\/\/stoic-curie.212-227-153-4.plesk.page\/hr\/product\/odobrena-sirena-za-brodove-marco-do-20mt-460x200mm-24-v\/","title":{"rendered":"Odobrena sirena za brodove Marco, do 20mt 460x200mm 24 v"},"content":{"rendered":"<p>Odobrena sirena za brodove Marco, do 20mt 460x200mm 24 v &#8211; <\/p>\n<p>R.I.Na. odobrene bijele lakirane signalne trube za \u010damce od 12 do 20 m. Kompletno s 180W\/2 bara zra\u010dnim kompresorom i mont\u00e1\u017enim priborom.<\/p>\n","protected":false},"excerpt":{"rendered":"<p>Odobrena sirena za brodove Marco, do 20mt 460x200mm 24 v &#8211; R.I.Na. odobrene bijele lakirane signalne trube za \u010damce od<\/p>\n","protected":false},"featured_media":5945446,"comment_status":"open","ping_status":"closed","template":"","meta":[],"product_brand":[3096],"product_cat":[1747],"product_tag":[],"class_list":{"0":"post-743652","1":"product","2":"type-product","3":"status-publish","4":"has-post-thumbnail","6":"product_brand-marco-hr","7":"product_cat-rogovi","9":"first","10":"instock","11":"shipping-taxable","12":"purchasable","13":"product-type-simple"},"_links":{"self":[{"href":"https:\/\/stoic-curie.212-227-153-4.plesk.page\/hr\/wp-json\/wp\/v2\/product\/743652","targetHints":{"allow":["GET"]}}],"collection":[{"href":"https:\/\/stoic-curie.212-227-153-4.plesk.page\/hr\/wp-json\/wp\/v2\/product"}],"about":[{"href":"https:\/\/stoic-curie.212-227-153-4.plesk.page\/hr\/wp-json\/wp\/v2\/types\/product"}],"replies":[{"embeddable":true,"href":"https:\/\/stoic-curie.212-227-153-4.plesk.page\/hr\/wp-json\/wp\/v2\/comments?post=743652"}],"version-history":[{"count":0,"href":"https:\/\/stoic-curie.212-227-153-4.plesk.page\/hr\/wp-json\/wp\/v2\/product\/743652\/revisions"}],"wp:featuredmedia":[{"embeddable":true,"href":"https:\/\/stoic-curie.212-227-153-4.plesk.page\/hr\/wp-json\/wp\/v2\/media\/5945446"}],"wp:attachment":[{"href":"https:\/\/stoic-curie.212-227-153-4.plesk.page\/hr\/wp-json\/wp\/v2\/media?parent=743652"}],"wp:term":[{"taxonomy":"product_brand","embeddable":true,"href":"https:\/\/stoic-curie.212-227-153-4.plesk.page\/hr\/wp-json\/wp\/v2\/product_brand?post=743652"},{"taxonomy":"product_cat","embeddable":true,"href":"https:\/\/stoic-curie.212-227-153-4.plesk.page\/hr\/wp-json\/wp\/v2\/product_cat?post=743652"},{"taxonomy":"product_tag","embeddable":true,"href":"https:\/\/stoic-curie.212-227-153-4.plesk.page\/hr\/wp-json\/wp\/v2\/product_tag?post=743652"}],"curies":[{"name":"wp","href":"https:\/\/api.w.org\/{rel}","templated":true}]}}