{"id":743653,"date":"2025-03-03T18:39:05","date_gmt":"2025-03-03T17:39:05","guid":{"rendered":"https:\/\/stoic-curie.212-227-153-4.plesk.page\/producto\/marco-ehm-elektricni-alarmni-sustav-bez-mikrofona-od-12-v\/"},"modified":"2026-02-25T00:01:10","modified_gmt":"2026-02-25T00:01:10","slug":"marco-ehm-elektricni-alarmni-sustav-bez-mikrofona-od-12-v","status":"publish","type":"product","link":"https:\/\/stoic-curie.212-227-153-4.plesk.page\/hr\/product\/marco-ehm-elektricni-alarmni-sustav-bez-mikrofona-od-12-v\/","title":{"rendered":"Marco EHM elektricni alarmni sustav bez mikrofona od 12 V"},"content":{"rendered":"<p>Marco EHM elektricni alarmni sustav bez mikrofona od 12 V &#8211; <\/p>\n<p>Elektri\u010dni signalni zvi\u017eduk s IP66 vodootpornim zvu\u010dnikom, nosa\u010dem od AISI 316 nehr\u0111aju\u0107eg \u010delika, elektroni\u010dkom karticom i automatskim signalom magle. Verzija 1901812 tako\u0111er dolazi s VHF ulazom i mikrofon.<\/p>\n","protected":false},"excerpt":{"rendered":"<p>Marco EHM elektricni alarmni sustav bez mikrofona od 12 V &#8211; Elektri\u010dni signalni zvi\u017eduk s IP66 vodootpornim zvu\u010dnikom, nosa\u010dem od<\/p>\n","protected":false},"featured_media":5945447,"comment_status":"open","ping_status":"closed","template":"","meta":[],"product_brand":[3096],"product_cat":[1776,1747],"product_tag":[],"class_list":{"0":"post-743653","1":"product","2":"type-product","3":"status-publish","4":"has-post-thumbnail","6":"product_brand-marco-hr","7":"product_cat-oprema-za-signalizaciju","8":"product_cat-rogovi","10":"first","11":"instock","12":"shipping-taxable","13":"purchasable","14":"product-type-simple"},"_links":{"self":[{"href":"https:\/\/stoic-curie.212-227-153-4.plesk.page\/hr\/wp-json\/wp\/v2\/product\/743653","targetHints":{"allow":["GET"]}}],"collection":[{"href":"https:\/\/stoic-curie.212-227-153-4.plesk.page\/hr\/wp-json\/wp\/v2\/product"}],"about":[{"href":"https:\/\/stoic-curie.212-227-153-4.plesk.page\/hr\/wp-json\/wp\/v2\/types\/product"}],"replies":[{"embeddable":true,"href":"https:\/\/stoic-curie.212-227-153-4.plesk.page\/hr\/wp-json\/wp\/v2\/comments?post=743653"}],"version-history":[{"count":0,"href":"https:\/\/stoic-curie.212-227-153-4.plesk.page\/hr\/wp-json\/wp\/v2\/product\/743653\/revisions"}],"wp:featuredmedia":[{"embeddable":true,"href":"https:\/\/stoic-curie.212-227-153-4.plesk.page\/hr\/wp-json\/wp\/v2\/media\/5945447"}],"wp:attachment":[{"href":"https:\/\/stoic-curie.212-227-153-4.plesk.page\/hr\/wp-json\/wp\/v2\/media?parent=743653"}],"wp:term":[{"taxonomy":"product_brand","embeddable":true,"href":"https:\/\/stoic-curie.212-227-153-4.plesk.page\/hr\/wp-json\/wp\/v2\/product_brand?post=743653"},{"taxonomy":"product_cat","embeddable":true,"href":"https:\/\/stoic-curie.212-227-153-4.plesk.page\/hr\/wp-json\/wp\/v2\/product_cat?post=743653"},{"taxonomy":"product_tag","embeddable":true,"href":"https:\/\/stoic-curie.212-227-153-4.plesk.page\/hr\/wp-json\/wp\/v2\/product_tag?post=743653"}],"curies":[{"name":"wp","href":"https:\/\/api.w.org\/{rel}","templated":true}]}}