{"id":743655,"date":"2025-03-03T18:39:06","date_gmt":"2025-03-03T17:39:06","guid":{"rendered":"https:\/\/stoic-curie.212-227-153-4.plesk.page\/producto\/punjac-quick-sbc-140-nrg-12-u-12-ampera\/"},"modified":"2026-02-25T00:01:10","modified_gmt":"2026-02-25T00:01:10","slug":"punjac-quick-sbc-140-nrg-12-u-12-ampera","status":"publish","type":"product","link":"https:\/\/stoic-curie.212-227-153-4.plesk.page\/hr\/product\/punjac-quick-sbc-140-nrg-12-u-12-ampera\/","title":{"rendered":"Punja\u010d Quick SBC 140 NRG+ 12 u 12 ampera"},"content":{"rendered":"<p>Punja\u010d Quick SBC 140 NRG+ 12 u 12 ampera &#8211; <\/p>\n<p>Visoko u\u010dinkoviti SBC NRG+ Low Power punja\u010di za baterije s trostupanjskim IUoU punjenjem. S unutarnjim MOSFET separatorom punjenja i diferenciranim punjenjem za otvorene, zatvorene, GEL ili AGM baterije. Mogu\u0107nost pru\u017eanja pune izlazne snage pri niskom naponu napajanja i mogu\u0107nost kori\u0161tenja punja\u010da baterija kao napajanja bez baterija. Kompatibilno sa svim vrstama generatora i univerzalnim AC napajanjem s jednostavnim konektorima. Za\u0161tita od obrnute polariteta, preoptere\u0107enja, kratkog spoja na izlazu, prenapona na izlazu i pregrijavanja.<\/p>\n","protected":false},"excerpt":{"rendered":"<p>Punja\u010d Quick SBC 140 NRG+ 12 u 12 ampera &#8211; Visoko u\u010dinkoviti SBC NRG+ Low Power punja\u010di za baterije s<\/p>\n","protected":false},"featured_media":5945450,"comment_status":"open","ping_status":"closed","template":"","meta":[],"product_brand":[3281],"product_cat":[1737],"product_tag":[],"class_list":{"0":"post-743655","1":"product","2":"type-product","3":"status-publish","4":"has-post-thumbnail","6":"product_brand-quick-hr","7":"product_cat-punjaci-baterija","9":"first","10":"instock","11":"shipping-taxable","12":"purchasable","13":"product-type-simple"},"_links":{"self":[{"href":"https:\/\/stoic-curie.212-227-153-4.plesk.page\/hr\/wp-json\/wp\/v2\/product\/743655","targetHints":{"allow":["GET"]}}],"collection":[{"href":"https:\/\/stoic-curie.212-227-153-4.plesk.page\/hr\/wp-json\/wp\/v2\/product"}],"about":[{"href":"https:\/\/stoic-curie.212-227-153-4.plesk.page\/hr\/wp-json\/wp\/v2\/types\/product"}],"replies":[{"embeddable":true,"href":"https:\/\/stoic-curie.212-227-153-4.plesk.page\/hr\/wp-json\/wp\/v2\/comments?post=743655"}],"version-history":[{"count":0,"href":"https:\/\/stoic-curie.212-227-153-4.plesk.page\/hr\/wp-json\/wp\/v2\/product\/743655\/revisions"}],"wp:featuredmedia":[{"embeddable":true,"href":"https:\/\/stoic-curie.212-227-153-4.plesk.page\/hr\/wp-json\/wp\/v2\/media\/5945450"}],"wp:attachment":[{"href":"https:\/\/stoic-curie.212-227-153-4.plesk.page\/hr\/wp-json\/wp\/v2\/media?parent=743655"}],"wp:term":[{"taxonomy":"product_brand","embeddable":true,"href":"https:\/\/stoic-curie.212-227-153-4.plesk.page\/hr\/wp-json\/wp\/v2\/product_brand?post=743655"},{"taxonomy":"product_cat","embeddable":true,"href":"https:\/\/stoic-curie.212-227-153-4.plesk.page\/hr\/wp-json\/wp\/v2\/product_cat?post=743655"},{"taxonomy":"product_tag","embeddable":true,"href":"https:\/\/stoic-curie.212-227-153-4.plesk.page\/hr\/wp-json\/wp\/v2\/product_tag?post=743655"}],"curies":[{"name":"wp","href":"https:\/\/api.w.org\/{rel}","templated":true}]}}