{"id":743659,"date":"2025-03-03T18:39:08","date_gmt":"2025-03-03T17:39:08","guid":{"rendered":"https:\/\/stoic-curie.212-227-153-4.plesk.page\/producto\/punjac-quick-sbc-700-nrg-12v-60-ampera\/"},"modified":"2026-02-25T00:01:10","modified_gmt":"2026-02-25T00:01:10","slug":"punjac-quick-sbc-700-nrg-12v-60-ampera","status":"publish","type":"product","link":"https:\/\/stoic-curie.212-227-153-4.plesk.page\/hr\/product\/punjac-quick-sbc-700-nrg-12v-60-ampera\/","title":{"rendered":"Punja\u010d Quick SBC 700 NRG+ 12v 60 ampera"},"content":{"rendered":"<p>Punja\u010d Quick SBC 700 NRG+ 12v 60 ampera &#8211; <\/p>\n<p style=\"color: rgb(34, 34, 34); font-family: Arial, Helvetica, sans-serif; font-size: small;\">Predstavljamo punja\u010d baterija Quick SBC 700 NRG+, mo\u0107an i u\u010dinkovit 12V punja\u010d s maksimalnim izlazom od 60 ampera. Ovaj punja\u010d ima trofazni IUoU sustav punjenja baterija, osiguravaju\u0107i optimalne performanse za razli\u010dite vrste baterija. Nudi specijalizirano punjenje za otvorene teku\u0107e elektrolitske baterije, kao i za zatvorene teku\u0107e elektrolitske, gel ili AGM baterije.<\/p>\n<p style=\"color: rgb(34, 34, 34); font-family: Arial, Helvetica, sans-serif; font-size: small;\">SBC NRG+ je dizajniran za jednostavno kori\u0161tenje, s jednostavnim i prakti\u010dnim sustavom priklju\u010dka za izlaz. Njegov kompaktan i lagan dizajn olak\u0161ava rukovanje. Ovaj punja\u010d srednje snage opremljen je LED indikatorima statusa i gre\u0161aka, zajedno s CAN bus su\u010deljem za besprijekornu prijenos podataka.<\/p>\n<p style=\"color: rgb(34, 34, 34); font-family: Arial, Helvetica, sans-serif; font-size: small;\">Klju\u010dne zna\u010dajke uklju\u010duju unutarnji MOSFET separator za punjenje i diferencirane mogu\u0107nosti punjenja za otvorene, zatvorene, GEL ili AGM baterije. Punja\u010d mo\u017ee isporu\u010diti punu izlaznu snagu \u010dak i pri niskom naponu napajanja i tako\u0111er mo\u017ee funkcionirati kao izvor napajanja bez baterija. Kompatibilan je s bilo kojim generatorom te ima univerzalni ulaz AC napajanja s jednostavnim konektorima.<\/p>\n<p style=\"color: rgb(34, 34, 34); font-family: Arial, Helvetica, sans-serif; font-size: small;\">Sigurnost je prioritet s ugra\u0111enim za\u0161titama od obrnutog polariteta, preoptere\u0107enja, kratkog spoja na izlazu, prekora\u010denja napona na izlazu i pregrijavanja. Za dodatnu udobnost, dostupna je opcionalna daljinska plo\u010da LCD RDS 1562 12\/24V s CAN bus su\u010deljem za daljinsko pra\u0107enje statusa punjenja.<\/p>\n<p style=\"color: rgb(34, 34, 34); font-family: Arial, Helvetica, sans-serif; font-size: small;\"><strong>Tehni\u010dke specifikacije za SBC NRG+ 700:<\/strong><\/p>\n<ul style=\"color: rgb(34, 34, 34); font-family: Arial, Helvetica, sans-serif; font-size: small;\">\n<li><strong>Napon baterije:<\/strong>\u00a012 V<\/li>\n<li><strong>Maksimalna izlazna struja:<\/strong>\u00a060 A<\/li>\n<li><strong>Napon apsorpcije:<\/strong>\n<ul>\n<li>14,1 V (Otvoreni Olovo)<\/li>\n<li>14,4 V (Zatvoreni\/GEL AGM)<\/li>\n<li>14,7 V (Optima)<\/li>\n<li>14,2 V (Li-ion)<\/li>\n<\/ul>\n<\/li>\n<li><strong>Napon plovnosti:<\/strong>\n<ul>\n<li>13,4 V (Otvoreni Olovo)<\/li>\n<li>13,6 V (AGM)<\/li>\n<li>13,8 V (Zatvoreni\/GEL\/Optima)<\/li>\n<li>13,5 V (Li-ion)<\/li>\n<\/ul>\n<\/li>\n<li><strong>Kapacitet baterijskog paketa:<\/strong>\u00a0270 A.h do 600 A.h<\/li>\n<li><strong>Broj izlaza:<\/strong>\u00a03<\/li>\n<li><strong>Napon ulaza:<\/strong>\u00a083 V do 264 V<\/li>\n<li><strong>Frekvencija:<\/strong>\u00a045 Hz do 66 Hz<\/li>\n<li><strong>Hla\u0111enje:<\/strong>\u00a0Prisilno s ventilatorom varijabilne brzine<\/li>\n<li><strong>Dimenzije (\u0160xVxD):<\/strong>\u00a0170 x 391 x 82 mm<\/li>\n<li><strong>Te\u017eina:<\/strong>\u00a03,1 kg<\/li>\n<\/ul>\n<p style=\"color: rgb(34, 34, 34); font-family: Arial, Helvetica, sans-serif; font-size: small;\">Ovaj punja\u010d baterija je izvrstan izbor za entuzijaste plovila koji tra\u017ee pouzdanost i u\u010dinkovitost u svojim rje\u0161enjima punjenja.<\/p>\n","protected":false},"excerpt":{"rendered":"<p>Punja\u010d Quick SBC 700 NRG+ 12v 60 ampera &#8211; Predstavljamo punja\u010d baterija Quick SBC 700 NRG+, mo\u0107an i u\u010dinkovit 12V<\/p>\n","protected":false},"featured_media":5945453,"comment_status":"open","ping_status":"closed","template":"","meta":[],"product_brand":[3281],"product_cat":[1737],"product_tag":[],"class_list":{"0":"post-743659","1":"product","2":"type-product","3":"status-publish","4":"has-post-thumbnail","6":"product_brand-quick-hr","7":"product_cat-punjaci-baterija","9":"first","10":"instock","11":"shipping-taxable","12":"purchasable","13":"product-type-simple"},"_links":{"self":[{"href":"https:\/\/stoic-curie.212-227-153-4.plesk.page\/hr\/wp-json\/wp\/v2\/product\/743659","targetHints":{"allow":["GET"]}}],"collection":[{"href":"https:\/\/stoic-curie.212-227-153-4.plesk.page\/hr\/wp-json\/wp\/v2\/product"}],"about":[{"href":"https:\/\/stoic-curie.212-227-153-4.plesk.page\/hr\/wp-json\/wp\/v2\/types\/product"}],"replies":[{"embeddable":true,"href":"https:\/\/stoic-curie.212-227-153-4.plesk.page\/hr\/wp-json\/wp\/v2\/comments?post=743659"}],"version-history":[{"count":0,"href":"https:\/\/stoic-curie.212-227-153-4.plesk.page\/hr\/wp-json\/wp\/v2\/product\/743659\/revisions"}],"wp:featuredmedia":[{"embeddable":true,"href":"https:\/\/stoic-curie.212-227-153-4.plesk.page\/hr\/wp-json\/wp\/v2\/media\/5945453"}],"wp:attachment":[{"href":"https:\/\/stoic-curie.212-227-153-4.plesk.page\/hr\/wp-json\/wp\/v2\/media?parent=743659"}],"wp:term":[{"taxonomy":"product_brand","embeddable":true,"href":"https:\/\/stoic-curie.212-227-153-4.plesk.page\/hr\/wp-json\/wp\/v2\/product_brand?post=743659"},{"taxonomy":"product_cat","embeddable":true,"href":"https:\/\/stoic-curie.212-227-153-4.plesk.page\/hr\/wp-json\/wp\/v2\/product_cat?post=743659"},{"taxonomy":"product_tag","embeddable":true,"href":"https:\/\/stoic-curie.212-227-153-4.plesk.page\/hr\/wp-json\/wp\/v2\/product_tag?post=743659"}],"curies":[{"name":"wp","href":"https:\/\/api.w.org\/{rel}","templated":true}]}}